{"id":64409,"date":"2024-04-02T10:28:37","date_gmt":"2024-04-02T08:28:37","guid":{"rendered":"https:\/\/world.borealoutdoor.com\/product\/brenta\/"},"modified":"2024-04-09T11:20:19","modified_gmt":"2024-04-09T09:20:19","slug":"brenta","status":"publish","type":"product","link":"https:\/\/world.borealoutdoor.com\/fr\/produit\/brenta\/","title":{"rendered":"BRENTA"},"content":{"rendered":"<p>La Brenta est le premier choix pour les via ferrata de haute altitude. Ce type de chaussures doit \u00eatre confortable pour les longues approches, compatible avec des crampons pour traverser les n\u00e9v\u00e9s et doit \u00e9galement \u00eatre pr\u00e9cis pour les passages techniques. La Brenta a donc \u00e9t\u00e9 con\u00e7ue pour r\u00e9pondre \u00e0 tous ces crit\u00e8res.<\/p>\n","protected":false},"excerpt":{"rendered":"<p>La Brenta est le premier choix pour les via ferrata de haute altitude. Ce type de chaussures doit \u00eatre confortable pour les longues approches, compatible avec des crampons pour traverser les n\u00e9v\u00e9s et doit \u00e9galement \u00eatre pr\u00e9cis pour les passages [&hellip;]<\/p>\n","protected":false},"featured_media":55712,"comment_status":"closed","ping_status":"open","template":"","meta":[],"product_cat":[369,378],"product_tag":[],"yoast_head":"<!-- This site is optimized with the Yoast SEO plugin v21.8.1 - https:\/\/yoast.com\/wordpress\/plugins\/seo\/ -->\n<title>BRENTA - Boreal World<\/title>\n<meta name=\"robots\" content=\"index, follow, max-snippet:-1, max-image-preview:large, max-video-preview:-1\" \/>\n<link rel=\"canonical\" href=\"https:\/\/world.borealoutdoor.com\/fr\/produit\/brenta\/\" \/>\n<meta property=\"og:locale\" content=\"fr_FR\" \/>\n<meta property=\"og:type\" content=\"article\" \/>\n<meta property=\"og:title\" content=\"BRENTA - Boreal World\" \/>\n<meta property=\"og:description\" content=\"La Brenta est le premier choix pour les via ferrata de haute altitude. Ce type de chaussures doit \u00eatre confortable pour les longues approches, compatible avec des crampons pour traverser les n\u00e9v\u00e9s et doit \u00e9galement \u00eatre pr\u00e9cis pour les passages [&hellip;]\" \/>\n<meta property=\"og:url\" content=\"https:\/\/world.borealoutdoor.com\/fr\/produit\/brenta\/\" \/>\n<meta property=\"og:site_name\" content=\"Boreal World\" \/>\n<meta property=\"article:publisher\" content=\"https:\/\/www.facebook.com\/Boreal.official\/\" \/>\n<meta property=\"article:modified_time\" content=\"2024-04-09T09:20:19+00:00\" \/>\n<meta property=\"og:image\" content=\"https:\/\/world.borealoutdoor.com\/wp-content\/uploads\/sites\/7\/2024\/04\/47261.jpg\" \/>\n\t<meta property=\"og:image:width\" content=\"1000\" \/>\n\t<meta property=\"og:image:height\" content=\"1000\" \/>\n\t<meta property=\"og:image:type\" content=\"image\/jpeg\" \/>\n<meta name=\"twitter:card\" content=\"summary_large_image\" \/>\n<meta name=\"twitter:site\" content=\"@borealoutdoor\" \/>\n<script type=\"application\/ld+json\" class=\"yoast-schema-graph\">{\"@context\":\"https:\/\/schema.org\",\"@graph\":[{\"@type\":\"WebPage\",\"@id\":\"https:\/\/world.borealoutdoor.com\/fr\/produit\/brenta\/\",\"url\":\"https:\/\/world.borealoutdoor.com\/fr\/produit\/brenta\/\",\"name\":\"BRENTA - Boreal World\",\"isPartOf\":{\"@id\":\"https:\/\/world.borealoutdoor.com\/fr\/#website\"},\"datePublished\":\"2024-04-02T08:28:37+00:00\",\"dateModified\":\"2024-04-09T09:20:19+00:00\",\"breadcrumb\":{\"@id\":\"https:\/\/world.borealoutdoor.com\/fr\/produit\/brenta\/#breadcrumb\"},\"inLanguage\":\"fr-FR\",\"potentialAction\":[{\"@type\":\"ReadAction\",\"target\":[\"https:\/\/world.borealoutdoor.com\/fr\/produit\/brenta\/\"]}]},{\"@type\":\"BreadcrumbList\",\"@id\":\"https:\/\/world.borealoutdoor.com\/fr\/produit\/brenta\/#breadcrumb\",\"itemListElement\":[{\"@type\":\"ListItem\",\"position\":1,\"name\":\"Portada\",\"item\":\"https:\/\/world.borealoutdoor.com\/fr\/\"},{\"@type\":\"ListItem\",\"position\":2,\"name\":\"Shop\",\"item\":\"https:\/\/world.borealoutdoor.com\/?page_id=8770\"},{\"@type\":\"ListItem\",\"position\":3,\"name\":\"BRENTA\"}]},{\"@type\":\"WebSite\",\"@id\":\"https:\/\/world.borealoutdoor.com\/fr\/#website\",\"url\":\"https:\/\/world.borealoutdoor.com\/fr\/\",\"name\":\"Boreal\",\"description\":\"\",\"publisher\":{\"@id\":\"https:\/\/world.borealoutdoor.com\/fr\/#organization\"},\"potentialAction\":[{\"@type\":\"SearchAction\",\"target\":{\"@type\":\"EntryPoint\",\"urlTemplate\":\"https:\/\/world.borealoutdoor.com\/fr\/?s={search_term_string}\"},\"query-input\":\"required name=search_term_string\"}],\"inLanguage\":\"fr-FR\"},{\"@type\":\"Organization\",\"@id\":\"https:\/\/world.borealoutdoor.com\/fr\/#organization\",\"name\":\"Boreal\",\"url\":\"https:\/\/world.borealoutdoor.com\/fr\/\",\"logo\":{\"@type\":\"ImageObject\",\"inLanguage\":\"fr-FR\",\"@id\":\"https:\/\/world.borealoutdoor.com\/fr\/#\/schema\/logo\/image\/\",\"url\":\"https:\/\/world.borealoutdoor.com\/wp-content\/uploads\/sites\/7\/2023\/11\/logo-vertical2.png\",\"contentUrl\":\"https:\/\/world.borealoutdoor.com\/wp-content\/uploads\/sites\/7\/2023\/11\/logo-vertical2.png\",\"width\":257,\"height\":168,\"caption\":\"Boreal\"},\"image\":{\"@id\":\"https:\/\/world.borealoutdoor.com\/fr\/#\/schema\/logo\/image\/\"},\"sameAs\":[\"https:\/\/www.facebook.com\/Boreal.official\/\",\"https:\/\/twitter.com\/borealoutdoor\",\"https:\/\/www.youtube.com\/user\/BorealVideos\",\"https:\/\/www.instagram.com\/borealoutdoor\/\"]}]}<\/script>\n<!-- \/ Yoast SEO plugin. -->","yoast_head_json":{"title":"BRENTA - Boreal World","robots":{"index":"index","follow":"follow","max-snippet":"max-snippet:-1","max-image-preview":"max-image-preview:large","max-video-preview":"max-video-preview:-1"},"canonical":"https:\/\/world.borealoutdoor.com\/fr\/produit\/brenta\/","og_locale":"fr_FR","og_type":"article","og_title":"BRENTA - Boreal World","og_description":"La Brenta est le premier choix pour les via ferrata de haute altitude. Ce type de chaussures doit \u00eatre confortable pour les longues approches, compatible avec des crampons pour traverser les n\u00e9v\u00e9s et doit \u00e9galement \u00eatre pr\u00e9cis pour les passages [&hellip;]","og_url":"https:\/\/world.borealoutdoor.com\/fr\/produit\/brenta\/","og_site_name":"Boreal World","article_publisher":"https:\/\/www.facebook.com\/Boreal.official\/","article_modified_time":"2024-04-09T09:20:19+00:00","og_image":[{"width":1000,"height":1000,"url":"https:\/\/world.borealoutdoor.com\/wp-content\/uploads\/sites\/7\/2024\/04\/47261.jpg","type":"image\/jpeg"}],"twitter_card":"summary_large_image","twitter_site":"@borealoutdoor","schema":{"@context":"https:\/\/schema.org","@graph":[{"@type":"WebPage","@id":"https:\/\/world.borealoutdoor.com\/fr\/produit\/brenta\/","url":"https:\/\/world.borealoutdoor.com\/fr\/produit\/brenta\/","name":"BRENTA - Boreal World","isPartOf":{"@id":"https:\/\/world.borealoutdoor.com\/fr\/#website"},"datePublished":"2024-04-02T08:28:37+00:00","dateModified":"2024-04-09T09:20:19+00:00","breadcrumb":{"@id":"https:\/\/world.borealoutdoor.com\/fr\/produit\/brenta\/#breadcrumb"},"inLanguage":"fr-FR","potentialAction":[{"@type":"ReadAction","target":["https:\/\/world.borealoutdoor.com\/fr\/produit\/brenta\/"]}]},{"@type":"BreadcrumbList","@id":"https:\/\/world.borealoutdoor.com\/fr\/produit\/brenta\/#breadcrumb","itemListElement":[{"@type":"ListItem","position":1,"name":"Portada","item":"https:\/\/world.borealoutdoor.com\/fr\/"},{"@type":"ListItem","position":2,"name":"Shop","item":"https:\/\/world.borealoutdoor.com\/?page_id=8770"},{"@type":"ListItem","position":3,"name":"BRENTA"}]},{"@type":"WebSite","@id":"https:\/\/world.borealoutdoor.com\/fr\/#website","url":"https:\/\/world.borealoutdoor.com\/fr\/","name":"Boreal","description":"","publisher":{"@id":"https:\/\/world.borealoutdoor.com\/fr\/#organization"},"potentialAction":[{"@type":"SearchAction","target":{"@type":"EntryPoint","urlTemplate":"https:\/\/world.borealoutdoor.com\/fr\/?s={search_term_string}"},"query-input":"required name=search_term_string"}],"inLanguage":"fr-FR"},{"@type":"Organization","@id":"https:\/\/world.borealoutdoor.com\/fr\/#organization","name":"Boreal","url":"https:\/\/world.borealoutdoor.com\/fr\/","logo":{"@type":"ImageObject","inLanguage":"fr-FR","@id":"https:\/\/world.borealoutdoor.com\/fr\/#\/schema\/logo\/image\/","url":"https:\/\/world.borealoutdoor.com\/wp-content\/uploads\/sites\/7\/2023\/11\/logo-vertical2.png","contentUrl":"https:\/\/world.borealoutdoor.com\/wp-content\/uploads\/sites\/7\/2023\/11\/logo-vertical2.png","width":257,"height":168,"caption":"Boreal"},"image":{"@id":"https:\/\/world.borealoutdoor.com\/fr\/#\/schema\/logo\/image\/"},"sameAs":["https:\/\/www.facebook.com\/Boreal.official\/","https:\/\/twitter.com\/borealoutdoor","https:\/\/www.youtube.com\/user\/BorealVideos","https:\/\/www.instagram.com\/borealoutdoor\/"]}]}},"_links":{"self":[{"href":"https:\/\/world.borealoutdoor.com\/fr\/wp-json\/wp\/v2\/product\/64409"}],"collection":[{"href":"https:\/\/world.borealoutdoor.com\/fr\/wp-json\/wp\/v2\/product"}],"about":[{"href":"https:\/\/world.borealoutdoor.com\/fr\/wp-json\/wp\/v2\/types\/product"}],"replies":[{"embeddable":true,"href":"https:\/\/world.borealoutdoor.com\/fr\/wp-json\/wp\/v2\/comments?post=64409"}],"wp:featuredmedia":[{"embeddable":true,"href":"https:\/\/world.borealoutdoor.com\/fr\/wp-json\/wp\/v2\/media\/55712"}],"wp:attachment":[{"href":"https:\/\/world.borealoutdoor.com\/fr\/wp-json\/wp\/v2\/media?parent=64409"}],"wp:term":[{"taxonomy":"product_cat","embeddable":true,"href":"https:\/\/world.borealoutdoor.com\/fr\/wp-json\/wp\/v2\/product_cat?post=64409"},{"taxonomy":"product_tag","embeddable":true,"href":"https:\/\/world.borealoutdoor.com\/fr\/wp-json\/wp\/v2\/product_tag?post=64409"}],"curies":[{"name":"wp","href":"https:\/\/api.w.org\/{rel}","templated":true}]}}