{"id":65802,"date":"2023-01-16T09:51:59","date_gmt":"2023-01-16T08:51:59","guid":{"rendered":"https:\/\/world.borealoutdoor.com\/politique-des-cookies\/"},"modified":"2024-04-10T13:29:04","modified_gmt":"2024-04-10T11:29:04","slug":"politique-des-cookies","status":"publish","type":"page","link":"https:\/\/world.borealoutdoor.com\/fr\/politique-des-cookies\/","title":{"rendered":"Politique des cookies"},"content":{"rendered":"\n<h1 class=\"wp-block-heading\">POLITIQUE DES COOKIES<\/h1>\n\n<p><strong>1. ANT\u00c9C\u00c9DENTS<\/strong><\/p>\n\n<p>Conform\u00e9ment \u00e0 la r\u00e9glementation espagnole r\u00e9gissant l&rsquo;utilisation des cookies en relation avec la fourniture de services de communications \u00e9lectroniques, telle que d\u00e9finie \u00e0 l&rsquo;article 22.2 de la loi 34\/2002 du 11 juillet sur les services de la soci\u00e9t\u00e9 de l&rsquo;information et du commerce \u00e9lectronique, nous vous informons sur les cookies utilis\u00e9s sur le site web de CALZADOS BOREAL, S.L. et la raison de leur utilisation.<\/p>\n\n<p><strong>2. QU&rsquo;EST-CE QUE LES COOKIES?<\/strong><\/p>\n\n<p>Un cookie est un fichier t\u00e9l\u00e9charg\u00e9 sur votre ordinateur lorsque vous acc\u00e9dez \u00e0 certaines pages web. Les cookies permettent \u00e0 un site web, entre autres choses, de stocker et de r\u00e9cup\u00e9rer des informations sur les habitudes de navigation d&rsquo;un utilisateur ou de son \u00e9quipement et, en fonction des informations qu&rsquo;ils contiennent et de la mani\u00e8re dont vous utilisez votre \u00e9quipement, ils peuvent \u00eatre utilis\u00e9s pour reconna\u00eetre l&rsquo;utilisateur. Les cookies sont associ\u00e9s uniquement \u00e0 un utilisateur anonyme et \u00e0 son ordinateur ou appareil, et ne fournissent pas de r\u00e9f\u00e9rences permettant de conna\u00eetre ses donn\u00e9es personnelles.   <\/p>\n\n<p><strong>3. TYPES DE COOKIES<\/strong><\/p>\n\n<p><strong>3.1. Selon l&rsquo;entit\u00e9 qui les g\u00e8re<\/strong><\/p>\n\n<p>a. Cookies propri\u00e9taires : Ce sont ceux qui sont envoy\u00e9s \u00e0 l&rsquo;\u00e9quipement terminal de l&rsquo;utilisateur \u00e0 partir d&rsquo;un \u00e9quipement ou domaine g\u00e9r\u00e9 par l&rsquo;\u00e9diteur lui-m\u00eame et \u00e0 partir duquel le service demand\u00e9 par l&rsquo;utilisateur est fourni. <\/p>\n\n<p>b. Cookies tiers : Ce sont ceux qui sont envoy\u00e9s \u00e0 l&rsquo;\u00e9quipement terminal de l&rsquo;utilisateur \u00e0 partir d&rsquo;un \u00e9quipement ou domaine qui n&rsquo;est pas g\u00e9r\u00e9 par l&rsquo;\u00e9diteur, mais par une autre entit\u00e9 qui traite les donn\u00e9es obtenues via les cookies. <\/p>\n\n<p><strong>3.2. Selon la finalit\u00e9<\/strong><\/p>\n\n<p>Il existe de nombreuses finalit\u00e9s pour l&rsquo;utilisation des cookies. Selon la finalit\u00e9 pour laquelle les donn\u00e9es obtenues via les cookies sont trait\u00e9es, certaines des finalit\u00e9s peuvent \u00eatre : <\/p>\n\n<p>a) a) Cookies techniques : Ce sont ceux qui permettent \u00e0 l&rsquo;utilisateur de naviguer sur un site web, une plateforme ou une application et d&rsquo;utiliser les diff\u00e9rentes options ou services qui y sont propos\u00e9s, y compris ceux que l&rsquo;\u00e9diteur utilise pour g\u00e9rer et faire fonctionner le site web, et activer ses fonctions et services, tels que le contr\u00f4le du trafic et de la communication des donn\u00e9es, l&rsquo;identification de la session, l&rsquo;acc\u00e8s \u00e0 des parties \u00e0 acc\u00e8s restreint, le rappel des \u00e9l\u00e9ments constituant une commande, le processus d&rsquo;achat d&rsquo;une commande, la gestion du paiement, le contr\u00f4le de la fraude li\u00e9e \u00e0 la s\u00e9curit\u00e9 du service, la demande d&rsquo;inscription ou de participation \u00e0 un \u00e9v\u00e9nement, le comptage des visites \u00e0 des fins de facturation des licences du logiciel utilis\u00e9 par le service (site web, plateforme ou application), l&rsquo;utilisation d&rsquo;\u00e9l\u00e9ments de s\u00e9curit\u00e9 pendant la navigation, le stockage de contenus pour la diffusion de vid\u00e9os ou de son, l&rsquo;activation de contenus dynamiques (par exemple, l&rsquo;animation de chargement d&rsquo;un texte ou d&rsquo;une image) ou le partage de contenus via les r\u00e9seaux sociaux. Les cookies techniques seront exempt\u00e9s de l&rsquo;obligation \u00e9nonc\u00e9e \u00e0 l&rsquo;article 22.2 de la LSSI lorsqu&rsquo;ils permettent de fournir le service demand\u00e9 par l&rsquo;utilisateur, comme c&rsquo;est le cas des cookies \u00e9num\u00e9r\u00e9s dans les paragraphes pr\u00e9c\u00e9dents. Cependant, si ces cookies sont \u00e9galement utilis\u00e9s \u00e0 des fins non exemptes (par exemple, \u00e0 des fins publicitaires comportementales), ils seront soumis \u00e0 ces obligations.  <\/p>\n\n<p>b) Cookies de pr\u00e9f\u00e9rences ou de personnalisation : Ce sont ceux qui permettent de se souvenir d&rsquo;informations afin que l&rsquo;utilisateur puisse acc\u00e9der au service avec certaines caract\u00e9ristiques qui peuvent diff\u00e9rencier son exp\u00e9rience de celle des autres utilisateurs, comme la langue, le nombre de r\u00e9sultats \u00e0 afficher lors d&rsquo;une recherche, l&rsquo;aspect ou le contenu du service en fonction du type de navigateur avec lequel l&rsquo;utilisateur acc\u00e8de au service ou de la r\u00e9gion \u00e0 partir de laquelle il acc\u00e8de au service, etc. Si c&rsquo;est l&rsquo;utilisateur lui-m\u00eame qui choisit ces caract\u00e9ristiques (par exemple, s&rsquo;il s\u00e9lectionne la langue d&rsquo;un site web en cliquant sur l&rsquo;ic\u00f4ne du drapeau du pays correspondant), les cookies seront exempt\u00e9s des obligations de l&rsquo;article 22.2 de la LSSI car ils sont consid\u00e9r\u00e9s comme un service express\u00e9ment demand\u00e9 par l&rsquo;utilisateur, \u00e0 condition que les cookies ob\u00e9issent exclusivement \u00e0 la finalit\u00e9 s\u00e9lectionn\u00e9e. <\/p>\n\n<p>c) Cookies d&rsquo;analyse ou de mesure : Ce sont ceux qui permettent au responsable de les suivre et d&rsquo;analyser le comportement des utilisateurs des sites web auxquels ils sont li\u00e9s, y compris la quantification des impacts des publicit\u00e9s. Les informations collect\u00e9es par ce type de cookies sont utilis\u00e9es pour mesurer l&rsquo;activit\u00e9 des sites web, applications ou plateformes, dans le but d&rsquo;introduire des am\u00e9liorations en fonction de l&rsquo;analyse des donn\u00e9es d&rsquo;utilisation par les utilisateurs du service. <\/p>\n\n<p>d) Cookies publicitaires comportementales : Ce sont ceux qui stockent des informations sur le comportement des utilisateurs obtenues par l&rsquo;observation continue de leurs habitudes de navigation, ce qui permet de d\u00e9velopper un profil sp\u00e9cifique pour afficher de la publicit\u00e9 en fonction de celui-ci.<\/p>\n\n<p><strong>3.3. According to the duration of their activation<\/strong><\/p>\n\n<p>a) Cookies de session : Ce sont celles con\u00e7ues pour collecter et stocker des donn\u00e9es pendant que l&rsquo;utilisateur acc\u00e8de \u00e0 un site web. Elles sont g\u00e9n\u00e9ralement utilis\u00e9es pour stocker des informations qui ne doivent \u00eatre conserv\u00e9es que pour la fourniture du service demand\u00e9 par l&rsquo;utilisateur en une seule occasion (par exemple, une liste de produits achet\u00e9s) et disparaissent \u00e0 la fin de la session. <\/p>\n\n<p>b) Cookies persistantes : Ce sont celles dans lesquelles les donn\u00e9es restent stock\u00e9es sur le terminal et peuvent \u00eatre consult\u00e9es et trait\u00e9es pendant une p\u00e9riode d\u00e9finie par le responsable du cookie, qui peut aller de quelques minutes \u00e0 plusieurs ann\u00e9es.<\/p>\n\n<p><strong>4. LISTE DES COOKIES UTILIS\u00c9ES PAR CE SITE WEB<\/strong><\/p>\n\n<p>L&rsquo;utilisation de cookies offre des avantages dans la prestation de services au sein de ce qu&rsquo;on appelle la soci\u00e9t\u00e9 de l&rsquo;information, car elle facilite la navigation de l&rsquo;utilisateur et l&rsquo;acc\u00e8s aux diff\u00e9rents services offerts par ce site web ; elle \u00e9vite \u00e0 l&rsquo;utilisateur d&rsquo;avoir \u00e0 configurer les caract\u00e9ristiques g\u00e9n\u00e9rales pr\u00e9d\u00e9finies \u00e0 chaque fois qu&rsquo;il acc\u00e8de au site web ; elle favorise l&rsquo;am\u00e9lioration du fonctionnement et des services fournis via ce site web, suite \u00e0 l&rsquo;analyse correspondante des informations obtenues gr\u00e2ce aux cookies install\u00e9s.<\/p>\n\n<p>Plus pr\u00e9cis\u00e9ment, ce site web utilise les cookies suivants :<\/p>\n\n<figure class=\"wp-block-table\"><table><thead><tr><td><strong>Nom<\/strong><\/td><td><strong>Entit\u00e9<\/strong><\/td><td><strong>Expiration<\/strong><\/td><td><strong>Objectif<\/strong><\/td><\/tr><\/thead><tbody><tr><td>_ga<\/td><td>Tiers (Google Analytics)<\/td><td>2 ans<\/td><td>Statistiques. Utilis\u00e9 pour stocker et compter les pages vues. <\/td><\/tr><tr><td>_gat<\/td><td>Tiers (Google Analytics)<\/td><td>30 minutes<\/td><td>Statistiques. Utilis\u00e9 pour lire et filtrer les requ\u00eates des robots. <\/td><\/tr><tr><td>_gid<\/td><td>Tiers (Google Analytics)<\/td><td>Fin de session<\/td><td>Statistiques. Configur\u00e9 pour stocker et compter les pages vues. <\/td><\/tr><tr><td>wp-wpml_current_language<\/td><td><\/td><td>1 jour<\/td><td>Fonctionnel. Pour sauvegarder les param\u00e8tres linguistiques. <\/td><\/tr><tr><td>cmplz_consented_services<\/td><td><\/td><td>1 an<\/td><td>Fonctionnel. Pour sauvegarder les pr\u00e9f\u00e9rences de consentement aux cookies. <\/td><\/tr><tr><td>cmplz_functional<\/td><td><\/td><td>1 an<\/td><td>Fonctionnel. Pour sauvegarder les pr\u00e9f\u00e9rences de consentement aux cookies. <\/td><\/tr><tr><td>cmplz_marketing<\/td><td><\/td><td>1 an<\/td><td>Fonctionnel. Pour sauvegarder les pr\u00e9f\u00e9rences de consentement aux cookies. <\/td><\/tr><tr><td>cmplz_policy_id<\/td><td><\/td><td>1 an<\/td><td>Fonctionnel. Pour sauvegarder l&rsquo;ID de la politique de cookies accept\u00e9e. <\/td><\/tr><tr><td>cmplz_preferences<\/td><td><\/td><td>1 an<\/td><td>Fonctionnel. Pour sauvegarder les pr\u00e9f\u00e9rences de consentement aux cookies. <\/td><\/tr><tr><td>cmplz_statistics<\/td><td><\/td><td>1 an<\/td><td>Fonctionnel. Pour sauvegarder les pr\u00e9f\u00e9rences de consentement aux cookies. <\/td><\/tr><\/tbody><\/table><\/figure>\n\n<p><strong>5. R\u00c9VOCATION ET SUPPRESSION DES COOKIES<\/strong><\/p>\n\n<p>\u00c0 tout moment, vous pouvez acc\u00e9der aux param\u00e8tres de votre navigateur pour accepter ou refuser tous les cookies, ou choisir ceux dont l&rsquo;installation est autoris\u00e9e et ceux qui ne le sont pas, en suivant les proc\u00e9dures propres au navigateur que vous utilisez.<\/p>\n\n<p><strong>6. PRESTATAIRES DE SERVICES TIERS<\/strong><\/p>\n\n<p>Les prestataires de services tiers avec lesquels nous avons contract\u00e9 un service n\u00e9cessitant l&rsquo;utilisation de cookies sont \u00e9num\u00e9r\u00e9s ci-dessous :<\/p>\n\n<figure class=\"wp-block-table\"><table><thead><tr><td><strong>Fournisseur<\/strong><\/td><td><strong>Objectif du service et du cookie<\/strong><\/td><td><strong>Informations sur le fournisseur<\/strong><\/td><\/tr><\/thead><tbody><tr><td>GOOGLE Inc.<\/td><td>Analyse statistique du site web en termes de comptage des visiteurs, pages visit\u00e9es, mots-cl\u00e9s utilis\u00e9s, et similaires.<\/td><td>http:\/\/www.google.fr\/intl\/fr\/policies\/privacy\/<\/td><\/tr><\/tbody><\/table><\/figure>\n","protected":false},"excerpt":{"rendered":"<p>POLITIQUE DES COOKIES 1. ANT\u00c9C\u00c9DENTS Conform\u00e9ment \u00e0 la r\u00e9glementation espagnole r\u00e9gissant l&rsquo;utilisation des cookies en relation avec la fourniture de services de communications \u00e9lectroniques, telle que d\u00e9finie \u00e0 l&rsquo;article 22.2 de la loi 34\/2002 du 11 juillet sur les services [&hellip;]<\/p>\n","protected":false},"author":1,"featured_media":0,"parent":0,"menu_order":0,"comment_status":"closed","ping_status":"closed","template":"","meta":[],"yoast_head":"<!-- This site is optimized with the Yoast SEO plugin v21.8.1 - https:\/\/yoast.com\/wordpress\/plugins\/seo\/ -->\n<title>Politique des cookies - Boreal World<\/title>\n<meta name=\"robots\" content=\"index, follow, max-snippet:-1, max-image-preview:large, max-video-preview:-1\" \/>\n<link rel=\"canonical\" href=\"https:\/\/world.borealoutdoor.com\/fr\/politique-des-cookies\/\" \/>\n<meta property=\"og:locale\" content=\"fr_FR\" \/>\n<meta property=\"og:type\" content=\"article\" \/>\n<meta property=\"og:title\" content=\"Politique des cookies - Boreal World\" \/>\n<meta property=\"og:description\" content=\"POLITIQUE DES COOKIES 1. ANT\u00c9C\u00c9DENTS Conform\u00e9ment \u00e0 la r\u00e9glementation espagnole r\u00e9gissant l&rsquo;utilisation des cookies en relation avec la fourniture de services de communications \u00e9lectroniques, telle que d\u00e9finie \u00e0 l&rsquo;article 22.2 de la loi 34\/2002 du 11 juillet sur les services [&hellip;]\" \/>\n<meta property=\"og:url\" content=\"https:\/\/world.borealoutdoor.com\/fr\/politique-des-cookies\/\" \/>\n<meta property=\"og:site_name\" content=\"Boreal World\" \/>\n<meta property=\"article:publisher\" content=\"https:\/\/www.facebook.com\/Boreal.official\/\" \/>\n<meta property=\"article:modified_time\" content=\"2024-04-10T11:29:04+00:00\" \/>\n<meta name=\"twitter:card\" content=\"summary_large_image\" \/>\n<meta name=\"twitter:site\" content=\"@borealoutdoor\" \/>\n<meta name=\"twitter:label1\" content=\"Dur\u00e9e de lecture estim\u00e9e\" \/>\n\t<meta name=\"twitter:data1\" content=\"7 minutes\" \/>\n<script type=\"application\/ld+json\" class=\"yoast-schema-graph\">{\"@context\":\"https:\/\/schema.org\",\"@graph\":[{\"@type\":\"WebPage\",\"@id\":\"https:\/\/world.borealoutdoor.com\/fr\/politique-des-cookies\/\",\"url\":\"https:\/\/world.borealoutdoor.com\/fr\/politique-des-cookies\/\",\"name\":\"Politique des cookies - Boreal World\",\"isPartOf\":{\"@id\":\"https:\/\/world.borealoutdoor.com\/fr\/#website\"},\"datePublished\":\"2023-01-16T08:51:59+00:00\",\"dateModified\":\"2024-04-10T11:29:04+00:00\",\"breadcrumb\":{\"@id\":\"https:\/\/world.borealoutdoor.com\/fr\/politique-des-cookies\/#breadcrumb\"},\"inLanguage\":\"fr-FR\",\"potentialAction\":[{\"@type\":\"ReadAction\",\"target\":[\"https:\/\/world.borealoutdoor.com\/fr\/politique-des-cookies\/\"]}]},{\"@type\":\"BreadcrumbList\",\"@id\":\"https:\/\/world.borealoutdoor.com\/fr\/politique-des-cookies\/#breadcrumb\",\"itemListElement\":[{\"@type\":\"ListItem\",\"position\":1,\"name\":\"Portada\",\"item\":\"https:\/\/world.borealoutdoor.com\/fr\/\"},{\"@type\":\"ListItem\",\"position\":2,\"name\":\"Politique des cookies\"}]},{\"@type\":\"WebSite\",\"@id\":\"https:\/\/world.borealoutdoor.com\/fr\/#website\",\"url\":\"https:\/\/world.borealoutdoor.com\/fr\/\",\"name\":\"Boreal\",\"description\":\"\",\"publisher\":{\"@id\":\"https:\/\/world.borealoutdoor.com\/fr\/#organization\"},\"potentialAction\":[{\"@type\":\"SearchAction\",\"target\":{\"@type\":\"EntryPoint\",\"urlTemplate\":\"https:\/\/world.borealoutdoor.com\/fr\/?s={search_term_string}\"},\"query-input\":\"required name=search_term_string\"}],\"inLanguage\":\"fr-FR\"},{\"@type\":\"Organization\",\"@id\":\"https:\/\/world.borealoutdoor.com\/fr\/#organization\",\"name\":\"Boreal\",\"url\":\"https:\/\/world.borealoutdoor.com\/fr\/\",\"logo\":{\"@type\":\"ImageObject\",\"inLanguage\":\"fr-FR\",\"@id\":\"https:\/\/world.borealoutdoor.com\/fr\/#\/schema\/logo\/image\/\",\"url\":\"https:\/\/world.borealoutdoor.com\/wp-content\/uploads\/sites\/7\/2023\/11\/logo-vertical2.png\",\"contentUrl\":\"https:\/\/world.borealoutdoor.com\/wp-content\/uploads\/sites\/7\/2023\/11\/logo-vertical2.png\",\"width\":257,\"height\":168,\"caption\":\"Boreal\"},\"image\":{\"@id\":\"https:\/\/world.borealoutdoor.com\/fr\/#\/schema\/logo\/image\/\"},\"sameAs\":[\"https:\/\/www.facebook.com\/Boreal.official\/\",\"https:\/\/twitter.com\/borealoutdoor\",\"https:\/\/www.youtube.com\/user\/BorealVideos\",\"https:\/\/www.instagram.com\/borealoutdoor\/\"]}]}<\/script>\n<!-- \/ Yoast SEO plugin. -->","yoast_head_json":{"title":"Politique des cookies - Boreal World","robots":{"index":"index","follow":"follow","max-snippet":"max-snippet:-1","max-image-preview":"max-image-preview:large","max-video-preview":"max-video-preview:-1"},"canonical":"https:\/\/world.borealoutdoor.com\/fr\/politique-des-cookies\/","og_locale":"fr_FR","og_type":"article","og_title":"Politique des cookies - Boreal World","og_description":"POLITIQUE DES COOKIES 1. ANT\u00c9C\u00c9DENTS Conform\u00e9ment \u00e0 la r\u00e9glementation espagnole r\u00e9gissant l&rsquo;utilisation des cookies en relation avec la fourniture de services de communications \u00e9lectroniques, telle que d\u00e9finie \u00e0 l&rsquo;article 22.2 de la loi 34\/2002 du 11 juillet sur les services [&hellip;]","og_url":"https:\/\/world.borealoutdoor.com\/fr\/politique-des-cookies\/","og_site_name":"Boreal World","article_publisher":"https:\/\/www.facebook.com\/Boreal.official\/","article_modified_time":"2024-04-10T11:29:04+00:00","twitter_card":"summary_large_image","twitter_site":"@borealoutdoor","twitter_misc":{"Dur\u00e9e de lecture estim\u00e9e":"7 minutes"},"schema":{"@context":"https:\/\/schema.org","@graph":[{"@type":"WebPage","@id":"https:\/\/world.borealoutdoor.com\/fr\/politique-des-cookies\/","url":"https:\/\/world.borealoutdoor.com\/fr\/politique-des-cookies\/","name":"Politique des cookies - Boreal World","isPartOf":{"@id":"https:\/\/world.borealoutdoor.com\/fr\/#website"},"datePublished":"2023-01-16T08:51:59+00:00","dateModified":"2024-04-10T11:29:04+00:00","breadcrumb":{"@id":"https:\/\/world.borealoutdoor.com\/fr\/politique-des-cookies\/#breadcrumb"},"inLanguage":"fr-FR","potentialAction":[{"@type":"ReadAction","target":["https:\/\/world.borealoutdoor.com\/fr\/politique-des-cookies\/"]}]},{"@type":"BreadcrumbList","@id":"https:\/\/world.borealoutdoor.com\/fr\/politique-des-cookies\/#breadcrumb","itemListElement":[{"@type":"ListItem","position":1,"name":"Portada","item":"https:\/\/world.borealoutdoor.com\/fr\/"},{"@type":"ListItem","position":2,"name":"Politique des cookies"}]},{"@type":"WebSite","@id":"https:\/\/world.borealoutdoor.com\/fr\/#website","url":"https:\/\/world.borealoutdoor.com\/fr\/","name":"Boreal","description":"","publisher":{"@id":"https:\/\/world.borealoutdoor.com\/fr\/#organization"},"potentialAction":[{"@type":"SearchAction","target":{"@type":"EntryPoint","urlTemplate":"https:\/\/world.borealoutdoor.com\/fr\/?s={search_term_string}"},"query-input":"required name=search_term_string"}],"inLanguage":"fr-FR"},{"@type":"Organization","@id":"https:\/\/world.borealoutdoor.com\/fr\/#organization","name":"Boreal","url":"https:\/\/world.borealoutdoor.com\/fr\/","logo":{"@type":"ImageObject","inLanguage":"fr-FR","@id":"https:\/\/world.borealoutdoor.com\/fr\/#\/schema\/logo\/image\/","url":"https:\/\/world.borealoutdoor.com\/wp-content\/uploads\/sites\/7\/2023\/11\/logo-vertical2.png","contentUrl":"https:\/\/world.borealoutdoor.com\/wp-content\/uploads\/sites\/7\/2023\/11\/logo-vertical2.png","width":257,"height":168,"caption":"Boreal"},"image":{"@id":"https:\/\/world.borealoutdoor.com\/fr\/#\/schema\/logo\/image\/"},"sameAs":["https:\/\/www.facebook.com\/Boreal.official\/","https:\/\/twitter.com\/borealoutdoor","https:\/\/www.youtube.com\/user\/BorealVideos","https:\/\/www.instagram.com\/borealoutdoor\/"]}]}},"_links":{"self":[{"href":"https:\/\/world.borealoutdoor.com\/fr\/wp-json\/wp\/v2\/pages\/65802"}],"collection":[{"href":"https:\/\/world.borealoutdoor.com\/fr\/wp-json\/wp\/v2\/pages"}],"about":[{"href":"https:\/\/world.borealoutdoor.com\/fr\/wp-json\/wp\/v2\/types\/page"}],"author":[{"embeddable":true,"href":"https:\/\/world.borealoutdoor.com\/fr\/wp-json\/wp\/v2\/users\/1"}],"replies":[{"embeddable":true,"href":"https:\/\/world.borealoutdoor.com\/fr\/wp-json\/wp\/v2\/comments?post=65802"}],"version-history":[{"count":3,"href":"https:\/\/world.borealoutdoor.com\/fr\/wp-json\/wp\/v2\/pages\/65802\/revisions"}],"predecessor-version":[{"id":65811,"href":"https:\/\/world.borealoutdoor.com\/fr\/wp-json\/wp\/v2\/pages\/65802\/revisions\/65811"}],"wp:attachment":[{"href":"https:\/\/world.borealoutdoor.com\/fr\/wp-json\/wp\/v2\/media?parent=65802"}],"curies":[{"name":"wp","href":"https:\/\/api.w.org\/{rel}","templated":true}]}}