{"id":41163,"date":"2023-01-16T09:51:17","date_gmt":"2023-01-16T08:51:17","guid":{"rendered":"https:\/\/world.borealoutdoor.com\/politique-de-confidentialite\/"},"modified":"2024-04-03T16:52:59","modified_gmt":"2024-04-03T14:52:59","slug":"politique-de-confidentialite","status":"publish","type":"page","link":"https:\/\/world.borealoutdoor.com\/fr\/politique-de-confidentialite\/","title":{"rendered":"Politique de confidentialit\u00e9"},"content":{"rendered":"\n<p><strong>POLITIQUE DE CONFIDENTIALIT\u00c9 DU SITE WEB www.borealoutdoor.com<\/strong><\/p>\n\n<p>La pr\u00e9sente politique de confidentialit\u00e9 d\u00e9crit les modalit\u00e9s selon lesquelles nous recueillons des informations, dans quel but nous les utilisons et comment nous les g\u00e9rons. Votre vie priv\u00e9e est importante pour nous, et nous attachons une grande importance \u00e0 la protection des donn\u00e9es personnelles de nos utilisateurs. Nous avons mis en place les mesures techniques et organisationnelles n\u00e9cessaires pour assurer la confidentialit\u00e9 de vos donn\u00e9es, conform\u00e9ment au R\u00e8glement G\u00e9n\u00e9ral sur la Protection des Donn\u00e9es adopt\u00e9 par l&rsquo;Union europ\u00e9enne (RGPD) et \u00e0 la Loi organique 3\/2018 du 5 d\u00e9cembre (LOPDGDD).  <\/p>\n\n<p><strong>QUI EST RESPONSABLE DU TRAITEMENT ?<\/strong><\/p>\n\n<p>Raison sociale : CALZADOS BOREAL, S.L. (ci-apr\u00e8s, l'\u00a0\u00bbEntreprise\u00a0\u00bb ou le \u00ab\u00a0Responsable\u00a0\u00bb).<br\/>CIF : B03091527<br\/>Adresse : ALTOS DE LA CONDOMINA, 15-03400 &#8211; VILLENA- ALICANTE<br\/>T\u00e9l\u00e9phone : +34 965800589<br\/>Email pour les communications relatives \u00e0 la protection des donn\u00e9es : &#x69;&#110;f&#x6f;&#64;b&#x6f;&#114;e&#x61;&#108;o&#x75;&#116;d&#x6f;&#x6f;r&#x2e;&#x63;&#111;&#x6d;<\/p>\n\n<p><strong>QUELLES SONT LES FINALIT\u00c9S DU TRAITEMENT ? QUELLE EST LA L\u00c9GITIMATION DU TRAITEMENT ?<\/strong><\/p>\n\n<p>Les donn\u00e9es personnelles des personnes concern\u00e9es seront trait\u00e9es par CALZADOS BOREAL, S.L. dans le cadre des finalit\u00e9s suivantes, en fonction du moment o\u00f9 ces informations sont fournies :<\/p>\n\n<p>1. Dans le but de r\u00e9pondre \u00e0 vos questions ou de vous envoyer des informations relatives \u00e0 votre demande, il peut \u00eatre n\u00e9cessaire d&rsquo;obtenir des informations de votre part. Dans ce cas, nous vous demanderons de les fournir volontairement de mani\u00e8re explicite. Vous ne devez nous envoyer que les donn\u00e9es dont vous \u00eates le titulaire, ou celles de tiers, si vous \u00eates leur repr\u00e9sentant l\u00e9gal ou si vous avez obtenu leur consentement explicite. La base juridique du traitement correspond \u00e0 l&rsquo;art. 6.1 a) du RGPD (consentement de la personne concern\u00e9e).   <\/p>\n\n<p>2. Pour le traitement des inscriptions en tant que client, la mise \u00e0 jour des donn\u00e9es et la gestion de la relation commerciale \u00e9ventuelle. Les donn\u00e9es seront collect\u00e9es via le formulaire d&rsquo;inscription correspondant, initialement, et des transactions commerciales ult\u00e9rieures. En particulier, les actions suivantes sont incluses :  <\/p>\n\n<p> &#8211; Cr\u00e9ation du compte client sur le site web, en utilisant les liens fournis par CALZADOS BOREAL, S.L. \u00e0 cet effet. \u00c0 cette fin, la base l\u00e9gale pr\u00e9vue \u00e0 l&rsquo;art. 6.1 a) du RGPD (consentement de la personne concern\u00e9e) est utilis\u00e9e.<\/p>\n\n<p> &#8211; Gestion et administration de la relation contractuelle existante avec le client, conform\u00e9ment \u00e0 l&rsquo;art. 6.1 b) du RGPD.<\/p>\n\n<p> &#8211; Analyse des clients afin de mener des \u00e9tudes de march\u00e9 et des enqu\u00eates d&rsquo;opinion, justifi\u00e9e par l&rsquo;int\u00e9r\u00eat l\u00e9gitime, conform\u00e9ment \u00e0 l&rsquo;article 6.1 f) du RGPD.<\/p>\n\n<p> &#8211; Respect de nos obligations contractuelles dans le cas o\u00f9 vous avez d\u00e9cid\u00e9 d&rsquo;acqu\u00e9rir l&rsquo;un de nos produits et\/ou services, ainsi que la r\u00e9alisation de la gestion administrative, fiscale et comptable d\u00e9coulant des travaux que nous avons effectu\u00e9s. Cette finalit\u00e9 est bas\u00e9e sur l&rsquo;article 6.1 c) du RGPD : respect d&rsquo;une obligation l\u00e9gale applicable \u00e0 l&rsquo;entreprise. <\/p>\n\n<p>3. G\u00e9rer les abonnements pour recevoir des informations commerciales sur CALZADOS BOREAL, S.L., pour lesquels le consentement de la personne concern\u00e9e est recueilli via notre lettre d&rsquo;information, par le biais des m\u00e9canismes mis en place sur le site web. Le traitement est bas\u00e9 sur l&rsquo;art. 6.1 a) du RGPD (consentement de la personne concern\u00e9e), qui peut \u00eatre retir\u00e9 \u00e0 tout moment sans affecter la l\u00e9galit\u00e9 du traitement effectu\u00e9 avant son retrait. <\/p>\n\n<p>4. \u00c0 des fins analytiques et\/ou statistiques, si vous acceptez les cookies utilis\u00e9s par le site web \u00e0 ces fins. Le traitement est bas\u00e9 sur le consentement recueilli de l&rsquo;utilisateur, conform\u00e9ment \u00e0 l&rsquo;article 6.1 a) du RGPD et \u00e0 l&rsquo;article 22 de la LSSI. Vous pouvez obtenir plus d&rsquo;informations dans notre Politique de Cookies.  <\/p>\n\n<p>5. Participer aux \u00e9ventuels processus de s\u00e9lection de personnel que nous pourrions r\u00e9aliser si vous nous envoyez votre curriculum vitae. La base l\u00e9gale du traitement repose sur le consentement de la personne concern\u00e9e, conform\u00e9ment \u00e0 l&rsquo;art. 6.1 a) du RGPD. <\/p>\n\n<p><strong>QUELS SONT LES CRIT\u00c8RES DE CONSERVATION DES DONN\u00c9ES ?<\/strong><\/p>\n\n<p>Nous conserverons les donn\u00e9es pendant la p\u00e9riode de prescription des obligations l\u00e9gales, aussi longtemps que l&rsquo;int\u00e9r\u00eat de maintenir les relations des deux parties subsiste. Nous proc\u00e9derons \u00e0 la suppression des donn\u00e9es lorsqu&rsquo;il ne sera plus n\u00e9cessaire d&rsquo;atteindre les finalit\u00e9s qui ont justifi\u00e9 leur traitement. Si le consentement \u00e9tait la base qui nous l\u00e9gitimait, les donn\u00e9es seront trait\u00e9es tant que vous n&rsquo;avez pas r\u00e9voqu\u00e9 votre consentement pour le traitement.   <\/p>\n\n<p>Par la suite, toutefois, les donn\u00e9es resteront bloqu\u00e9es pendant la p\u00e9riode de limitation de toute responsabilit\u00e9 pouvant d\u00e9couler du traitement et\/ou de la finalit\u00e9.<\/p>\n\n<p><strong>COMMENT DOIS-JE METTRE \u00c0 JOUR MES DONN\u00c9ES PERSONNELLES ?<\/strong><\/p>\n\n<p>L&rsquo;utilisateur garantit que les donn\u00e9es personnelles fournies via ce site web sont vraies, correctes, actuelles et compl\u00e8tes. L&rsquo;utilisateur doit nous informer de toute modification ou mise \u00e0 jour de ces donn\u00e9es en nous envoyant une communication aux adresses postales ou \u00e9lectroniques indiqu\u00e9es dans la section \u00ab\u00a0o\u00f9 pouvez-vous exercer vos droits ?\u00a0\u00bb <\/p>\n\n<p><strong>QUELS SONT LES DESTINATAIRES DE L&rsquo;INFORMATION ?<\/strong><\/p>\n\n<p>Nous ne transmettrons pas d&rsquo;informations \u00e0 des tiers sauf obligation l\u00e9gale et celles n\u00e9cessaires pour fournir les services, ou avec votre consentement explicite.<\/p>\n\n<p><strong>EXISTE-T-IL DES TRANSFERTS INTERNATIONAUX DE DONN\u00c9ES ?<\/strong><\/p>\n\n<p>CALZADOS BOREAL, S.L. n&rsquo;a pas l&rsquo;intention d&rsquo;effectuer des transferts internationaux de vos donn\u00e9es. Cependant, nous pouvons faire appel \u00e0 des prestataires de services et \u00e0 des processeurs de donn\u00e9es travaillant au nom de CALZADOS BOREAL, S.L. Ces services peuvent inclure l&rsquo;h\u00e9bergement de syst\u00e8mes, la maintenance, l&rsquo;analyse, la messagerie \u00e9lectronique, etc. Ces tierces entreprises sont tenues de garantir que les informations sont trait\u00e9es conform\u00e9ment \u00e0 la r\u00e9glementation en vigueur. De notre c\u00f4t\u00e9, nous ferons toujours de notre mieux pour nous assurer que tous les tiers avec lesquels nous travaillons maintiennent la s\u00e9curit\u00e9 de vos donn\u00e9es personnelles.   <\/p>\n\n<p><strong>QUELS SONT LES DROITS DES PERSONNES CONCERN\u00c9ES ?<\/strong><\/p>\n\n<p>Toute personne a le droit de confirmer si nous traitons des donn\u00e9es personnelles la concernant ou non. Les personnes concern\u00e9es ont le droit d&rsquo;acc\u00e9der \u00e0 leurs donn\u00e9es personnelles et de demander la rectification des donn\u00e9es inexactes ou, le cas \u00e9ch\u00e9ant, de demander leur suppression lorsque, entre autres motifs, les donn\u00e9es ne sont plus n\u00e9cessaires aux fins pour lesquelles elles ont \u00e9t\u00e9 collect\u00e9es. <\/p>\n\n<p>Dans certaines circonstances, les personnes concern\u00e9es peuvent demander la limitation du traitement de leurs donn\u00e9es, auquel cas nous ne les conserverons que pour l&rsquo;exercice ou la d\u00e9fense d&rsquo;\u00e9ventuelles r\u00e9clamations. Dans certaines circonstances et pour des raisons li\u00e9es \u00e0 leur situation particuli\u00e8re, les personnes concern\u00e9es peuvent s&rsquo;opposer au traitement de leurs donn\u00e9es. Dans ce cas, nous cesserons de traiter les donn\u00e9es, sauf pour des motifs l\u00e9gitimes imp\u00e9rieux, ou pour l&rsquo;exercice ou la d\u00e9fense d&rsquo;\u00e9ventuelles r\u00e9clamations. Vous avez \u00e9galement le droit de retirer votre consentement au traitement de vos donn\u00e9es \u00e0 tout moment lorsque la base l\u00e9gale est le consentement que vous avez donn\u00e9.   <\/p>\n\n<p>Vous pouvez d\u00e9poser une r\u00e9clamation aupr\u00e8s de l&rsquo;autorit\u00e9 de contr\u00f4le en mati\u00e8re de protection des donn\u00e9es comp\u00e9tente, telle que l&rsquo;Agence espagnole de protection des donn\u00e9es, notamment si vous n&rsquo;avez pas obtenu satisfaction dans l&rsquo;exercice de vos droits ou si vous estimez que le traitement des donn\u00e9es n&rsquo;est pas conforme \u00e0 la l\u00e9gislation en vigueur.<\/p>\n\n<p><strong>O\u00d9 POUVEZ-VOUS EXERCER VOS DROITS ?<\/strong><em><\/em><\/p>\n\n<p><em>Par le biais d&rsquo;une communication \u00e9crite adress\u00e9e \u00e0 CALZADOS BOREAL, S.L., ALTOS DE LA CONDOMINA, 15, VILLENA, 03400 (ALICANTE), ou par l&rsquo;envoi d&rsquo;un courriel \u00e0 l&rsquo;adresse &#x69;&#x6e;&#102;&#111;&#64;&#x62;&#x6f;&#x72;&#101;&#97;l&#x6f;&#x75;&#x74;&#100;&#111;o&#x72;&#x2e;&#x63;&#111;&#109;, en vous identifiant et en pr\u00e9cisant votre demande.<\/em><\/p>\n\n<p><em>Dans les communications commerciales, y compris les newsletters, vous pouvez r\u00e9voquer votre consentement en envoyant un courriel \u00e0 notre adresse &#x69;&#110;f&#x6f;&#64;b&#x6f;&#114;e&#x61;&#108;o&#x75;&#116;d&#x6f;&#111;r&#x2e;&#99;o&#x6d;, en indiquant dans le message la phrase \u00ab\u00a0Baja del Servicio de Comunicaciones\u00a0\u00bb, ou en cliquant sur le lien de d\u00e9sabonnement s&rsquo;il est indiqu\u00e9 dans le message.<\/em><\/p>\n\n<p><strong>MESURES DE S\u00c9CURIT\u00c9<\/strong><\/p>\n\n<p>Conform\u00e9ment aux dispositions des r\u00e9glementations en vigueur sur la protection des donn\u00e9es personnelles, le RESPONSABLE respecte toutes les dispositions du R\u00c8GLEMENT G\u00c9N\u00c9RAL SUR LA PROTECTION DES DONN\u00c9ES (RGPD) pour le traitement des donn\u00e9es personnelles dont il est responsable, et ce conform\u00e9ment aux principes d\u00e9crits \u00e0 l&rsquo;article 5, selon lesquels elles sont trait\u00e9es de mani\u00e8re licite, loyale et transparente par rapport \u00e0 la personne concern\u00e9e, et sont ad\u00e9quates, pertinentes et limit\u00e9es \u00e0 ce qui est n\u00e9cessaire par rapport aux finalit\u00e9s pour lesquelles elles sont trait\u00e9es. Le RESPONSABLE garantit avoir mis en place des politiques techniques et organisationnelles appropri\u00e9es pour appliquer les mesures de s\u00e9curit\u00e9 pr\u00e9vues par le RGPD afin de prot\u00e9ger les droits et libert\u00e9s des utilisateurs, et leur a fourni les informations appropri\u00e9es pour qu&rsquo;ils puissent les exercer. <\/p>\n\n<p><strong>ACCEPTATION ET CONSENTEMENT<\/strong><\/p>\n\n<p>L&rsquo;utilisateur d\u00e9clare avoir \u00e9t\u00e9 inform\u00e9 de notre politique de protection des donn\u00e9es et consent \u00e0 son traitement aux fins susmentionn\u00e9es. Veuillez noter que certains des services fournis sur le site Web peuvent \u00eatre soumis \u00e0 des conditions particuli\u00e8res, dans ce cas, les utilisateurs en seront inform\u00e9s <\/p>\n","protected":false},"excerpt":{"rendered":"<p>POLITIQUE DE CONFIDENTIALIT\u00c9 DU SITE WEB www.borealoutdoor.com La pr\u00e9sente politique de confidentialit\u00e9 d\u00e9crit les modalit\u00e9s selon lesquelles nous recueillons des informations, dans quel but nous les utilisons et comment nous les g\u00e9rons. Votre vie priv\u00e9e est importante pour nous, et [&hellip;]<\/p>\n","protected":false},"author":1,"featured_media":0,"parent":0,"menu_order":0,"comment_status":"closed","ping_status":"closed","template":"","meta":[],"yoast_head":"<!-- This site is optimized with the Yoast SEO plugin v21.8.1 - https:\/\/yoast.com\/wordpress\/plugins\/seo\/ -->\n<title>Politique de confidentialit\u00e9 - Boreal World<\/title>\n<meta name=\"robots\" content=\"index, follow, max-snippet:-1, max-image-preview:large, max-video-preview:-1\" \/>\n<link rel=\"canonical\" href=\"https:\/\/world.borealoutdoor.com\/fr\/politique-de-confidentialite\/\" \/>\n<meta property=\"og:locale\" content=\"fr_FR\" \/>\n<meta property=\"og:type\" content=\"article\" \/>\n<meta property=\"og:title\" content=\"Politique de confidentialit\u00e9 - Boreal World\" \/>\n<meta property=\"og:description\" content=\"POLITIQUE DE CONFIDENTIALIT\u00c9 DU SITE WEB www.borealoutdoor.com La pr\u00e9sente politique de confidentialit\u00e9 d\u00e9crit les modalit\u00e9s selon lesquelles nous recueillons des informations, dans quel but nous les utilisons et comment nous les g\u00e9rons. Votre vie priv\u00e9e est importante pour nous, et [&hellip;]\" \/>\n<meta property=\"og:url\" content=\"https:\/\/world.borealoutdoor.com\/fr\/politique-de-confidentialite\/\" \/>\n<meta property=\"og:site_name\" content=\"Boreal World\" \/>\n<meta property=\"article:publisher\" content=\"https:\/\/www.facebook.com\/Boreal.official\/\" \/>\n<meta property=\"article:modified_time\" content=\"2024-04-03T14:52:59+00:00\" \/>\n<meta name=\"twitter:card\" content=\"summary_large_image\" \/>\n<meta name=\"twitter:site\" content=\"@borealoutdoor\" \/>\n<meta name=\"twitter:label1\" content=\"Dur\u00e9e de lecture estim\u00e9e\" \/>\n\t<meta name=\"twitter:data1\" content=\"8 minutes\" \/>\n<script type=\"application\/ld+json\" class=\"yoast-schema-graph\">{\"@context\":\"https:\/\/schema.org\",\"@graph\":[{\"@type\":\"WebPage\",\"@id\":\"https:\/\/world.borealoutdoor.com\/fr\/politique-de-confidentialite\/\",\"url\":\"https:\/\/world.borealoutdoor.com\/fr\/politique-de-confidentialite\/\",\"name\":\"Politique de confidentialit\u00e9 - Boreal World\",\"isPartOf\":{\"@id\":\"https:\/\/world.borealoutdoor.com\/fr\/#website\"},\"datePublished\":\"2023-01-16T08:51:17+00:00\",\"dateModified\":\"2024-04-03T14:52:59+00:00\",\"breadcrumb\":{\"@id\":\"https:\/\/world.borealoutdoor.com\/fr\/politique-de-confidentialite\/#breadcrumb\"},\"inLanguage\":\"fr-FR\",\"potentialAction\":[{\"@type\":\"ReadAction\",\"target\":[\"https:\/\/world.borealoutdoor.com\/fr\/politique-de-confidentialite\/\"]}]},{\"@type\":\"BreadcrumbList\",\"@id\":\"https:\/\/world.borealoutdoor.com\/fr\/politique-de-confidentialite\/#breadcrumb\",\"itemListElement\":[{\"@type\":\"ListItem\",\"position\":1,\"name\":\"Portada\",\"item\":\"https:\/\/world.borealoutdoor.com\/fr\/\"},{\"@type\":\"ListItem\",\"position\":2,\"name\":\"Politique de confidentialit\u00e9\"}]},{\"@type\":\"WebSite\",\"@id\":\"https:\/\/world.borealoutdoor.com\/fr\/#website\",\"url\":\"https:\/\/world.borealoutdoor.com\/fr\/\",\"name\":\"Boreal\",\"description\":\"\",\"publisher\":{\"@id\":\"https:\/\/world.borealoutdoor.com\/fr\/#organization\"},\"potentialAction\":[{\"@type\":\"SearchAction\",\"target\":{\"@type\":\"EntryPoint\",\"urlTemplate\":\"https:\/\/world.borealoutdoor.com\/fr\/?s={search_term_string}\"},\"query-input\":\"required name=search_term_string\"}],\"inLanguage\":\"fr-FR\"},{\"@type\":\"Organization\",\"@id\":\"https:\/\/world.borealoutdoor.com\/fr\/#organization\",\"name\":\"Boreal\",\"url\":\"https:\/\/world.borealoutdoor.com\/fr\/\",\"logo\":{\"@type\":\"ImageObject\",\"inLanguage\":\"fr-FR\",\"@id\":\"https:\/\/world.borealoutdoor.com\/fr\/#\/schema\/logo\/image\/\",\"url\":\"https:\/\/world.borealoutdoor.com\/wp-content\/uploads\/sites\/7\/2023\/11\/logo-vertical2.png\",\"contentUrl\":\"https:\/\/world.borealoutdoor.com\/wp-content\/uploads\/sites\/7\/2023\/11\/logo-vertical2.png\",\"width\":257,\"height\":168,\"caption\":\"Boreal\"},\"image\":{\"@id\":\"https:\/\/world.borealoutdoor.com\/fr\/#\/schema\/logo\/image\/\"},\"sameAs\":[\"https:\/\/www.facebook.com\/Boreal.official\/\",\"https:\/\/twitter.com\/borealoutdoor\",\"https:\/\/www.youtube.com\/user\/BorealVideos\",\"https:\/\/www.instagram.com\/borealoutdoor\/\"]}]}<\/script>\n<!-- \/ Yoast SEO plugin. -->","yoast_head_json":{"title":"Politique de confidentialit\u00e9 - Boreal World","robots":{"index":"index","follow":"follow","max-snippet":"max-snippet:-1","max-image-preview":"max-image-preview:large","max-video-preview":"max-video-preview:-1"},"canonical":"https:\/\/world.borealoutdoor.com\/fr\/politique-de-confidentialite\/","og_locale":"fr_FR","og_type":"article","og_title":"Politique de confidentialit\u00e9 - Boreal World","og_description":"POLITIQUE DE CONFIDENTIALIT\u00c9 DU SITE WEB www.borealoutdoor.com La pr\u00e9sente politique de confidentialit\u00e9 d\u00e9crit les modalit\u00e9s selon lesquelles nous recueillons des informations, dans quel but nous les utilisons et comment nous les g\u00e9rons. Votre vie priv\u00e9e est importante pour nous, et [&hellip;]","og_url":"https:\/\/world.borealoutdoor.com\/fr\/politique-de-confidentialite\/","og_site_name":"Boreal World","article_publisher":"https:\/\/www.facebook.com\/Boreal.official\/","article_modified_time":"2024-04-03T14:52:59+00:00","twitter_card":"summary_large_image","twitter_site":"@borealoutdoor","twitter_misc":{"Dur\u00e9e de lecture estim\u00e9e":"8 minutes"},"schema":{"@context":"https:\/\/schema.org","@graph":[{"@type":"WebPage","@id":"https:\/\/world.borealoutdoor.com\/fr\/politique-de-confidentialite\/","url":"https:\/\/world.borealoutdoor.com\/fr\/politique-de-confidentialite\/","name":"Politique de confidentialit\u00e9 - Boreal World","isPartOf":{"@id":"https:\/\/world.borealoutdoor.com\/fr\/#website"},"datePublished":"2023-01-16T08:51:17+00:00","dateModified":"2024-04-03T14:52:59+00:00","breadcrumb":{"@id":"https:\/\/world.borealoutdoor.com\/fr\/politique-de-confidentialite\/#breadcrumb"},"inLanguage":"fr-FR","potentialAction":[{"@type":"ReadAction","target":["https:\/\/world.borealoutdoor.com\/fr\/politique-de-confidentialite\/"]}]},{"@type":"BreadcrumbList","@id":"https:\/\/world.borealoutdoor.com\/fr\/politique-de-confidentialite\/#breadcrumb","itemListElement":[{"@type":"ListItem","position":1,"name":"Portada","item":"https:\/\/world.borealoutdoor.com\/fr\/"},{"@type":"ListItem","position":2,"name":"Politique de confidentialit\u00e9"}]},{"@type":"WebSite","@id":"https:\/\/world.borealoutdoor.com\/fr\/#website","url":"https:\/\/world.borealoutdoor.com\/fr\/","name":"Boreal","description":"","publisher":{"@id":"https:\/\/world.borealoutdoor.com\/fr\/#organization"},"potentialAction":[{"@type":"SearchAction","target":{"@type":"EntryPoint","urlTemplate":"https:\/\/world.borealoutdoor.com\/fr\/?s={search_term_string}"},"query-input":"required name=search_term_string"}],"inLanguage":"fr-FR"},{"@type":"Organization","@id":"https:\/\/world.borealoutdoor.com\/fr\/#organization","name":"Boreal","url":"https:\/\/world.borealoutdoor.com\/fr\/","logo":{"@type":"ImageObject","inLanguage":"fr-FR","@id":"https:\/\/world.borealoutdoor.com\/fr\/#\/schema\/logo\/image\/","url":"https:\/\/world.borealoutdoor.com\/wp-content\/uploads\/sites\/7\/2023\/11\/logo-vertical2.png","contentUrl":"https:\/\/world.borealoutdoor.com\/wp-content\/uploads\/sites\/7\/2023\/11\/logo-vertical2.png","width":257,"height":168,"caption":"Boreal"},"image":{"@id":"https:\/\/world.borealoutdoor.com\/fr\/#\/schema\/logo\/image\/"},"sameAs":["https:\/\/www.facebook.com\/Boreal.official\/","https:\/\/twitter.com\/borealoutdoor","https:\/\/www.youtube.com\/user\/BorealVideos","https:\/\/www.instagram.com\/borealoutdoor\/"]}]}},"_links":{"self":[{"href":"https:\/\/world.borealoutdoor.com\/fr\/wp-json\/wp\/v2\/pages\/41163"}],"collection":[{"href":"https:\/\/world.borealoutdoor.com\/fr\/wp-json\/wp\/v2\/pages"}],"about":[{"href":"https:\/\/world.borealoutdoor.com\/fr\/wp-json\/wp\/v2\/types\/page"}],"author":[{"embeddable":true,"href":"https:\/\/world.borealoutdoor.com\/fr\/wp-json\/wp\/v2\/users\/1"}],"replies":[{"embeddable":true,"href":"https:\/\/world.borealoutdoor.com\/fr\/wp-json\/wp\/v2\/comments?post=41163"}],"version-history":[{"count":3,"href":"https:\/\/world.borealoutdoor.com\/fr\/wp-json\/wp\/v2\/pages\/41163\/revisions"}],"predecessor-version":[{"id":41177,"href":"https:\/\/world.borealoutdoor.com\/fr\/wp-json\/wp\/v2\/pages\/41163\/revisions\/41177"}],"wp:attachment":[{"href":"https:\/\/world.borealoutdoor.com\/fr\/wp-json\/wp\/v2\/media?parent=41163"}],"curies":[{"name":"wp","href":"https:\/\/api.w.org\/{rel}","templated":true}]}}