{"id":41154,"date":"2023-01-16T09:52:20","date_gmt":"2023-01-16T08:52:20","guid":{"rendered":"https:\/\/world.borealoutdoor.com\/avis-legal\/"},"modified":"2024-01-24T12:10:44","modified_gmt":"2024-01-24T11:10:44","slug":"avis-legal","status":"publish","type":"page","link":"https:\/\/world.borealoutdoor.com\/fr\/avis-legal\/","title":{"rendered":"Avis l\u00e9gal"},"content":{"rendered":"\n<p>Dans le but de se conformer \u00e0 l&rsquo;article 10 de la Loi 34\/2002 sur les Services de la Soci\u00e9t\u00e9 de l&rsquo;Information et du Commerce \u00c9lectronique, nous informons l&rsquo;utilisateur de nos donn\u00e9es:<\/p>\n\n<p>D\u00e9nomination Sociale : CALZADOS BOREAL, S.L.<br\/>Si\u00e8ge Social : ALTOS DE LA CONDOMINA, 15 &#8211; 03400 &#8211; VILLENA &#8211; ALICANTE<br\/>NIF: B03091527<br\/>Tel\u00e9phone: +34 965800589<br\/>Courriel : &#x69;&#x6e;&#x66;&#x6f;&#x40;&#x62;&#x6f;&#114;&#101;&#97;&#108;&#111;utdo&#x6f;&#x72;&#x2e;&#x63;&#x6f;&#x6d;<\/p>\n\n<p>Donn\u00e9es d&rsquo;immatriculation : Inscrite au Registre du Commerce d&rsquo;ALICANTE, Tome 548, Livre 199, Feuille 4742, Inscription 1\u00e8re le 7-10-1981<\/p>\n\n<p>Site Web : www.borealoutdoor.com.<\/p>\n\n<p><strong>Object<\/strong><\/p>\n\n<p>Le prestataire, responsable du site web, met \u00e0 disposition des utilisateurs le pr\u00e9sent document dans le but de se conformer aux obligations \u00e9nonc\u00e9es dans la Loi 34\/2002 sur les Services de la Soci\u00e9t\u00e9 de l&rsquo;Information et du Commerce \u00c9lectronique (LSSI-CE), ainsi que d&rsquo;informer tous les utilisateurs du site web sur les conditions d&rsquo;utilisation du site. Toute personne acc\u00e9dant \u00e0 ce site web assume le r\u00f4le d&rsquo;utilisateur, s&rsquo;engageant \u00e0 respecter et \u00e0 se conformer rigoureusement aux dispositions ici \u00e9nonc\u00e9es, ainsi qu&rsquo;\u00e0 toute autre disposition l\u00e9gale applicable. Le prestataire se r\u00e9serve le droit de modifier toute information pouvant appara\u00eetre sur le site web, sans obligation de pr\u00e9avis ou d&rsquo;informer les utilisateurs de ces modifications, \u00e9tant suffisant avec la publication sur le site web du prestataire.<\/p>\n\n<p><strong>Responsibilit\u00e9<\/strong><\/p>\n\n<p>Le prestataire se d\u00e9gage de toute responsabilit\u00e9 d\u00e9coulant des informations publi\u00e9es sur son site web, pour autant que ces informations aient \u00e9t\u00e9 manipul\u00e9es ou introduites par un tiers ext\u00e9rieur. Le site web du prestataire peut utiliser des cookies (de petits fichiers d&rsquo;information que le serveur envoie au dispositif de l&rsquo;utilisateur acc\u00e9dant \u00e0 la page). Pour plus d&rsquo;informations, consultez notre Politique de cookies.<\/p>\n\n<p>Depuis le site web du client, il est possible d&rsquo;\u00eatre redirig\u00e9 vers des contenus de sites web tiers. \u00c9tant donn\u00e9 que le prestataire ne peut pas toujours contr\u00f4ler les contenus introduits par des tiers sur leurs sites web, il n&rsquo;assume aucune responsabilit\u00e9 \u00e0 l&rsquo;\u00e9gard de ces contenus. En tout \u00e9tat de cause, le prestataire d\u00e9clare qu&rsquo;il proc\u00e9dera au retrait imm\u00e9diat de tout contenu pouvant contrevenir \u00e0 la l\u00e9gislation nationale ou internationale, \u00e0 la morale ou \u00e0 l&rsquo;ordre public, proc\u00e9dant au retrait imm\u00e9diat de la redirection vers ce site web, en informant imm\u00e9diatement les autorit\u00e9s comp\u00e9tentes du contenu en question. <\/p>\n\n<p>Le prestataire n&rsquo;est pas responsable des informations et contenus stock\u00e9s, \u00e0 titre indicatif mais non limitatif, dans des forums, des chats, des g\u00e9n\u00e9rateurs de blogs, des commentaires, des r\u00e9seaux sociaux ou tout autre moyen permettant \u00e0 des tiers de publier ind\u00e9pendamment des contenus sur le site web du prestataire. Cependant, et conform\u00e9ment aux dispositions de l&rsquo;art. 11 et 16 de la LSSI-CE, le prestataire se met \u00e0 la disposition de tous les utilisateurs, autorit\u00e9s et forces de l&rsquo;ordre, en collaborant activement au retrait ou, le cas \u00e9ch\u00e9ant, au blocage de tous les contenus susceptibles de violer la l\u00e9gislation nationale ou internationale, les droits des tiers ou la morale et l&rsquo;ordre public. Si l&rsquo;utilisateur estime qu&rsquo;il existe sur le site web un contenu susceptible d&rsquo;\u00eatre class\u00e9 dans cette cat\u00e9gorie, il est pri\u00e9 de le signaler imm\u00e9diatement \u00e0 l&rsquo;administrateur du site web.  <\/p>\n\n<p>Ce site web a \u00e9t\u00e9 r\u00e9vis\u00e9 et test\u00e9 pour fonctionner correctement. En principe, un fonctionnement correct peut \u00eatre garanti 365 jours par an, 24 heures par jour. Cependant, le prestataire n&rsquo;exclut pas la possibilit\u00e9 d&rsquo;erreurs de programmation ou de circonstances de force majeure, de catastrophes naturelles, de gr\u00e8ves ou de circonstances similaires qui pourraient rendre l&rsquo;acc\u00e8s au site web impossible.  <\/p>\n\n<p><strong>Propri\u00e9t\u00e9 intellectuelle et industrielle<\/strong><\/p>\n\n<p>Le site web, y compris, \u00e0 titre indicatif mais non limitatif, sa programmation, son \u00e9dition, sa compilation et tous les \u00e9l\u00e9ments n\u00e9cessaires \u00e0 son fonctionnement, les designs, les logos, le texte et\/ou les graphiques sont la propri\u00e9t\u00e9 du prestataire ou, le cas \u00e9ch\u00e9ant, disposent d&rsquo;une licence ou d&rsquo;une autorisation expresse des auteurs. Tous les contenus du site web sont d\u00fbment prot\u00e9g\u00e9s par la r\u00e9glementation sur la propri\u00e9t\u00e9 intellectuelle et industrielle, ainsi que par les registres publics correspondants. <\/p>\n\n<p>Ind\u00e9pendamment de la finalit\u00e9 pour laquelle ils \u00e9taient destin\u00e9s, la reproduction totale ou partielle, l&rsquo;utilisation, l&rsquo;exploitation, la distribution et la commercialisation n\u00e9cessitent en tout cas l&rsquo;autorisation \u00e9crite pr\u00e9alable du prestataire. Toute utilisation non autoris\u00e9e pr\u00e9alablement par le prestataire sera consid\u00e9r\u00e9e comme une violation grave des droits de propri\u00e9t\u00e9 intellectuelle ou industrielle de l&rsquo;auteur. <\/p>\n\n<p>Les designs, logos, textes et\/ou graphiques appartenant \u00e0 des tiers et pouvant appara\u00eetre sur le site web sont la propri\u00e9t\u00e9 de leurs propri\u00e9taires respectifs, qui sont responsables de toute \u00e9ventuelle controverse pouvant survenir \u00e0 leur sujet. En tout \u00e9tat de cause, le prestataire dispose de l&rsquo;autorisation expresse et pr\u00e9alable de ces derniers. <\/p>\n\n<p>Le prestataire N&rsquo;AUTORISE pas express\u00e9ment les tiers \u00e0 rediriger directement vers des contenus sp\u00e9cifiques du site web, devant rediriger en tout cas vers le site web principal du prestataire.<\/p>\n\n<p>Le prestataire reconna\u00eet en faveur de ses titulaires les droits correspondants de propri\u00e9t\u00e9 industrielle et intellectuelle, la simple mention ou apparition sur le site web n&rsquo;impliquant pas l&rsquo;existence de droits ou de responsabilit\u00e9 quelconque du prestataire \u00e0 leur \u00e9gard, pas plus qu&rsquo;un soutien, un parrainage ou une recommandation de sa part.  Pour formuler des observations sur d&rsquo;\u00e9ventuels manquements aux droits de propri\u00e9t\u00e9 intellectuelle ou industrielle, ainsi que sur l&rsquo;un quelconque des contenus du site web, veuillez le faire par courriel \u00e0 l&rsquo;adresse suivante : &#105;&#x6e;&#102;&#x6f;&#64;&#x62;o&#x72;e&#97;&#x6c;&#111;&#x75;&#116;&#x64;o&#x6f;r&#46;&#x63;&#111;&#x6d;.<\/p>\n\n<p><strong>V\u00e9rit\u00e9 de l&rsquo;information et mineurs<\/strong><\/p>\n\n<p>Toute information fournie par l&rsquo;utilisateur doit \u00eatre v\u00e9ridique. \u00c0 cet \u00e9gard, l&rsquo;utilisateur garantit l&rsquo;authenticit\u00e9 des donn\u00e9es communiqu\u00e9es via les formulaires d&rsquo;abonnement aux services. Il incombe \u00e0 l&rsquo;utilisateur de maintenir toutes les informations fournies \u00e0 CALZADOS BOREAL, S.L. constamment \u00e0 jour de mani\u00e8re \u00e0 refl\u00e9ter, \u00e0 tout moment, sa situation r\u00e9elle. En tout \u00e9tat de cause, l&rsquo;utilisateur sera seul responsable des d\u00e9clarations fausses ou inexactes qu&rsquo;il fait et des pr\u00e9judices qu&rsquo;il cause au prestataire ou \u00e0 des tiers. En ce qui concerne l&rsquo;utilisation des services de ce site web, les mineurs doivent toujours obtenir pr\u00e9alablement le consentement de leurs parents, tuteurs ou repr\u00e9sentants l\u00e9gaux, qui sont les responsables ultimes de tous les actes accomplis par les mineurs \u00e0 leur charge. La responsabilit\u00e9 dans la d\u00e9termination des contenus sp\u00e9cifiques auxquels les mineurs acc\u00e8dent incombe \u00e0 ces derniers, c&rsquo;est pourquoi, s&rsquo;ils acc\u00e8dent \u00e0 des contenus inappropri\u00e9s sur Internet, des m\u00e9canismes doivent \u00eatre mis en place sur leurs ordinateurs, en particulier des logiciels, des filtres et des blocages, permettant de limiter les contenus disponibles, et bien qu&rsquo;ils ne soient pas infaillibles, ils sont particuli\u00e8rement utiles pour contr\u00f4ler et restreindre les mat\u00e9riaux auxquels les mineurs peuvent acc\u00e9der.       <\/p>\n\n<p><strong>Obligation de faire un usage correct du site web<\/strong><\/p>\n\n<p>L&rsquo;utilisateur s&rsquo;engage \u00e0 utiliser le site web conform\u00e9ment \u00e0 la loi et au pr\u00e9sent Avis l\u00e9gal, ainsi qu&rsquo;\u00e0 la morale et aux bonnes m\u0153urs. \u00c0 cet effet, l&rsquo;utilisateur s&rsquo;abstiendra d&rsquo;utiliser la page \u00e0 des fins illicites ou interdites, portant atteinte aux droits et int\u00e9r\u00eats de tiers, ou pouvant de quelque mani\u00e8re endommager, d\u00e9sactiver, surcharger, d\u00e9t\u00e9riorer ou emp\u00eacher l&rsquo;utilisation normale des \u00e9quipements informatiques, des documents, des fichiers et de tout type de contenu stock\u00e9 sur tout \u00e9quipement informatique du prestataire. En particulier, et \u00e0 titre indicatif mais non exhaustif, l&rsquo;utilisateur s&rsquo;engage \u00e0 ne pas transmettre, diffuser ou mettre \u00e0 disposition de tiers des informations, des donn\u00e9es, des contenus, des messages, des graphiques, des dessins, des fichiers sonores ou image, des photographies, des enregistrements, des logiciels et, en g\u00e9n\u00e9ral, tout type de mat\u00e9riel qui:  <\/p>\n\n<p>(a) est contraire, d\u00e9nigre ou porte atteinte aux droits fondamentaux et aux libert\u00e9s publiques reconnus constitutionnellement, dans les trait\u00e9s internationaux et autres normes en vigueur ;<\/p>\n\n<p>(b) induit, incite ou promeut des actions d\u00e9lictuelles, diffamatoires, diffamatoires, violentes ou, en g\u00e9n\u00e9ral, contraires \u00e0 la loi, \u00e0 la morale et \u00e0 l&rsquo;ordre public ;<\/p>\n\n<p>(c) induit, incite ou promeut des actions, des attitudes ou des pens\u00e9es discriminatoires en raison du sexe, de la race, de la religion, des croyances, de l&rsquo;\u00e2ge ou de la condition ;<\/p>\n\n<p>(d) est contraire au droit \u00e0 l&rsquo;honneur, \u00e0 la vie priv\u00e9e ou familiale ou \u00e0 l&rsquo;image personnelle des personnes ;<\/p>\n\n<p>(e) porte atteinte de quelque mani\u00e8re que ce soit \u00e0 la cr\u00e9dibilit\u00e9 du prestataire ou de tiers ; et<\/p>\n\n<p>(f) constitue une publicit\u00e9 illicite, trompeuse ou d\u00e9loyale.<\/p>\n\n<p><strong>Loi applicable et juridiction<\/strong><\/p>\n\n<p>Pour la r\u00e9solution de toutes les controverses ou questions li\u00e9es au pr\u00e9sent site web ou aux activit\u00e9s qui y sont men\u00e9es, la l\u00e9gislation espagnole sera applicable, \u00e0 laquelle les parties se soumettent express\u00e9ment. Les tribunaux de VILLENA sont comp\u00e9tents pour r\u00e9soudre tous les conflits d\u00e9coulant ou li\u00e9s \u00e0 son utilisation.<\/p>\n","protected":false},"excerpt":{"rendered":"<p>Dans le but de se conformer \u00e0 l&rsquo;article 10 de la Loi 34\/2002 sur les Services de la Soci\u00e9t\u00e9 de l&rsquo;Information et du Commerce \u00c9lectronique, nous informons l&rsquo;utilisateur de nos donn\u00e9es: D\u00e9nomination Sociale : CALZADOS BOREAL, S.L.Si\u00e8ge Social : ALTOS [&hellip;]<\/p>\n","protected":false},"author":1,"featured_media":0,"parent":0,"menu_order":0,"comment_status":"closed","ping_status":"closed","template":"","meta":[],"yoast_head":"<!-- This site is optimized with the Yoast SEO plugin v21.8.1 - https:\/\/yoast.com\/wordpress\/plugins\/seo\/ -->\n<title>Avis l\u00e9gal - Boreal World<\/title>\n<meta name=\"robots\" content=\"index, follow, max-snippet:-1, max-image-preview:large, max-video-preview:-1\" \/>\n<link rel=\"canonical\" href=\"https:\/\/world.borealoutdoor.com\/fr\/avis-legal\/\" \/>\n<meta property=\"og:locale\" content=\"fr_FR\" \/>\n<meta property=\"og:type\" content=\"article\" \/>\n<meta property=\"og:title\" content=\"Avis l\u00e9gal - Boreal World\" \/>\n<meta property=\"og:description\" content=\"Dans le but de se conformer \u00e0 l&rsquo;article 10 de la Loi 34\/2002 sur les Services de la Soci\u00e9t\u00e9 de l&rsquo;Information et du Commerce \u00c9lectronique, nous informons l&rsquo;utilisateur de nos donn\u00e9es: D\u00e9nomination Sociale : CALZADOS BOREAL, S.L.Si\u00e8ge Social : ALTOS [&hellip;]\" \/>\n<meta property=\"og:url\" content=\"https:\/\/world.borealoutdoor.com\/fr\/avis-legal\/\" \/>\n<meta property=\"og:site_name\" content=\"Boreal World\" \/>\n<meta property=\"article:publisher\" content=\"https:\/\/www.facebook.com\/Boreal.official\/\" \/>\n<meta property=\"article:modified_time\" content=\"2024-01-24T11:10:44+00:00\" \/>\n<meta name=\"twitter:card\" content=\"summary_large_image\" \/>\n<meta name=\"twitter:site\" content=\"@borealoutdoor\" \/>\n<meta name=\"twitter:label1\" content=\"Dur\u00e9e de lecture estim\u00e9e\" \/>\n\t<meta name=\"twitter:data1\" content=\"7 minutes\" \/>\n<script type=\"application\/ld+json\" class=\"yoast-schema-graph\">{\"@context\":\"https:\/\/schema.org\",\"@graph\":[{\"@type\":\"WebPage\",\"@id\":\"https:\/\/world.borealoutdoor.com\/fr\/avis-legal\/\",\"url\":\"https:\/\/world.borealoutdoor.com\/fr\/avis-legal\/\",\"name\":\"Avis l\u00e9gal - Boreal World\",\"isPartOf\":{\"@id\":\"https:\/\/world.borealoutdoor.com\/fr\/#website\"},\"datePublished\":\"2023-01-16T08:52:20+00:00\",\"dateModified\":\"2024-01-24T11:10:44+00:00\",\"breadcrumb\":{\"@id\":\"https:\/\/world.borealoutdoor.com\/fr\/avis-legal\/#breadcrumb\"},\"inLanguage\":\"fr-FR\",\"potentialAction\":[{\"@type\":\"ReadAction\",\"target\":[\"https:\/\/world.borealoutdoor.com\/fr\/avis-legal\/\"]}]},{\"@type\":\"BreadcrumbList\",\"@id\":\"https:\/\/world.borealoutdoor.com\/fr\/avis-legal\/#breadcrumb\",\"itemListElement\":[{\"@type\":\"ListItem\",\"position\":1,\"name\":\"Portada\",\"item\":\"https:\/\/world.borealoutdoor.com\/fr\/\"},{\"@type\":\"ListItem\",\"position\":2,\"name\":\"Avis l\u00e9gal\"}]},{\"@type\":\"WebSite\",\"@id\":\"https:\/\/world.borealoutdoor.com\/fr\/#website\",\"url\":\"https:\/\/world.borealoutdoor.com\/fr\/\",\"name\":\"Boreal\",\"description\":\"\",\"publisher\":{\"@id\":\"https:\/\/world.borealoutdoor.com\/fr\/#organization\"},\"potentialAction\":[{\"@type\":\"SearchAction\",\"target\":{\"@type\":\"EntryPoint\",\"urlTemplate\":\"https:\/\/world.borealoutdoor.com\/fr\/?s={search_term_string}\"},\"query-input\":\"required name=search_term_string\"}],\"inLanguage\":\"fr-FR\"},{\"@type\":\"Organization\",\"@id\":\"https:\/\/world.borealoutdoor.com\/fr\/#organization\",\"name\":\"Boreal\",\"url\":\"https:\/\/world.borealoutdoor.com\/fr\/\",\"logo\":{\"@type\":\"ImageObject\",\"inLanguage\":\"fr-FR\",\"@id\":\"https:\/\/world.borealoutdoor.com\/fr\/#\/schema\/logo\/image\/\",\"url\":\"https:\/\/world.borealoutdoor.com\/wp-content\/uploads\/sites\/7\/2023\/11\/logo-vertical2.png\",\"contentUrl\":\"https:\/\/world.borealoutdoor.com\/wp-content\/uploads\/sites\/7\/2023\/11\/logo-vertical2.png\",\"width\":257,\"height\":168,\"caption\":\"Boreal\"},\"image\":{\"@id\":\"https:\/\/world.borealoutdoor.com\/fr\/#\/schema\/logo\/image\/\"},\"sameAs\":[\"https:\/\/www.facebook.com\/Boreal.official\/\",\"https:\/\/twitter.com\/borealoutdoor\",\"https:\/\/www.youtube.com\/user\/BorealVideos\",\"https:\/\/www.instagram.com\/borealoutdoor\/\"]}]}<\/script>\n<!-- \/ Yoast SEO plugin. -->","yoast_head_json":{"title":"Avis l\u00e9gal - Boreal World","robots":{"index":"index","follow":"follow","max-snippet":"max-snippet:-1","max-image-preview":"max-image-preview:large","max-video-preview":"max-video-preview:-1"},"canonical":"https:\/\/world.borealoutdoor.com\/fr\/avis-legal\/","og_locale":"fr_FR","og_type":"article","og_title":"Avis l\u00e9gal - Boreal World","og_description":"Dans le but de se conformer \u00e0 l&rsquo;article 10 de la Loi 34\/2002 sur les Services de la Soci\u00e9t\u00e9 de l&rsquo;Information et du Commerce \u00c9lectronique, nous informons l&rsquo;utilisateur de nos donn\u00e9es: D\u00e9nomination Sociale : CALZADOS BOREAL, S.L.Si\u00e8ge Social : ALTOS [&hellip;]","og_url":"https:\/\/world.borealoutdoor.com\/fr\/avis-legal\/","og_site_name":"Boreal World","article_publisher":"https:\/\/www.facebook.com\/Boreal.official\/","article_modified_time":"2024-01-24T11:10:44+00:00","twitter_card":"summary_large_image","twitter_site":"@borealoutdoor","twitter_misc":{"Dur\u00e9e de lecture estim\u00e9e":"7 minutes"},"schema":{"@context":"https:\/\/schema.org","@graph":[{"@type":"WebPage","@id":"https:\/\/world.borealoutdoor.com\/fr\/avis-legal\/","url":"https:\/\/world.borealoutdoor.com\/fr\/avis-legal\/","name":"Avis l\u00e9gal - Boreal World","isPartOf":{"@id":"https:\/\/world.borealoutdoor.com\/fr\/#website"},"datePublished":"2023-01-16T08:52:20+00:00","dateModified":"2024-01-24T11:10:44+00:00","breadcrumb":{"@id":"https:\/\/world.borealoutdoor.com\/fr\/avis-legal\/#breadcrumb"},"inLanguage":"fr-FR","potentialAction":[{"@type":"ReadAction","target":["https:\/\/world.borealoutdoor.com\/fr\/avis-legal\/"]}]},{"@type":"BreadcrumbList","@id":"https:\/\/world.borealoutdoor.com\/fr\/avis-legal\/#breadcrumb","itemListElement":[{"@type":"ListItem","position":1,"name":"Portada","item":"https:\/\/world.borealoutdoor.com\/fr\/"},{"@type":"ListItem","position":2,"name":"Avis l\u00e9gal"}]},{"@type":"WebSite","@id":"https:\/\/world.borealoutdoor.com\/fr\/#website","url":"https:\/\/world.borealoutdoor.com\/fr\/","name":"Boreal","description":"","publisher":{"@id":"https:\/\/world.borealoutdoor.com\/fr\/#organization"},"potentialAction":[{"@type":"SearchAction","target":{"@type":"EntryPoint","urlTemplate":"https:\/\/world.borealoutdoor.com\/fr\/?s={search_term_string}"},"query-input":"required name=search_term_string"}],"inLanguage":"fr-FR"},{"@type":"Organization","@id":"https:\/\/world.borealoutdoor.com\/fr\/#organization","name":"Boreal","url":"https:\/\/world.borealoutdoor.com\/fr\/","logo":{"@type":"ImageObject","inLanguage":"fr-FR","@id":"https:\/\/world.borealoutdoor.com\/fr\/#\/schema\/logo\/image\/","url":"https:\/\/world.borealoutdoor.com\/wp-content\/uploads\/sites\/7\/2023\/11\/logo-vertical2.png","contentUrl":"https:\/\/world.borealoutdoor.com\/wp-content\/uploads\/sites\/7\/2023\/11\/logo-vertical2.png","width":257,"height":168,"caption":"Boreal"},"image":{"@id":"https:\/\/world.borealoutdoor.com\/fr\/#\/schema\/logo\/image\/"},"sameAs":["https:\/\/www.facebook.com\/Boreal.official\/","https:\/\/twitter.com\/borealoutdoor","https:\/\/www.youtube.com\/user\/BorealVideos","https:\/\/www.instagram.com\/borealoutdoor\/"]}]}},"_links":{"self":[{"href":"https:\/\/world.borealoutdoor.com\/fr\/wp-json\/wp\/v2\/pages\/41154"}],"collection":[{"href":"https:\/\/world.borealoutdoor.com\/fr\/wp-json\/wp\/v2\/pages"}],"about":[{"href":"https:\/\/world.borealoutdoor.com\/fr\/wp-json\/wp\/v2\/types\/page"}],"author":[{"embeddable":true,"href":"https:\/\/world.borealoutdoor.com\/fr\/wp-json\/wp\/v2\/users\/1"}],"replies":[{"embeddable":true,"href":"https:\/\/world.borealoutdoor.com\/fr\/wp-json\/wp\/v2\/comments?post=41154"}],"version-history":[{"count":1,"href":"https:\/\/world.borealoutdoor.com\/fr\/wp-json\/wp\/v2\/pages\/41154\/revisions"}],"predecessor-version":[{"id":41155,"href":"https:\/\/world.borealoutdoor.com\/fr\/wp-json\/wp\/v2\/pages\/41154\/revisions\/41155"}],"wp:attachment":[{"href":"https:\/\/world.borealoutdoor.com\/fr\/wp-json\/wp\/v2\/media?parent=41154"}],"curies":[{"name":"wp","href":"https:\/\/api.w.org\/{rel}","templated":true}]}}