{"id":92732,"date":"2026-01-13T07:45:36","date_gmt":"2026-01-13T06:45:36","guid":{"rendered":"https:\/\/world.borealoutdoor.com\/product\/mutant-3-0\/"},"modified":"2026-01-13T07:55:18","modified_gmt":"2026-01-13T06:55:18","slug":"mutant-3-0","status":"publish","type":"product","link":"https:\/\/world.borealoutdoor.com\/es\/producto\/mutant-3-0\/","title":{"rendered":"MUTANT 3.0"},"content":{"rendered":"<p>Para escalar los problemas m\u00e1s dif\u00edciles ya sean v\u00edas o boulders, un pie de gato ha de ser excelente en todos los aspectos; para adherirse en cualquier situaci\u00f3n. Taloneos o punteras; en cualquiera de estos casos ha de trabajar a la perfecci\u00f3n para asegurarnos la ascensi\u00f3n. Con el nuevo BOREAL Mutant no hay duda.<\/p>\n","protected":false},"excerpt":{"rendered":"<p>Para escalar los problemas m\u00e1s dif\u00edciles ya sean v\u00edas o boulders, un pie de gato ha de ser excelente en todos los aspectos; para adherirse en cualquier situaci\u00f3n. Taloneos o punteras; en cualquiera de estos casos ha de trabajar a [&hellip;]<\/p>\n","protected":false},"featured_media":92658,"comment_status":"closed","ping_status":"open","template":"","meta":[],"product_cat":[339,349],"product_tag":[],"yoast_head":"<!-- This site is optimized with the Yoast SEO plugin v21.8.1 - https:\/\/yoast.com\/wordpress\/plugins\/seo\/ -->\n<title>MUTANT 3.0 - Boreal World<\/title>\n<meta name=\"robots\" content=\"index, follow, max-snippet:-1, max-image-preview:large, max-video-preview:-1\" \/>\n<link rel=\"canonical\" href=\"https:\/\/world.borealoutdoor.com\/es\/producto\/mutant-3-0\/\" \/>\n<meta property=\"og:locale\" content=\"es_ES\" \/>\n<meta property=\"og:type\" content=\"article\" \/>\n<meta property=\"og:title\" content=\"MUTANT 3.0 - Boreal World\" \/>\n<meta property=\"og:description\" content=\"Para escalar los problemas m\u00e1s dif\u00edciles ya sean v\u00edas o boulders, un pie de gato ha de ser excelente en todos los aspectos; para adherirse en cualquier situaci\u00f3n. Taloneos o punteras; en cualquiera de estos casos ha de trabajar a [&hellip;]\" \/>\n<meta property=\"og:url\" content=\"https:\/\/world.borealoutdoor.com\/es\/producto\/mutant-3-0\/\" \/>\n<meta property=\"og:site_name\" content=\"Boreal World\" \/>\n<meta property=\"article:publisher\" content=\"https:\/\/www.facebook.com\/Boreal.official\/\" \/>\n<meta property=\"article:modified_time\" content=\"2026-01-13T06:55:18+00:00\" \/>\n<meta property=\"og:image\" content=\"https:\/\/world.borealoutdoor.com\/wp-content\/uploads\/sites\/7\/2026\/01\/11936.jpg\" \/>\n\t<meta property=\"og:image:width\" content=\"1000\" \/>\n\t<meta property=\"og:image:height\" content=\"1000\" \/>\n\t<meta property=\"og:image:type\" content=\"image\/jpeg\" \/>\n<meta name=\"twitter:card\" content=\"summary_large_image\" \/>\n<meta name=\"twitter:site\" content=\"@borealoutdoor\" \/>\n<script type=\"application\/ld+json\" class=\"yoast-schema-graph\">{\"@context\":\"https:\/\/schema.org\",\"@graph\":[{\"@type\":\"WebPage\",\"@id\":\"https:\/\/world.borealoutdoor.com\/es\/producto\/mutant-3-0\/\",\"url\":\"https:\/\/world.borealoutdoor.com\/es\/producto\/mutant-3-0\/\",\"name\":\"MUTANT 3.0 - Boreal World\",\"isPartOf\":{\"@id\":\"https:\/\/world.borealoutdoor.com\/es\/#website\"},\"datePublished\":\"2026-01-13T06:45:36+00:00\",\"dateModified\":\"2026-01-13T06:55:18+00:00\",\"breadcrumb\":{\"@id\":\"https:\/\/world.borealoutdoor.com\/es\/producto\/mutant-3-0\/#breadcrumb\"},\"inLanguage\":\"es\",\"potentialAction\":[{\"@type\":\"ReadAction\",\"target\":[\"https:\/\/world.borealoutdoor.com\/es\/producto\/mutant-3-0\/\"]}]},{\"@type\":\"BreadcrumbList\",\"@id\":\"https:\/\/world.borealoutdoor.com\/es\/producto\/mutant-3-0\/#breadcrumb\",\"itemListElement\":[{\"@type\":\"ListItem\",\"position\":1,\"name\":\"Portada\",\"item\":\"https:\/\/world.borealoutdoor.com\/es\/\"},{\"@type\":\"ListItem\",\"position\":2,\"name\":\"Shop\",\"item\":\"https:\/\/world.borealoutdoor.com\/?page_id=8770\"},{\"@type\":\"ListItem\",\"position\":3,\"name\":\"MUTANT 3.0\"}]},{\"@type\":\"WebSite\",\"@id\":\"https:\/\/world.borealoutdoor.com\/es\/#website\",\"url\":\"https:\/\/world.borealoutdoor.com\/es\/\",\"name\":\"Boreal\",\"description\":\"\",\"publisher\":{\"@id\":\"https:\/\/world.borealoutdoor.com\/es\/#organization\"},\"potentialAction\":[{\"@type\":\"SearchAction\",\"target\":{\"@type\":\"EntryPoint\",\"urlTemplate\":\"https:\/\/world.borealoutdoor.com\/es\/?s={search_term_string}\"},\"query-input\":\"required name=search_term_string\"}],\"inLanguage\":\"es\"},{\"@type\":\"Organization\",\"@id\":\"https:\/\/world.borealoutdoor.com\/es\/#organization\",\"name\":\"Boreal\",\"url\":\"https:\/\/world.borealoutdoor.com\/es\/\",\"logo\":{\"@type\":\"ImageObject\",\"inLanguage\":\"es\",\"@id\":\"https:\/\/world.borealoutdoor.com\/es\/#\/schema\/logo\/image\/\",\"url\":\"https:\/\/world.borealoutdoor.com\/wp-content\/uploads\/sites\/7\/2023\/11\/logo-vertical2.png\",\"contentUrl\":\"https:\/\/world.borealoutdoor.com\/wp-content\/uploads\/sites\/7\/2023\/11\/logo-vertical2.png\",\"width\":257,\"height\":168,\"caption\":\"Boreal\"},\"image\":{\"@id\":\"https:\/\/world.borealoutdoor.com\/es\/#\/schema\/logo\/image\/\"},\"sameAs\":[\"https:\/\/www.facebook.com\/Boreal.official\/\",\"https:\/\/twitter.com\/borealoutdoor\",\"https:\/\/www.youtube.com\/user\/BorealVideos\",\"https:\/\/www.instagram.com\/borealoutdoor\/\"]}]}<\/script>\n<!-- \/ Yoast SEO plugin. -->","yoast_head_json":{"title":"MUTANT 3.0 - Boreal World","robots":{"index":"index","follow":"follow","max-snippet":"max-snippet:-1","max-image-preview":"max-image-preview:large","max-video-preview":"max-video-preview:-1"},"canonical":"https:\/\/world.borealoutdoor.com\/es\/producto\/mutant-3-0\/","og_locale":"es_ES","og_type":"article","og_title":"MUTANT 3.0 - Boreal World","og_description":"Para escalar los problemas m\u00e1s dif\u00edciles ya sean v\u00edas o boulders, un pie de gato ha de ser excelente en todos los aspectos; para adherirse en cualquier situaci\u00f3n. Taloneos o punteras; en cualquiera de estos casos ha de trabajar a [&hellip;]","og_url":"https:\/\/world.borealoutdoor.com\/es\/producto\/mutant-3-0\/","og_site_name":"Boreal World","article_publisher":"https:\/\/www.facebook.com\/Boreal.official\/","article_modified_time":"2026-01-13T06:55:18+00:00","og_image":[{"width":1000,"height":1000,"url":"https:\/\/world.borealoutdoor.com\/wp-content\/uploads\/sites\/7\/2026\/01\/11936.jpg","type":"image\/jpeg"}],"twitter_card":"summary_large_image","twitter_site":"@borealoutdoor","schema":{"@context":"https:\/\/schema.org","@graph":[{"@type":"WebPage","@id":"https:\/\/world.borealoutdoor.com\/es\/producto\/mutant-3-0\/","url":"https:\/\/world.borealoutdoor.com\/es\/producto\/mutant-3-0\/","name":"MUTANT 3.0 - Boreal World","isPartOf":{"@id":"https:\/\/world.borealoutdoor.com\/es\/#website"},"datePublished":"2026-01-13T06:45:36+00:00","dateModified":"2026-01-13T06:55:18+00:00","breadcrumb":{"@id":"https:\/\/world.borealoutdoor.com\/es\/producto\/mutant-3-0\/#breadcrumb"},"inLanguage":"es","potentialAction":[{"@type":"ReadAction","target":["https:\/\/world.borealoutdoor.com\/es\/producto\/mutant-3-0\/"]}]},{"@type":"BreadcrumbList","@id":"https:\/\/world.borealoutdoor.com\/es\/producto\/mutant-3-0\/#breadcrumb","itemListElement":[{"@type":"ListItem","position":1,"name":"Portada","item":"https:\/\/world.borealoutdoor.com\/es\/"},{"@type":"ListItem","position":2,"name":"Shop","item":"https:\/\/world.borealoutdoor.com\/?page_id=8770"},{"@type":"ListItem","position":3,"name":"MUTANT 3.0"}]},{"@type":"WebSite","@id":"https:\/\/world.borealoutdoor.com\/es\/#website","url":"https:\/\/world.borealoutdoor.com\/es\/","name":"Boreal","description":"","publisher":{"@id":"https:\/\/world.borealoutdoor.com\/es\/#organization"},"potentialAction":[{"@type":"SearchAction","target":{"@type":"EntryPoint","urlTemplate":"https:\/\/world.borealoutdoor.com\/es\/?s={search_term_string}"},"query-input":"required name=search_term_string"}],"inLanguage":"es"},{"@type":"Organization","@id":"https:\/\/world.borealoutdoor.com\/es\/#organization","name":"Boreal","url":"https:\/\/world.borealoutdoor.com\/es\/","logo":{"@type":"ImageObject","inLanguage":"es","@id":"https:\/\/world.borealoutdoor.com\/es\/#\/schema\/logo\/image\/","url":"https:\/\/world.borealoutdoor.com\/wp-content\/uploads\/sites\/7\/2023\/11\/logo-vertical2.png","contentUrl":"https:\/\/world.borealoutdoor.com\/wp-content\/uploads\/sites\/7\/2023\/11\/logo-vertical2.png","width":257,"height":168,"caption":"Boreal"},"image":{"@id":"https:\/\/world.borealoutdoor.com\/es\/#\/schema\/logo\/image\/"},"sameAs":["https:\/\/www.facebook.com\/Boreal.official\/","https:\/\/twitter.com\/borealoutdoor","https:\/\/www.youtube.com\/user\/BorealVideos","https:\/\/www.instagram.com\/borealoutdoor\/"]}]}},"_links":{"self":[{"href":"https:\/\/world.borealoutdoor.com\/es\/wp-json\/wp\/v2\/product\/92732"}],"collection":[{"href":"https:\/\/world.borealoutdoor.com\/es\/wp-json\/wp\/v2\/product"}],"about":[{"href":"https:\/\/world.borealoutdoor.com\/es\/wp-json\/wp\/v2\/types\/product"}],"replies":[{"embeddable":true,"href":"https:\/\/world.borealoutdoor.com\/es\/wp-json\/wp\/v2\/comments?post=92732"}],"wp:featuredmedia":[{"embeddable":true,"href":"https:\/\/world.borealoutdoor.com\/es\/wp-json\/wp\/v2\/media\/92658"}],"wp:attachment":[{"href":"https:\/\/world.borealoutdoor.com\/es\/wp-json\/wp\/v2\/media?parent=92732"}],"wp:term":[{"taxonomy":"product_cat","embeddable":true,"href":"https:\/\/world.borealoutdoor.com\/es\/wp-json\/wp\/v2\/product_cat?post=92732"},{"taxonomy":"product_tag","embeddable":true,"href":"https:\/\/world.borealoutdoor.com\/es\/wp-json\/wp\/v2\/product_tag?post=92732"}],"curies":[{"name":"wp","href":"https:\/\/api.w.org\/{rel}","templated":true}]}}