{"id":61453,"date":"2024-04-02T10:13:27","date_gmt":"2024-04-02T08:13:27","guid":{"rendered":"https:\/\/world.borealoutdoor.com\/product\/aspen-girls\/"},"modified":"2024-04-05T15:36:13","modified_gmt":"2024-04-05T13:36:13","slug":"aspen-girls","status":"publish","type":"product","link":"https:\/\/world.borealoutdoor.com\/es\/producto\/aspen-girls\/","title":{"rendered":"ASPEN GIRLS"},"content":{"rendered":"<p>La Aspen es una bota para caminar de alta calidad dise\u00f1ada para pies peque\u00f1os  con todas las funcionalidades de las de adultos. Al igual que nuestras botas para adultos, Aspen est\u00e1 fabricado con materiales de primera calidad para hacer frente a terrenos dif\u00edciles y al mal tiempo. Perfecto para cualquier cosa, desde senderismo en las vacaciones, hasta la escuela de invierno.<\/p>\n","protected":false},"excerpt":{"rendered":"<p>La Aspen es una bota para caminar de alta calidad dise\u00f1ada para pies peque\u00f1os con todas las funcionalidades de las de adultos. Al igual que nuestras botas para adultos, Aspen est\u00e1 fabricado con materiales de primera calidad para hacer frente [&hellip;]<\/p>\n","protected":false},"featured_media":54875,"comment_status":"closed","ping_status":"open","template":"","meta":[],"product_cat":[392,386],"product_tag":[],"yoast_head":"<!-- This site is optimized with the Yoast SEO plugin v21.8.1 - https:\/\/yoast.com\/wordpress\/plugins\/seo\/ -->\n<title>ASPEN GIRLS - Boreal World<\/title>\n<meta name=\"robots\" content=\"index, follow, max-snippet:-1, max-image-preview:large, max-video-preview:-1\" \/>\n<link rel=\"canonical\" href=\"https:\/\/world.borealoutdoor.com\/es\/producto\/aspen-girls\/\" \/>\n<meta property=\"og:locale\" content=\"es_ES\" \/>\n<meta property=\"og:type\" content=\"article\" \/>\n<meta property=\"og:title\" content=\"ASPEN GIRLS - Boreal World\" \/>\n<meta property=\"og:description\" content=\"La Aspen es una bota para caminar de alta calidad dise\u00f1ada para pies peque\u00f1os con todas las funcionalidades de las de adultos. Al igual que nuestras botas para adultos, Aspen est\u00e1 fabricado con materiales de primera calidad para hacer frente [&hellip;]\" \/>\n<meta property=\"og:url\" content=\"https:\/\/world.borealoutdoor.com\/es\/producto\/aspen-girls\/\" \/>\n<meta property=\"og:site_name\" content=\"Boreal World\" \/>\n<meta property=\"article:publisher\" content=\"https:\/\/www.facebook.com\/Boreal.official\/\" \/>\n<meta property=\"article:modified_time\" content=\"2024-04-05T13:36:13+00:00\" \/>\n<meta property=\"og:image\" content=\"https:\/\/world.borealoutdoor.com\/wp-content\/uploads\/sites\/7\/2024\/04\/40136.jpg\" \/>\n\t<meta property=\"og:image:width\" content=\"1000\" \/>\n\t<meta property=\"og:image:height\" content=\"1000\" \/>\n\t<meta property=\"og:image:type\" content=\"image\/jpeg\" \/>\n<meta name=\"twitter:card\" content=\"summary_large_image\" \/>\n<meta name=\"twitter:site\" content=\"@borealoutdoor\" \/>\n<script type=\"application\/ld+json\" class=\"yoast-schema-graph\">{\"@context\":\"https:\/\/schema.org\",\"@graph\":[{\"@type\":\"WebPage\",\"@id\":\"https:\/\/world.borealoutdoor.com\/es\/producto\/aspen-girls\/\",\"url\":\"https:\/\/world.borealoutdoor.com\/es\/producto\/aspen-girls\/\",\"name\":\"ASPEN GIRLS - Boreal World\",\"isPartOf\":{\"@id\":\"https:\/\/world.borealoutdoor.com\/es\/#website\"},\"datePublished\":\"2024-04-02T08:13:27+00:00\",\"dateModified\":\"2024-04-05T13:36:13+00:00\",\"breadcrumb\":{\"@id\":\"https:\/\/world.borealoutdoor.com\/es\/producto\/aspen-girls\/#breadcrumb\"},\"inLanguage\":\"es\",\"potentialAction\":[{\"@type\":\"ReadAction\",\"target\":[\"https:\/\/world.borealoutdoor.com\/es\/producto\/aspen-girls\/\"]}]},{\"@type\":\"BreadcrumbList\",\"@id\":\"https:\/\/world.borealoutdoor.com\/es\/producto\/aspen-girls\/#breadcrumb\",\"itemListElement\":[{\"@type\":\"ListItem\",\"position\":1,\"name\":\"Portada\",\"item\":\"https:\/\/world.borealoutdoor.com\/es\/\"},{\"@type\":\"ListItem\",\"position\":2,\"name\":\"Shop\",\"item\":\"https:\/\/world.borealoutdoor.com\/?page_id=8770\"},{\"@type\":\"ListItem\",\"position\":3,\"name\":\"ASPEN GIRLS\"}]},{\"@type\":\"WebSite\",\"@id\":\"https:\/\/world.borealoutdoor.com\/es\/#website\",\"url\":\"https:\/\/world.borealoutdoor.com\/es\/\",\"name\":\"Boreal\",\"description\":\"\",\"publisher\":{\"@id\":\"https:\/\/world.borealoutdoor.com\/es\/#organization\"},\"potentialAction\":[{\"@type\":\"SearchAction\",\"target\":{\"@type\":\"EntryPoint\",\"urlTemplate\":\"https:\/\/world.borealoutdoor.com\/es\/?s={search_term_string}\"},\"query-input\":\"required name=search_term_string\"}],\"inLanguage\":\"es\"},{\"@type\":\"Organization\",\"@id\":\"https:\/\/world.borealoutdoor.com\/es\/#organization\",\"name\":\"Boreal\",\"url\":\"https:\/\/world.borealoutdoor.com\/es\/\",\"logo\":{\"@type\":\"ImageObject\",\"inLanguage\":\"es\",\"@id\":\"https:\/\/world.borealoutdoor.com\/es\/#\/schema\/logo\/image\/\",\"url\":\"https:\/\/world.borealoutdoor.com\/wp-content\/uploads\/sites\/7\/2023\/11\/logo-vertical2.png\",\"contentUrl\":\"https:\/\/world.borealoutdoor.com\/wp-content\/uploads\/sites\/7\/2023\/11\/logo-vertical2.png\",\"width\":257,\"height\":168,\"caption\":\"Boreal\"},\"image\":{\"@id\":\"https:\/\/world.borealoutdoor.com\/es\/#\/schema\/logo\/image\/\"},\"sameAs\":[\"https:\/\/www.facebook.com\/Boreal.official\/\",\"https:\/\/twitter.com\/borealoutdoor\",\"https:\/\/www.youtube.com\/user\/BorealVideos\",\"https:\/\/www.instagram.com\/borealoutdoor\/\"]}]}<\/script>\n<!-- \/ Yoast SEO plugin. -->","yoast_head_json":{"title":"ASPEN GIRLS - Boreal World","robots":{"index":"index","follow":"follow","max-snippet":"max-snippet:-1","max-image-preview":"max-image-preview:large","max-video-preview":"max-video-preview:-1"},"canonical":"https:\/\/world.borealoutdoor.com\/es\/producto\/aspen-girls\/","og_locale":"es_ES","og_type":"article","og_title":"ASPEN GIRLS - Boreal World","og_description":"La Aspen es una bota para caminar de alta calidad dise\u00f1ada para pies peque\u00f1os con todas las funcionalidades de las de adultos. Al igual que nuestras botas para adultos, Aspen est\u00e1 fabricado con materiales de primera calidad para hacer frente [&hellip;]","og_url":"https:\/\/world.borealoutdoor.com\/es\/producto\/aspen-girls\/","og_site_name":"Boreal World","article_publisher":"https:\/\/www.facebook.com\/Boreal.official\/","article_modified_time":"2024-04-05T13:36:13+00:00","og_image":[{"width":1000,"height":1000,"url":"https:\/\/world.borealoutdoor.com\/wp-content\/uploads\/sites\/7\/2024\/04\/40136.jpg","type":"image\/jpeg"}],"twitter_card":"summary_large_image","twitter_site":"@borealoutdoor","schema":{"@context":"https:\/\/schema.org","@graph":[{"@type":"WebPage","@id":"https:\/\/world.borealoutdoor.com\/es\/producto\/aspen-girls\/","url":"https:\/\/world.borealoutdoor.com\/es\/producto\/aspen-girls\/","name":"ASPEN GIRLS - Boreal World","isPartOf":{"@id":"https:\/\/world.borealoutdoor.com\/es\/#website"},"datePublished":"2024-04-02T08:13:27+00:00","dateModified":"2024-04-05T13:36:13+00:00","breadcrumb":{"@id":"https:\/\/world.borealoutdoor.com\/es\/producto\/aspen-girls\/#breadcrumb"},"inLanguage":"es","potentialAction":[{"@type":"ReadAction","target":["https:\/\/world.borealoutdoor.com\/es\/producto\/aspen-girls\/"]}]},{"@type":"BreadcrumbList","@id":"https:\/\/world.borealoutdoor.com\/es\/producto\/aspen-girls\/#breadcrumb","itemListElement":[{"@type":"ListItem","position":1,"name":"Portada","item":"https:\/\/world.borealoutdoor.com\/es\/"},{"@type":"ListItem","position":2,"name":"Shop","item":"https:\/\/world.borealoutdoor.com\/?page_id=8770"},{"@type":"ListItem","position":3,"name":"ASPEN GIRLS"}]},{"@type":"WebSite","@id":"https:\/\/world.borealoutdoor.com\/es\/#website","url":"https:\/\/world.borealoutdoor.com\/es\/","name":"Boreal","description":"","publisher":{"@id":"https:\/\/world.borealoutdoor.com\/es\/#organization"},"potentialAction":[{"@type":"SearchAction","target":{"@type":"EntryPoint","urlTemplate":"https:\/\/world.borealoutdoor.com\/es\/?s={search_term_string}"},"query-input":"required name=search_term_string"}],"inLanguage":"es"},{"@type":"Organization","@id":"https:\/\/world.borealoutdoor.com\/es\/#organization","name":"Boreal","url":"https:\/\/world.borealoutdoor.com\/es\/","logo":{"@type":"ImageObject","inLanguage":"es","@id":"https:\/\/world.borealoutdoor.com\/es\/#\/schema\/logo\/image\/","url":"https:\/\/world.borealoutdoor.com\/wp-content\/uploads\/sites\/7\/2023\/11\/logo-vertical2.png","contentUrl":"https:\/\/world.borealoutdoor.com\/wp-content\/uploads\/sites\/7\/2023\/11\/logo-vertical2.png","width":257,"height":168,"caption":"Boreal"},"image":{"@id":"https:\/\/world.borealoutdoor.com\/es\/#\/schema\/logo\/image\/"},"sameAs":["https:\/\/www.facebook.com\/Boreal.official\/","https:\/\/twitter.com\/borealoutdoor","https:\/\/www.youtube.com\/user\/BorealVideos","https:\/\/www.instagram.com\/borealoutdoor\/"]}]}},"_links":{"self":[{"href":"https:\/\/world.borealoutdoor.com\/es\/wp-json\/wp\/v2\/product\/61453"}],"collection":[{"href":"https:\/\/world.borealoutdoor.com\/es\/wp-json\/wp\/v2\/product"}],"about":[{"href":"https:\/\/world.borealoutdoor.com\/es\/wp-json\/wp\/v2\/types\/product"}],"replies":[{"embeddable":true,"href":"https:\/\/world.borealoutdoor.com\/es\/wp-json\/wp\/v2\/comments?post=61453"}],"wp:featuredmedia":[{"embeddable":true,"href":"https:\/\/world.borealoutdoor.com\/es\/wp-json\/wp\/v2\/media\/54875"}],"wp:attachment":[{"href":"https:\/\/world.borealoutdoor.com\/es\/wp-json\/wp\/v2\/media?parent=61453"}],"wp:term":[{"taxonomy":"product_cat","embeddable":true,"href":"https:\/\/world.borealoutdoor.com\/es\/wp-json\/wp\/v2\/product_cat?post=61453"},{"taxonomy":"product_tag","embeddable":true,"href":"https:\/\/world.borealoutdoor.com\/es\/wp-json\/wp\/v2\/product_tag?post=61453"}],"curies":[{"name":"wp","href":"https:\/\/api.w.org\/{rel}","templated":true}]}}