{"id":93310,"date":"2026-04-24T10:02:26","date_gmt":"2026-04-24T08:02:26","guid":{"rendered":"https:\/\/world.borealoutdoor.com\/product\/nodab-v7-lv\/"},"modified":"2026-04-24T11:06:47","modified_gmt":"2026-04-24T09:06:47","slug":"nodab-v7-lv","status":"publish","type":"product","link":"https:\/\/world.borealoutdoor.com\/de\/produkt\/nodab-v7-lv\/","title":{"rendered":"NODAB V7 LV"},"content":{"rendered":"<p>Mit einem bequemen Leisten, einer weichen Zwischensohle und mit einer Gummikappe f\u00fcr Toe-Hooks versehen, bringt der NODAB V7 mehr Spa\u00df beim Bouldern! Dank seiner nat\u00fcrlichen Passform und des angenehmen Gef\u00fchls, eignet er sich hervorragend f\u00fcr dynamische und verspielte Bewegungen. Vielseitig f\u00fcr den universellen Einsatz, aber insbesondere zum Bouldern gemacht. Der NODAB V7 wird bestimmt beliebt werden.<\/p>\n","protected":false},"excerpt":{"rendered":"<p>Mit einem bequemen Leisten, einer weichen Zwischensohle und mit einer Gummikappe f\u00fcr Toe-Hooks versehen, bringt der NODAB V7 mehr Spa\u00df beim Bouldern! Dank seiner nat\u00fcrlichen Passform und des angenehmen Gef\u00fchls, eignet er sich hervorragend f\u00fcr dynamische und verspielte Bewegungen. Vielseitig [&hellip;]<\/p>\n","protected":false},"featured_media":93208,"comment_status":"closed","ping_status":"open","template":"","meta":[],"product_cat":[338,340],"product_tag":[],"yoast_head":"<!-- This site is optimized with the Yoast SEO plugin v21.8.1 - https:\/\/yoast.com\/wordpress\/plugins\/seo\/ -->\n<title>NODAB V7 LV - Boreal World<\/title>\n<meta name=\"robots\" content=\"index, follow, max-snippet:-1, max-image-preview:large, max-video-preview:-1\" \/>\n<link rel=\"canonical\" href=\"https:\/\/world.borealoutdoor.com\/de\/produkt\/nodab-v7-lv\/\" \/>\n<meta property=\"og:locale\" content=\"de_DE\" \/>\n<meta property=\"og:type\" content=\"article\" \/>\n<meta property=\"og:title\" content=\"NODAB V7 LV - Boreal World\" \/>\n<meta property=\"og:description\" content=\"Mit einem bequemen Leisten, einer weichen Zwischensohle und mit einer Gummikappe f\u00fcr Toe-Hooks versehen, bringt der NODAB V7 mehr Spa\u00df beim Bouldern! Dank seiner nat\u00fcrlichen Passform und des angenehmen Gef\u00fchls, eignet er sich hervorragend f\u00fcr dynamische und verspielte Bewegungen. Vielseitig [&hellip;]\" \/>\n<meta property=\"og:url\" content=\"https:\/\/world.borealoutdoor.com\/de\/produkt\/nodab-v7-lv\/\" \/>\n<meta property=\"og:site_name\" content=\"Boreal World\" \/>\n<meta property=\"article:publisher\" content=\"https:\/\/www.facebook.com\/Boreal.official\/\" \/>\n<meta property=\"article:modified_time\" content=\"2026-04-24T09:06:47+00:00\" \/>\n<meta property=\"og:image\" content=\"https:\/\/world.borealoutdoor.com\/wp-content\/uploads\/sites\/7\/2026\/04\/11121.jpg\" \/>\n\t<meta property=\"og:image:width\" content=\"1000\" \/>\n\t<meta property=\"og:image:height\" content=\"1000\" \/>\n\t<meta property=\"og:image:type\" content=\"image\/jpeg\" \/>\n<meta name=\"twitter:card\" content=\"summary_large_image\" \/>\n<meta name=\"twitter:site\" content=\"@borealoutdoor\" \/>\n<script type=\"application\/ld+json\" class=\"yoast-schema-graph\">{\"@context\":\"https:\/\/schema.org\",\"@graph\":[{\"@type\":\"WebPage\",\"@id\":\"https:\/\/world.borealoutdoor.com\/de\/produkt\/nodab-v7-lv\/\",\"url\":\"https:\/\/world.borealoutdoor.com\/de\/produkt\/nodab-v7-lv\/\",\"name\":\"NODAB V7 LV - Boreal World\",\"isPartOf\":{\"@id\":\"https:\/\/world.borealoutdoor.com\/de\/#website\"},\"datePublished\":\"2026-04-24T08:02:26+00:00\",\"dateModified\":\"2026-04-24T09:06:47+00:00\",\"breadcrumb\":{\"@id\":\"https:\/\/world.borealoutdoor.com\/de\/produkt\/nodab-v7-lv\/#breadcrumb\"},\"inLanguage\":\"de-DE\",\"potentialAction\":[{\"@type\":\"ReadAction\",\"target\":[\"https:\/\/world.borealoutdoor.com\/de\/produkt\/nodab-v7-lv\/\"]}]},{\"@type\":\"BreadcrumbList\",\"@id\":\"https:\/\/world.borealoutdoor.com\/de\/produkt\/nodab-v7-lv\/#breadcrumb\",\"itemListElement\":[{\"@type\":\"ListItem\",\"position\":1,\"name\":\"Portada\",\"item\":\"https:\/\/world.borealoutdoor.com\/de\/\"},{\"@type\":\"ListItem\",\"position\":2,\"name\":\"Shop\",\"item\":\"https:\/\/world.borealoutdoor.com\/?page_id=8770\"},{\"@type\":\"ListItem\",\"position\":3,\"name\":\"NODAB V7 LV\"}]},{\"@type\":\"WebSite\",\"@id\":\"https:\/\/world.borealoutdoor.com\/de\/#website\",\"url\":\"https:\/\/world.borealoutdoor.com\/de\/\",\"name\":\"Boreal\",\"description\":\"\",\"publisher\":{\"@id\":\"https:\/\/world.borealoutdoor.com\/de\/#organization\"},\"potentialAction\":[{\"@type\":\"SearchAction\",\"target\":{\"@type\":\"EntryPoint\",\"urlTemplate\":\"https:\/\/world.borealoutdoor.com\/de\/?s={search_term_string}\"},\"query-input\":\"required name=search_term_string\"}],\"inLanguage\":\"de-DE\"},{\"@type\":\"Organization\",\"@id\":\"https:\/\/world.borealoutdoor.com\/de\/#organization\",\"name\":\"Boreal\",\"url\":\"https:\/\/world.borealoutdoor.com\/de\/\",\"logo\":{\"@type\":\"ImageObject\",\"inLanguage\":\"de-DE\",\"@id\":\"https:\/\/world.borealoutdoor.com\/de\/#\/schema\/logo\/image\/\",\"url\":\"https:\/\/world.borealoutdoor.com\/wp-content\/uploads\/sites\/7\/2023\/11\/logo-vertical2.png\",\"contentUrl\":\"https:\/\/world.borealoutdoor.com\/wp-content\/uploads\/sites\/7\/2023\/11\/logo-vertical2.png\",\"width\":257,\"height\":168,\"caption\":\"Boreal\"},\"image\":{\"@id\":\"https:\/\/world.borealoutdoor.com\/de\/#\/schema\/logo\/image\/\"},\"sameAs\":[\"https:\/\/www.facebook.com\/Boreal.official\/\",\"https:\/\/twitter.com\/borealoutdoor\",\"https:\/\/www.youtube.com\/user\/BorealVideos\",\"https:\/\/www.instagram.com\/borealoutdoor\/\"]}]}<\/script>\n<!-- \/ Yoast SEO plugin. -->","yoast_head_json":{"title":"NODAB V7 LV - Boreal World","robots":{"index":"index","follow":"follow","max-snippet":"max-snippet:-1","max-image-preview":"max-image-preview:large","max-video-preview":"max-video-preview:-1"},"canonical":"https:\/\/world.borealoutdoor.com\/de\/produkt\/nodab-v7-lv\/","og_locale":"de_DE","og_type":"article","og_title":"NODAB V7 LV - Boreal World","og_description":"Mit einem bequemen Leisten, einer weichen Zwischensohle und mit einer Gummikappe f\u00fcr Toe-Hooks versehen, bringt der NODAB V7 mehr Spa\u00df beim Bouldern! Dank seiner nat\u00fcrlichen Passform und des angenehmen Gef\u00fchls, eignet er sich hervorragend f\u00fcr dynamische und verspielte Bewegungen. Vielseitig [&hellip;]","og_url":"https:\/\/world.borealoutdoor.com\/de\/produkt\/nodab-v7-lv\/","og_site_name":"Boreal World","article_publisher":"https:\/\/www.facebook.com\/Boreal.official\/","article_modified_time":"2026-04-24T09:06:47+00:00","og_image":[{"width":1000,"height":1000,"url":"https:\/\/world.borealoutdoor.com\/wp-content\/uploads\/sites\/7\/2026\/04\/11121.jpg","type":"image\/jpeg"}],"twitter_card":"summary_large_image","twitter_site":"@borealoutdoor","schema":{"@context":"https:\/\/schema.org","@graph":[{"@type":"WebPage","@id":"https:\/\/world.borealoutdoor.com\/de\/produkt\/nodab-v7-lv\/","url":"https:\/\/world.borealoutdoor.com\/de\/produkt\/nodab-v7-lv\/","name":"NODAB V7 LV - Boreal World","isPartOf":{"@id":"https:\/\/world.borealoutdoor.com\/de\/#website"},"datePublished":"2026-04-24T08:02:26+00:00","dateModified":"2026-04-24T09:06:47+00:00","breadcrumb":{"@id":"https:\/\/world.borealoutdoor.com\/de\/produkt\/nodab-v7-lv\/#breadcrumb"},"inLanguage":"de-DE","potentialAction":[{"@type":"ReadAction","target":["https:\/\/world.borealoutdoor.com\/de\/produkt\/nodab-v7-lv\/"]}]},{"@type":"BreadcrumbList","@id":"https:\/\/world.borealoutdoor.com\/de\/produkt\/nodab-v7-lv\/#breadcrumb","itemListElement":[{"@type":"ListItem","position":1,"name":"Portada","item":"https:\/\/world.borealoutdoor.com\/de\/"},{"@type":"ListItem","position":2,"name":"Shop","item":"https:\/\/world.borealoutdoor.com\/?page_id=8770"},{"@type":"ListItem","position":3,"name":"NODAB V7 LV"}]},{"@type":"WebSite","@id":"https:\/\/world.borealoutdoor.com\/de\/#website","url":"https:\/\/world.borealoutdoor.com\/de\/","name":"Boreal","description":"","publisher":{"@id":"https:\/\/world.borealoutdoor.com\/de\/#organization"},"potentialAction":[{"@type":"SearchAction","target":{"@type":"EntryPoint","urlTemplate":"https:\/\/world.borealoutdoor.com\/de\/?s={search_term_string}"},"query-input":"required name=search_term_string"}],"inLanguage":"de-DE"},{"@type":"Organization","@id":"https:\/\/world.borealoutdoor.com\/de\/#organization","name":"Boreal","url":"https:\/\/world.borealoutdoor.com\/de\/","logo":{"@type":"ImageObject","inLanguage":"de-DE","@id":"https:\/\/world.borealoutdoor.com\/de\/#\/schema\/logo\/image\/","url":"https:\/\/world.borealoutdoor.com\/wp-content\/uploads\/sites\/7\/2023\/11\/logo-vertical2.png","contentUrl":"https:\/\/world.borealoutdoor.com\/wp-content\/uploads\/sites\/7\/2023\/11\/logo-vertical2.png","width":257,"height":168,"caption":"Boreal"},"image":{"@id":"https:\/\/world.borealoutdoor.com\/de\/#\/schema\/logo\/image\/"},"sameAs":["https:\/\/www.facebook.com\/Boreal.official\/","https:\/\/twitter.com\/borealoutdoor","https:\/\/www.youtube.com\/user\/BorealVideos","https:\/\/www.instagram.com\/borealoutdoor\/"]}]}},"_links":{"self":[{"href":"https:\/\/world.borealoutdoor.com\/de\/wp-json\/wp\/v2\/product\/93310"}],"collection":[{"href":"https:\/\/world.borealoutdoor.com\/de\/wp-json\/wp\/v2\/product"}],"about":[{"href":"https:\/\/world.borealoutdoor.com\/de\/wp-json\/wp\/v2\/types\/product"}],"replies":[{"embeddable":true,"href":"https:\/\/world.borealoutdoor.com\/de\/wp-json\/wp\/v2\/comments?post=93310"}],"wp:featuredmedia":[{"embeddable":true,"href":"https:\/\/world.borealoutdoor.com\/de\/wp-json\/wp\/v2\/media\/93208"}],"wp:attachment":[{"href":"https:\/\/world.borealoutdoor.com\/de\/wp-json\/wp\/v2\/media?parent=93310"}],"wp:term":[{"taxonomy":"product_cat","embeddable":true,"href":"https:\/\/world.borealoutdoor.com\/de\/wp-json\/wp\/v2\/product_cat?post=93310"},{"taxonomy":"product_tag","embeddable":true,"href":"https:\/\/world.borealoutdoor.com\/de\/wp-json\/wp\/v2\/product_tag?post=93310"}],"curies":[{"name":"wp","href":"https:\/\/api.w.org\/{rel}","templated":true}]}}