{"id":68031,"date":"2024-04-02T10:32:03","date_gmt":"2024-04-02T08:32:03","guid":{"rendered":"https:\/\/world.borealoutdoor.com\/product\/siula\/"},"modified":"2024-04-11T11:16:21","modified_gmt":"2024-04-11T09:16:21","slug":"siula","status":"publish","type":"product","link":"https:\/\/world.borealoutdoor.com\/de\/produkt\/siula\/","title":{"rendered":"SIULA"},"content":{"rendered":"<p>Eingereiht zwischen unserem G1 Lite und G1 Expe, findet sich Siula als vielleicht vielseitigster Hochgebirgsstiefel \u00fcberhaupt. Warm genug f\u00fcr die k\u00e4ltesten alpinen Bedingungen und robust genug f\u00fcr mehrj\u00e4hrige Nutzung, ist der Siula die ideale Wahl f\u00fcr Winterbegehungen in den Alpen und Gipfel bis 7000m.<\/p>\n","protected":false},"excerpt":{"rendered":"<p>Eingereiht zwischen unserem G1 Lite und G1 Expe, findet sich Siula als vielleicht vielseitigster Hochgebirgsstiefel \u00fcberhaupt. Warm genug f\u00fcr die k\u00e4ltesten alpinen Bedingungen und robust genug f\u00fcr mehrj\u00e4hrige Nutzung, ist der Siula die ideale Wahl f\u00fcr Winterbegehungen in den Alpen [&hellip;]<\/p>\n","protected":false},"featured_media":55911,"comment_status":"closed","ping_status":"open","template":"","meta":[],"product_cat":[367],"product_tag":[],"yoast_head":"<!-- This site is optimized with the Yoast SEO plugin v21.8.1 - https:\/\/yoast.com\/wordpress\/plugins\/seo\/ -->\n<title>SIULA - Boreal World<\/title>\n<meta name=\"robots\" content=\"index, follow, max-snippet:-1, max-image-preview:large, max-video-preview:-1\" \/>\n<link rel=\"canonical\" href=\"https:\/\/world.borealoutdoor.com\/de\/produkt\/siula\/\" \/>\n<meta property=\"og:locale\" content=\"de_DE\" \/>\n<meta property=\"og:type\" content=\"article\" \/>\n<meta property=\"og:title\" content=\"SIULA - Boreal World\" \/>\n<meta property=\"og:description\" content=\"Eingereiht zwischen unserem G1 Lite und G1 Expe, findet sich Siula als vielleicht vielseitigster Hochgebirgsstiefel \u00fcberhaupt. Warm genug f\u00fcr die k\u00e4ltesten alpinen Bedingungen und robust genug f\u00fcr mehrj\u00e4hrige Nutzung, ist der Siula die ideale Wahl f\u00fcr Winterbegehungen in den Alpen [&hellip;]\" \/>\n<meta property=\"og:url\" content=\"https:\/\/world.borealoutdoor.com\/de\/produkt\/siula\/\" \/>\n<meta property=\"og:site_name\" content=\"Boreal World\" \/>\n<meta property=\"article:publisher\" content=\"https:\/\/www.facebook.com\/Boreal.official\/\" \/>\n<meta property=\"article:modified_time\" content=\"2024-04-11T09:16:21+00:00\" \/>\n<meta property=\"og:image\" content=\"https:\/\/world.borealoutdoor.com\/wp-content\/uploads\/sites\/7\/2024\/04\/47503.jpg\" \/>\n\t<meta property=\"og:image:width\" content=\"1000\" \/>\n\t<meta property=\"og:image:height\" content=\"1000\" \/>\n\t<meta property=\"og:image:type\" content=\"image\/jpeg\" \/>\n<meta name=\"twitter:card\" content=\"summary_large_image\" \/>\n<meta name=\"twitter:site\" content=\"@borealoutdoor\" \/>\n<script type=\"application\/ld+json\" class=\"yoast-schema-graph\">{\"@context\":\"https:\/\/schema.org\",\"@graph\":[{\"@type\":\"WebPage\",\"@id\":\"https:\/\/world.borealoutdoor.com\/de\/produkt\/siula\/\",\"url\":\"https:\/\/world.borealoutdoor.com\/de\/produkt\/siula\/\",\"name\":\"SIULA - Boreal World\",\"isPartOf\":{\"@id\":\"https:\/\/world.borealoutdoor.com\/de\/#website\"},\"datePublished\":\"2024-04-02T08:32:03+00:00\",\"dateModified\":\"2024-04-11T09:16:21+00:00\",\"breadcrumb\":{\"@id\":\"https:\/\/world.borealoutdoor.com\/de\/produkt\/siula\/#breadcrumb\"},\"inLanguage\":\"de-DE\",\"potentialAction\":[{\"@type\":\"ReadAction\",\"target\":[\"https:\/\/world.borealoutdoor.com\/de\/produkt\/siula\/\"]}]},{\"@type\":\"BreadcrumbList\",\"@id\":\"https:\/\/world.borealoutdoor.com\/de\/produkt\/siula\/#breadcrumb\",\"itemListElement\":[{\"@type\":\"ListItem\",\"position\":1,\"name\":\"Portada\",\"item\":\"https:\/\/world.borealoutdoor.com\/de\/\"},{\"@type\":\"ListItem\",\"position\":2,\"name\":\"Shop\",\"item\":\"https:\/\/world.borealoutdoor.com\/?page_id=8770\"},{\"@type\":\"ListItem\",\"position\":3,\"name\":\"SIULA\"}]},{\"@type\":\"WebSite\",\"@id\":\"https:\/\/world.borealoutdoor.com\/de\/#website\",\"url\":\"https:\/\/world.borealoutdoor.com\/de\/\",\"name\":\"Boreal\",\"description\":\"\",\"publisher\":{\"@id\":\"https:\/\/world.borealoutdoor.com\/de\/#organization\"},\"potentialAction\":[{\"@type\":\"SearchAction\",\"target\":{\"@type\":\"EntryPoint\",\"urlTemplate\":\"https:\/\/world.borealoutdoor.com\/de\/?s={search_term_string}\"},\"query-input\":\"required name=search_term_string\"}],\"inLanguage\":\"de-DE\"},{\"@type\":\"Organization\",\"@id\":\"https:\/\/world.borealoutdoor.com\/de\/#organization\",\"name\":\"Boreal\",\"url\":\"https:\/\/world.borealoutdoor.com\/de\/\",\"logo\":{\"@type\":\"ImageObject\",\"inLanguage\":\"de-DE\",\"@id\":\"https:\/\/world.borealoutdoor.com\/de\/#\/schema\/logo\/image\/\",\"url\":\"https:\/\/world.borealoutdoor.com\/wp-content\/uploads\/sites\/7\/2023\/11\/logo-vertical2.png\",\"contentUrl\":\"https:\/\/world.borealoutdoor.com\/wp-content\/uploads\/sites\/7\/2023\/11\/logo-vertical2.png\",\"width\":257,\"height\":168,\"caption\":\"Boreal\"},\"image\":{\"@id\":\"https:\/\/world.borealoutdoor.com\/de\/#\/schema\/logo\/image\/\"},\"sameAs\":[\"https:\/\/www.facebook.com\/Boreal.official\/\",\"https:\/\/twitter.com\/borealoutdoor\",\"https:\/\/www.youtube.com\/user\/BorealVideos\",\"https:\/\/www.instagram.com\/borealoutdoor\/\"]}]}<\/script>\n<!-- \/ Yoast SEO plugin. -->","yoast_head_json":{"title":"SIULA - Boreal World","robots":{"index":"index","follow":"follow","max-snippet":"max-snippet:-1","max-image-preview":"max-image-preview:large","max-video-preview":"max-video-preview:-1"},"canonical":"https:\/\/world.borealoutdoor.com\/de\/produkt\/siula\/","og_locale":"de_DE","og_type":"article","og_title":"SIULA - Boreal World","og_description":"Eingereiht zwischen unserem G1 Lite und G1 Expe, findet sich Siula als vielleicht vielseitigster Hochgebirgsstiefel \u00fcberhaupt. Warm genug f\u00fcr die k\u00e4ltesten alpinen Bedingungen und robust genug f\u00fcr mehrj\u00e4hrige Nutzung, ist der Siula die ideale Wahl f\u00fcr Winterbegehungen in den Alpen [&hellip;]","og_url":"https:\/\/world.borealoutdoor.com\/de\/produkt\/siula\/","og_site_name":"Boreal World","article_publisher":"https:\/\/www.facebook.com\/Boreal.official\/","article_modified_time":"2024-04-11T09:16:21+00:00","og_image":[{"width":1000,"height":1000,"url":"https:\/\/world.borealoutdoor.com\/wp-content\/uploads\/sites\/7\/2024\/04\/47503.jpg","type":"image\/jpeg"}],"twitter_card":"summary_large_image","twitter_site":"@borealoutdoor","schema":{"@context":"https:\/\/schema.org","@graph":[{"@type":"WebPage","@id":"https:\/\/world.borealoutdoor.com\/de\/produkt\/siula\/","url":"https:\/\/world.borealoutdoor.com\/de\/produkt\/siula\/","name":"SIULA - Boreal World","isPartOf":{"@id":"https:\/\/world.borealoutdoor.com\/de\/#website"},"datePublished":"2024-04-02T08:32:03+00:00","dateModified":"2024-04-11T09:16:21+00:00","breadcrumb":{"@id":"https:\/\/world.borealoutdoor.com\/de\/produkt\/siula\/#breadcrumb"},"inLanguage":"de-DE","potentialAction":[{"@type":"ReadAction","target":["https:\/\/world.borealoutdoor.com\/de\/produkt\/siula\/"]}]},{"@type":"BreadcrumbList","@id":"https:\/\/world.borealoutdoor.com\/de\/produkt\/siula\/#breadcrumb","itemListElement":[{"@type":"ListItem","position":1,"name":"Portada","item":"https:\/\/world.borealoutdoor.com\/de\/"},{"@type":"ListItem","position":2,"name":"Shop","item":"https:\/\/world.borealoutdoor.com\/?page_id=8770"},{"@type":"ListItem","position":3,"name":"SIULA"}]},{"@type":"WebSite","@id":"https:\/\/world.borealoutdoor.com\/de\/#website","url":"https:\/\/world.borealoutdoor.com\/de\/","name":"Boreal","description":"","publisher":{"@id":"https:\/\/world.borealoutdoor.com\/de\/#organization"},"potentialAction":[{"@type":"SearchAction","target":{"@type":"EntryPoint","urlTemplate":"https:\/\/world.borealoutdoor.com\/de\/?s={search_term_string}"},"query-input":"required name=search_term_string"}],"inLanguage":"de-DE"},{"@type":"Organization","@id":"https:\/\/world.borealoutdoor.com\/de\/#organization","name":"Boreal","url":"https:\/\/world.borealoutdoor.com\/de\/","logo":{"@type":"ImageObject","inLanguage":"de-DE","@id":"https:\/\/world.borealoutdoor.com\/de\/#\/schema\/logo\/image\/","url":"https:\/\/world.borealoutdoor.com\/wp-content\/uploads\/sites\/7\/2023\/11\/logo-vertical2.png","contentUrl":"https:\/\/world.borealoutdoor.com\/wp-content\/uploads\/sites\/7\/2023\/11\/logo-vertical2.png","width":257,"height":168,"caption":"Boreal"},"image":{"@id":"https:\/\/world.borealoutdoor.com\/de\/#\/schema\/logo\/image\/"},"sameAs":["https:\/\/www.facebook.com\/Boreal.official\/","https:\/\/twitter.com\/borealoutdoor","https:\/\/www.youtube.com\/user\/BorealVideos","https:\/\/www.instagram.com\/borealoutdoor\/"]}]}},"_links":{"self":[{"href":"https:\/\/world.borealoutdoor.com\/de\/wp-json\/wp\/v2\/product\/68031"}],"collection":[{"href":"https:\/\/world.borealoutdoor.com\/de\/wp-json\/wp\/v2\/product"}],"about":[{"href":"https:\/\/world.borealoutdoor.com\/de\/wp-json\/wp\/v2\/types\/product"}],"replies":[{"embeddable":true,"href":"https:\/\/world.borealoutdoor.com\/de\/wp-json\/wp\/v2\/comments?post=68031"}],"wp:featuredmedia":[{"embeddable":true,"href":"https:\/\/world.borealoutdoor.com\/de\/wp-json\/wp\/v2\/media\/55911"}],"wp:attachment":[{"href":"https:\/\/world.borealoutdoor.com\/de\/wp-json\/wp\/v2\/media?parent=68031"}],"wp:term":[{"taxonomy":"product_cat","embeddable":true,"href":"https:\/\/world.borealoutdoor.com\/de\/wp-json\/wp\/v2\/product_cat?post=68031"},{"taxonomy":"product_tag","embeddable":true,"href":"https:\/\/world.borealoutdoor.com\/de\/wp-json\/wp\/v2\/product_tag?post=68031"}],"curies":[{"name":"wp","href":"https:\/\/api.w.org\/{rel}","templated":true}]}}