{"id":67348,"date":"2024-04-02T10:14:26","date_gmt":"2024-04-02T08:14:26","guid":{"rendered":"https:\/\/world.borealoutdoor.com\/product\/drom-mid\/"},"modified":"2024-04-24T19:05:36","modified_gmt":"2024-04-24T17:05:36","slug":"drom-mid","status":"publish","type":"product","link":"https:\/\/world.borealoutdoor.com\/de\/produkt\/drom-mid\/","title":{"rendered":"DROM MID"},"content":{"rendered":"<p>Ein kompromissloser Schuh f\u00fcr den Berg. Drom zeigt volle Leistung, wo du sie ben\u00f6tigst um an dein Ziel zu kommen. Drom eignet sich perfekt f\u00fcr den Anstieg zum nahen Kletterfelsen oder f\u00fcr Touren hoch in den Bergen.<\/p>\n","protected":false},"excerpt":{"rendered":"<p>Ein kompromissloser Schuh f\u00fcr den Berg. Drom zeigt volle Leistung, wo du sie ben\u00f6tigst um an dein Ziel zu kommen. Drom eignet sich perfekt f\u00fcr den Anstieg zum nahen Kletterfelsen oder f\u00fcr Touren hoch in den Bergen.<\/p>\n","protected":false},"featured_media":54948,"comment_status":"closed","ping_status":"closed","template":"","meta":[],"product_cat":[385,400],"product_tag":[],"yoast_head":"<!-- This site is optimized with the Yoast SEO plugin v21.8.1 - https:\/\/yoast.com\/wordpress\/plugins\/seo\/ -->\n<title>DROM MID - Boreal World<\/title>\n<meta name=\"robots\" content=\"index, follow, max-snippet:-1, max-image-preview:large, max-video-preview:-1\" \/>\n<link rel=\"canonical\" href=\"https:\/\/world.borealoutdoor.com\/de\/produkt\/drom-mid\/\" \/>\n<meta property=\"og:locale\" content=\"de_DE\" \/>\n<meta property=\"og:type\" content=\"article\" \/>\n<meta property=\"og:title\" content=\"DROM MID - Boreal World\" \/>\n<meta property=\"og:description\" content=\"Ein kompromissloser Schuh f\u00fcr den Berg. Drom zeigt volle Leistung, wo du sie ben\u00f6tigst um an dein Ziel zu kommen. Drom eignet sich perfekt f\u00fcr den Anstieg zum nahen Kletterfelsen oder f\u00fcr Touren hoch in den Bergen.\" \/>\n<meta property=\"og:url\" content=\"https:\/\/world.borealoutdoor.com\/de\/produkt\/drom-mid\/\" \/>\n<meta property=\"og:site_name\" content=\"Boreal World\" \/>\n<meta property=\"article:publisher\" content=\"https:\/\/www.facebook.com\/Boreal.official\/\" \/>\n<meta property=\"article:modified_time\" content=\"2024-04-24T17:05:36+00:00\" \/>\n<meta property=\"og:image\" content=\"https:\/\/world.borealoutdoor.com\/wp-content\/uploads\/sites\/7\/2024\/04\/44323.jpg\" \/>\n\t<meta property=\"og:image:width\" content=\"1000\" \/>\n\t<meta property=\"og:image:height\" content=\"1000\" \/>\n\t<meta property=\"og:image:type\" content=\"image\/jpeg\" \/>\n<meta name=\"twitter:card\" content=\"summary_large_image\" \/>\n<meta name=\"twitter:site\" content=\"@borealoutdoor\" \/>\n<meta name=\"twitter:label1\" content=\"Gesch\u00e4tzte Lesezeit\" \/>\n\t<meta name=\"twitter:data1\" content=\"1 Minute\" \/>\n<script type=\"application\/ld+json\" class=\"yoast-schema-graph\">{\"@context\":\"https:\/\/schema.org\",\"@graph\":[{\"@type\":\"WebPage\",\"@id\":\"https:\/\/world.borealoutdoor.com\/de\/produkt\/drom-mid\/\",\"url\":\"https:\/\/world.borealoutdoor.com\/de\/produkt\/drom-mid\/\",\"name\":\"DROM MID - Boreal World\",\"isPartOf\":{\"@id\":\"https:\/\/world.borealoutdoor.com\/de\/#website\"},\"datePublished\":\"2024-04-02T08:14:26+00:00\",\"dateModified\":\"2024-04-24T17:05:36+00:00\",\"breadcrumb\":{\"@id\":\"https:\/\/world.borealoutdoor.com\/de\/produkt\/drom-mid\/#breadcrumb\"},\"inLanguage\":\"de-DE\",\"potentialAction\":[{\"@type\":\"ReadAction\",\"target\":[\"https:\/\/world.borealoutdoor.com\/de\/produkt\/drom-mid\/\"]}]},{\"@type\":\"BreadcrumbList\",\"@id\":\"https:\/\/world.borealoutdoor.com\/de\/produkt\/drom-mid\/#breadcrumb\",\"itemListElement\":[{\"@type\":\"ListItem\",\"position\":1,\"name\":\"Portada\",\"item\":\"https:\/\/world.borealoutdoor.com\/de\/\"},{\"@type\":\"ListItem\",\"position\":2,\"name\":\"Shop\",\"item\":\"https:\/\/world.borealoutdoor.com\/?page_id=8770\"},{\"@type\":\"ListItem\",\"position\":3,\"name\":\"DROM MID\"}]},{\"@type\":\"WebSite\",\"@id\":\"https:\/\/world.borealoutdoor.com\/de\/#website\",\"url\":\"https:\/\/world.borealoutdoor.com\/de\/\",\"name\":\"Boreal\",\"description\":\"\",\"publisher\":{\"@id\":\"https:\/\/world.borealoutdoor.com\/de\/#organization\"},\"potentialAction\":[{\"@type\":\"SearchAction\",\"target\":{\"@type\":\"EntryPoint\",\"urlTemplate\":\"https:\/\/world.borealoutdoor.com\/de\/?s={search_term_string}\"},\"query-input\":\"required name=search_term_string\"}],\"inLanguage\":\"de-DE\"},{\"@type\":\"Organization\",\"@id\":\"https:\/\/world.borealoutdoor.com\/de\/#organization\",\"name\":\"Boreal\",\"url\":\"https:\/\/world.borealoutdoor.com\/de\/\",\"logo\":{\"@type\":\"ImageObject\",\"inLanguage\":\"de-DE\",\"@id\":\"https:\/\/world.borealoutdoor.com\/de\/#\/schema\/logo\/image\/\",\"url\":\"https:\/\/world.borealoutdoor.com\/wp-content\/uploads\/sites\/7\/2023\/11\/logo-vertical2.png\",\"contentUrl\":\"https:\/\/world.borealoutdoor.com\/wp-content\/uploads\/sites\/7\/2023\/11\/logo-vertical2.png\",\"width\":257,\"height\":168,\"caption\":\"Boreal\"},\"image\":{\"@id\":\"https:\/\/world.borealoutdoor.com\/de\/#\/schema\/logo\/image\/\"},\"sameAs\":[\"https:\/\/www.facebook.com\/Boreal.official\/\",\"https:\/\/twitter.com\/borealoutdoor\",\"https:\/\/www.youtube.com\/user\/BorealVideos\",\"https:\/\/www.instagram.com\/borealoutdoor\/\"]}]}<\/script>\n<!-- \/ Yoast SEO plugin. -->","yoast_head_json":{"title":"DROM MID - Boreal World","robots":{"index":"index","follow":"follow","max-snippet":"max-snippet:-1","max-image-preview":"max-image-preview:large","max-video-preview":"max-video-preview:-1"},"canonical":"https:\/\/world.borealoutdoor.com\/de\/produkt\/drom-mid\/","og_locale":"de_DE","og_type":"article","og_title":"DROM MID - Boreal World","og_description":"Ein kompromissloser Schuh f\u00fcr den Berg. Drom zeigt volle Leistung, wo du sie ben\u00f6tigst um an dein Ziel zu kommen. Drom eignet sich perfekt f\u00fcr den Anstieg zum nahen Kletterfelsen oder f\u00fcr Touren hoch in den Bergen.","og_url":"https:\/\/world.borealoutdoor.com\/de\/produkt\/drom-mid\/","og_site_name":"Boreal World","article_publisher":"https:\/\/www.facebook.com\/Boreal.official\/","article_modified_time":"2024-04-24T17:05:36+00:00","og_image":[{"width":1000,"height":1000,"url":"https:\/\/world.borealoutdoor.com\/wp-content\/uploads\/sites\/7\/2024\/04\/44323.jpg","type":"image\/jpeg"}],"twitter_card":"summary_large_image","twitter_site":"@borealoutdoor","twitter_misc":{"Gesch\u00e4tzte Lesezeit":"1 Minute"},"schema":{"@context":"https:\/\/schema.org","@graph":[{"@type":"WebPage","@id":"https:\/\/world.borealoutdoor.com\/de\/produkt\/drom-mid\/","url":"https:\/\/world.borealoutdoor.com\/de\/produkt\/drom-mid\/","name":"DROM MID - Boreal World","isPartOf":{"@id":"https:\/\/world.borealoutdoor.com\/de\/#website"},"datePublished":"2024-04-02T08:14:26+00:00","dateModified":"2024-04-24T17:05:36+00:00","breadcrumb":{"@id":"https:\/\/world.borealoutdoor.com\/de\/produkt\/drom-mid\/#breadcrumb"},"inLanguage":"de-DE","potentialAction":[{"@type":"ReadAction","target":["https:\/\/world.borealoutdoor.com\/de\/produkt\/drom-mid\/"]}]},{"@type":"BreadcrumbList","@id":"https:\/\/world.borealoutdoor.com\/de\/produkt\/drom-mid\/#breadcrumb","itemListElement":[{"@type":"ListItem","position":1,"name":"Portada","item":"https:\/\/world.borealoutdoor.com\/de\/"},{"@type":"ListItem","position":2,"name":"Shop","item":"https:\/\/world.borealoutdoor.com\/?page_id=8770"},{"@type":"ListItem","position":3,"name":"DROM MID"}]},{"@type":"WebSite","@id":"https:\/\/world.borealoutdoor.com\/de\/#website","url":"https:\/\/world.borealoutdoor.com\/de\/","name":"Boreal","description":"","publisher":{"@id":"https:\/\/world.borealoutdoor.com\/de\/#organization"},"potentialAction":[{"@type":"SearchAction","target":{"@type":"EntryPoint","urlTemplate":"https:\/\/world.borealoutdoor.com\/de\/?s={search_term_string}"},"query-input":"required name=search_term_string"}],"inLanguage":"de-DE"},{"@type":"Organization","@id":"https:\/\/world.borealoutdoor.com\/de\/#organization","name":"Boreal","url":"https:\/\/world.borealoutdoor.com\/de\/","logo":{"@type":"ImageObject","inLanguage":"de-DE","@id":"https:\/\/world.borealoutdoor.com\/de\/#\/schema\/logo\/image\/","url":"https:\/\/world.borealoutdoor.com\/wp-content\/uploads\/sites\/7\/2023\/11\/logo-vertical2.png","contentUrl":"https:\/\/world.borealoutdoor.com\/wp-content\/uploads\/sites\/7\/2023\/11\/logo-vertical2.png","width":257,"height":168,"caption":"Boreal"},"image":{"@id":"https:\/\/world.borealoutdoor.com\/de\/#\/schema\/logo\/image\/"},"sameAs":["https:\/\/www.facebook.com\/Boreal.official\/","https:\/\/twitter.com\/borealoutdoor","https:\/\/www.youtube.com\/user\/BorealVideos","https:\/\/www.instagram.com\/borealoutdoor\/"]}]}},"_links":{"self":[{"href":"https:\/\/world.borealoutdoor.com\/de\/wp-json\/wp\/v2\/product\/67348"}],"collection":[{"href":"https:\/\/world.borealoutdoor.com\/de\/wp-json\/wp\/v2\/product"}],"about":[{"href":"https:\/\/world.borealoutdoor.com\/de\/wp-json\/wp\/v2\/types\/product"}],"replies":[{"embeddable":true,"href":"https:\/\/world.borealoutdoor.com\/de\/wp-json\/wp\/v2\/comments?post=67348"}],"wp:featuredmedia":[{"embeddable":true,"href":"https:\/\/world.borealoutdoor.com\/de\/wp-json\/wp\/v2\/media\/54948"}],"wp:attachment":[{"href":"https:\/\/world.borealoutdoor.com\/de\/wp-json\/wp\/v2\/media?parent=67348"}],"wp:term":[{"taxonomy":"product_cat","embeddable":true,"href":"https:\/\/world.borealoutdoor.com\/de\/wp-json\/wp\/v2\/product_cat?post=67348"},{"taxonomy":"product_tag","embeddable":true,"href":"https:\/\/world.borealoutdoor.com\/de\/wp-json\/wp\/v2\/product_tag?post=67348"}],"curies":[{"name":"wp","href":"https:\/\/api.w.org\/{rel}","templated":true}]}}