{"id":66524,"date":"2024-04-02T09:54:38","date_gmt":"2024-04-02T07:54:38","guid":{"rendered":"https:\/\/world.borealoutdoor.com\/product\/ninja\/"},"modified":"2024-04-11T10:16:12","modified_gmt":"2024-04-11T08:16:12","slug":"ninja","status":"publish","type":"product","link":"https:\/\/world.borealoutdoor.com\/de\/produkt\/ninja\/","title":{"rendered":"NINJA"},"content":{"rendered":"<p>Der urspr\u00fcngliche Boreal Ninja hat als allererster Slipper auf dem Markt eine neue \u00c4ra der Kletterschuhe eingeleitet. Die aktuelle Version des legend\u00e4ren Schuhs wurde komplett \u00fcberarbeitet und greift die Leichtigkeit, Empfindlichkeit und Leistungsst\u00e4rke anderer Performance-Kletterschuhe auf. Mit einem aggressiven, nach unten gezogenen Leisten, extra klebrigem Zenith Ultra-Gummi und dem simplen Slippereinstieg eignet sich der Ninja ideal f\u00fcr schwierigste Klettereien.<\/p>\n","protected":false},"excerpt":{"rendered":"<p>Der urspr\u00fcngliche Boreal Ninja hat als allererster Slipper auf dem Markt eine neue \u00c4ra der Kletterschuhe eingeleitet. Die aktuelle Version des legend\u00e4ren Schuhs wurde komplett \u00fcberarbeitet und greift die Leichtigkeit, Empfindlichkeit und Leistungsst\u00e4rke anderer Performance-Kletterschuhe auf. Mit einem aggressiven, nach [&hellip;]<\/p>\n","protected":false},"featured_media":60589,"comment_status":"closed","ping_status":"closed","template":"","meta":[],"product_cat":[338,348],"product_tag":[],"yoast_head":"<!-- This site is optimized with the Yoast SEO plugin v21.8.1 - https:\/\/yoast.com\/wordpress\/plugins\/seo\/ -->\n<title>NINJA - Boreal World<\/title>\n<meta name=\"robots\" content=\"index, follow, max-snippet:-1, max-image-preview:large, max-video-preview:-1\" \/>\n<link rel=\"canonical\" href=\"https:\/\/world.borealoutdoor.com\/de\/produkt\/ninja\/\" \/>\n<meta property=\"og:locale\" content=\"de_DE\" \/>\n<meta property=\"og:type\" content=\"article\" \/>\n<meta property=\"og:title\" content=\"NINJA - Boreal World\" \/>\n<meta property=\"og:description\" content=\"Der urspr\u00fcngliche Boreal Ninja hat als allererster Slipper auf dem Markt eine neue \u00c4ra der Kletterschuhe eingeleitet. Die aktuelle Version des legend\u00e4ren Schuhs wurde komplett \u00fcberarbeitet und greift die Leichtigkeit, Empfindlichkeit und Leistungsst\u00e4rke anderer Performance-Kletterschuhe auf. Mit einem aggressiven, nach [&hellip;]\" \/>\n<meta property=\"og:url\" content=\"https:\/\/world.borealoutdoor.com\/de\/produkt\/ninja\/\" \/>\n<meta property=\"og:site_name\" content=\"Boreal World\" \/>\n<meta property=\"article:publisher\" content=\"https:\/\/www.facebook.com\/Boreal.official\/\" \/>\n<meta property=\"article:modified_time\" content=\"2024-04-11T08:16:12+00:00\" \/>\n<meta property=\"og:image\" content=\"https:\/\/world.borealoutdoor.com\/wp-content\/uploads\/sites\/7\/2024\/04\/11710.jpg\" \/>\n\t<meta property=\"og:image:width\" content=\"1000\" \/>\n\t<meta property=\"og:image:height\" content=\"1000\" \/>\n\t<meta property=\"og:image:type\" content=\"image\/jpeg\" \/>\n<meta name=\"twitter:card\" content=\"summary_large_image\" \/>\n<meta name=\"twitter:site\" content=\"@borealoutdoor\" \/>\n<script type=\"application\/ld+json\" class=\"yoast-schema-graph\">{\"@context\":\"https:\/\/schema.org\",\"@graph\":[{\"@type\":\"WebPage\",\"@id\":\"https:\/\/world.borealoutdoor.com\/de\/produkt\/ninja\/\",\"url\":\"https:\/\/world.borealoutdoor.com\/de\/produkt\/ninja\/\",\"name\":\"NINJA - Boreal World\",\"isPartOf\":{\"@id\":\"https:\/\/world.borealoutdoor.com\/de\/#website\"},\"datePublished\":\"2024-04-02T07:54:38+00:00\",\"dateModified\":\"2024-04-11T08:16:12+00:00\",\"breadcrumb\":{\"@id\":\"https:\/\/world.borealoutdoor.com\/de\/produkt\/ninja\/#breadcrumb\"},\"inLanguage\":\"de-DE\",\"potentialAction\":[{\"@type\":\"ReadAction\",\"target\":[\"https:\/\/world.borealoutdoor.com\/de\/produkt\/ninja\/\"]}]},{\"@type\":\"BreadcrumbList\",\"@id\":\"https:\/\/world.borealoutdoor.com\/de\/produkt\/ninja\/#breadcrumb\",\"itemListElement\":[{\"@type\":\"ListItem\",\"position\":1,\"name\":\"Portada\",\"item\":\"https:\/\/world.borealoutdoor.com\/de\/\"},{\"@type\":\"ListItem\",\"position\":2,\"name\":\"Shop\",\"item\":\"https:\/\/world.borealoutdoor.com\/?page_id=8770\"},{\"@type\":\"ListItem\",\"position\":3,\"name\":\"NINJA\"}]},{\"@type\":\"WebSite\",\"@id\":\"https:\/\/world.borealoutdoor.com\/de\/#website\",\"url\":\"https:\/\/world.borealoutdoor.com\/de\/\",\"name\":\"Boreal\",\"description\":\"\",\"publisher\":{\"@id\":\"https:\/\/world.borealoutdoor.com\/de\/#organization\"},\"potentialAction\":[{\"@type\":\"SearchAction\",\"target\":{\"@type\":\"EntryPoint\",\"urlTemplate\":\"https:\/\/world.borealoutdoor.com\/de\/?s={search_term_string}\"},\"query-input\":\"required name=search_term_string\"}],\"inLanguage\":\"de-DE\"},{\"@type\":\"Organization\",\"@id\":\"https:\/\/world.borealoutdoor.com\/de\/#organization\",\"name\":\"Boreal\",\"url\":\"https:\/\/world.borealoutdoor.com\/de\/\",\"logo\":{\"@type\":\"ImageObject\",\"inLanguage\":\"de-DE\",\"@id\":\"https:\/\/world.borealoutdoor.com\/de\/#\/schema\/logo\/image\/\",\"url\":\"https:\/\/world.borealoutdoor.com\/wp-content\/uploads\/sites\/7\/2023\/11\/logo-vertical2.png\",\"contentUrl\":\"https:\/\/world.borealoutdoor.com\/wp-content\/uploads\/sites\/7\/2023\/11\/logo-vertical2.png\",\"width\":257,\"height\":168,\"caption\":\"Boreal\"},\"image\":{\"@id\":\"https:\/\/world.borealoutdoor.com\/de\/#\/schema\/logo\/image\/\"},\"sameAs\":[\"https:\/\/www.facebook.com\/Boreal.official\/\",\"https:\/\/twitter.com\/borealoutdoor\",\"https:\/\/www.youtube.com\/user\/BorealVideos\",\"https:\/\/www.instagram.com\/borealoutdoor\/\"]}]}<\/script>\n<!-- \/ Yoast SEO plugin. -->","yoast_head_json":{"title":"NINJA - Boreal World","robots":{"index":"index","follow":"follow","max-snippet":"max-snippet:-1","max-image-preview":"max-image-preview:large","max-video-preview":"max-video-preview:-1"},"canonical":"https:\/\/world.borealoutdoor.com\/de\/produkt\/ninja\/","og_locale":"de_DE","og_type":"article","og_title":"NINJA - Boreal World","og_description":"Der urspr\u00fcngliche Boreal Ninja hat als allererster Slipper auf dem Markt eine neue \u00c4ra der Kletterschuhe eingeleitet. Die aktuelle Version des legend\u00e4ren Schuhs wurde komplett \u00fcberarbeitet und greift die Leichtigkeit, Empfindlichkeit und Leistungsst\u00e4rke anderer Performance-Kletterschuhe auf. Mit einem aggressiven, nach [&hellip;]","og_url":"https:\/\/world.borealoutdoor.com\/de\/produkt\/ninja\/","og_site_name":"Boreal World","article_publisher":"https:\/\/www.facebook.com\/Boreal.official\/","article_modified_time":"2024-04-11T08:16:12+00:00","og_image":[{"width":1000,"height":1000,"url":"https:\/\/world.borealoutdoor.com\/wp-content\/uploads\/sites\/7\/2024\/04\/11710.jpg","type":"image\/jpeg"}],"twitter_card":"summary_large_image","twitter_site":"@borealoutdoor","schema":{"@context":"https:\/\/schema.org","@graph":[{"@type":"WebPage","@id":"https:\/\/world.borealoutdoor.com\/de\/produkt\/ninja\/","url":"https:\/\/world.borealoutdoor.com\/de\/produkt\/ninja\/","name":"NINJA - Boreal World","isPartOf":{"@id":"https:\/\/world.borealoutdoor.com\/de\/#website"},"datePublished":"2024-04-02T07:54:38+00:00","dateModified":"2024-04-11T08:16:12+00:00","breadcrumb":{"@id":"https:\/\/world.borealoutdoor.com\/de\/produkt\/ninja\/#breadcrumb"},"inLanguage":"de-DE","potentialAction":[{"@type":"ReadAction","target":["https:\/\/world.borealoutdoor.com\/de\/produkt\/ninja\/"]}]},{"@type":"BreadcrumbList","@id":"https:\/\/world.borealoutdoor.com\/de\/produkt\/ninja\/#breadcrumb","itemListElement":[{"@type":"ListItem","position":1,"name":"Portada","item":"https:\/\/world.borealoutdoor.com\/de\/"},{"@type":"ListItem","position":2,"name":"Shop","item":"https:\/\/world.borealoutdoor.com\/?page_id=8770"},{"@type":"ListItem","position":3,"name":"NINJA"}]},{"@type":"WebSite","@id":"https:\/\/world.borealoutdoor.com\/de\/#website","url":"https:\/\/world.borealoutdoor.com\/de\/","name":"Boreal","description":"","publisher":{"@id":"https:\/\/world.borealoutdoor.com\/de\/#organization"},"potentialAction":[{"@type":"SearchAction","target":{"@type":"EntryPoint","urlTemplate":"https:\/\/world.borealoutdoor.com\/de\/?s={search_term_string}"},"query-input":"required name=search_term_string"}],"inLanguage":"de-DE"},{"@type":"Organization","@id":"https:\/\/world.borealoutdoor.com\/de\/#organization","name":"Boreal","url":"https:\/\/world.borealoutdoor.com\/de\/","logo":{"@type":"ImageObject","inLanguage":"de-DE","@id":"https:\/\/world.borealoutdoor.com\/de\/#\/schema\/logo\/image\/","url":"https:\/\/world.borealoutdoor.com\/wp-content\/uploads\/sites\/7\/2023\/11\/logo-vertical2.png","contentUrl":"https:\/\/world.borealoutdoor.com\/wp-content\/uploads\/sites\/7\/2023\/11\/logo-vertical2.png","width":257,"height":168,"caption":"Boreal"},"image":{"@id":"https:\/\/world.borealoutdoor.com\/de\/#\/schema\/logo\/image\/"},"sameAs":["https:\/\/www.facebook.com\/Boreal.official\/","https:\/\/twitter.com\/borealoutdoor","https:\/\/www.youtube.com\/user\/BorealVideos","https:\/\/www.instagram.com\/borealoutdoor\/"]}]}},"_links":{"self":[{"href":"https:\/\/world.borealoutdoor.com\/de\/wp-json\/wp\/v2\/product\/66524"}],"collection":[{"href":"https:\/\/world.borealoutdoor.com\/de\/wp-json\/wp\/v2\/product"}],"about":[{"href":"https:\/\/world.borealoutdoor.com\/de\/wp-json\/wp\/v2\/types\/product"}],"replies":[{"embeddable":true,"href":"https:\/\/world.borealoutdoor.com\/de\/wp-json\/wp\/v2\/comments?post=66524"}],"wp:featuredmedia":[{"embeddable":true,"href":"https:\/\/world.borealoutdoor.com\/de\/wp-json\/wp\/v2\/media\/60589"}],"wp:attachment":[{"href":"https:\/\/world.borealoutdoor.com\/de\/wp-json\/wp\/v2\/media?parent=66524"}],"wp:term":[{"taxonomy":"product_cat","embeddable":true,"href":"https:\/\/world.borealoutdoor.com\/de\/wp-json\/wp\/v2\/product_cat?post=66524"},{"taxonomy":"product_tag","embeddable":true,"href":"https:\/\/world.borealoutdoor.com\/de\/wp-json\/wp\/v2\/product_tag?post=66524"}],"curies":[{"name":"wp","href":"https:\/\/api.w.org\/{rel}","templated":true}]}}