{"id":65804,"date":"2023-01-16T09:51:59","date_gmt":"2023-01-16T08:51:59","guid":{"rendered":"https:\/\/world.borealoutdoor.com\/cookie-richtlinie\/"},"modified":"2024-04-10T13:30:22","modified_gmt":"2024-04-10T11:30:22","slug":"cookie-richtlinie","status":"publish","type":"page","link":"https:\/\/world.borealoutdoor.com\/de\/cookie-richtlinie\/","title":{"rendered":"Cookie-Richtlinie"},"content":{"rendered":"\n<h1 class=\"wp-block-heading\">COOKIE-RICHTLINIE<\/h1>\n\n<p><strong>1. HINTERGRUND<\/strong><\/p>\n\n<p>Gem\u00e4\u00df der spanischen Gesetzgebung, die die Verwendung von Cookies im Zusammenhang mit der Erbringung von Dienstleistungen f\u00fcr elektronische Kommunikation regelt, wie im Artikel 22.2 des Gesetzes 34\/2002 vom 11. Juli \u00fcber Dienste der Informationsgesellschaft und des elektronischen Gesch\u00e4ftsverkehrs festgelegt, informieren wir Sie \u00fcber die auf der Website von CALZADOS BOREAL, S.L. verwendeten Cookies und den Grund f\u00fcr ihre Verwendung.<\/p>\n\n<p><strong>2. WAS SIND COOKIES?<\/strong><\/p>\n\n<p>Ein Cookie ist eine Datei, die beim Zugriff auf bestimmte Websites auf Ihren Computer heruntergeladen wird. Cookies erm\u00f6glichen es einer Website unter anderem, Informationen \u00fcber die Surf-Gewohnheiten eines Benutzers oder seines Ger\u00e4ts zu speichern und abzurufen. Abh\u00e4ngig von den enthaltenen Informationen und der Art und Weise, wie Ihr Ger\u00e4t verwendet wird, k\u00f6nnen Cookies verwendet werden, um den Benutzer zu erkennen. Cookies sind ausschlie\u00dflich mit einem anonymen Benutzer und seinem Computer oder Ger\u00e4t verbunden und liefern keine Referenzen, die R\u00fcckschl\u00fcsse auf pers\u00f6nliche Daten zulassen.   <\/p>\n\n<p><strong>3. ARTE VON COOKIES<\/strong><\/p>\n\n<p><strong>3.1. Nach der Entit\u00e4t, die sie verwaltet<\/strong><\/p>\n\n<p>a. Eigene Cookies: Diese werden an das Endger\u00e4t des Benutzers von einem vom Herausgeber selbst verwalteten Ger\u00e4t oder Domain gesendet, von dem aus der vom Benutzer angeforderte Dienst erbracht wird. <\/p>\n\n<p>b. Cookies von Dritten: Diese werden an das Endger\u00e4t des Benutzers von einem Ger\u00e4t oder einer Domain gesendet, das nicht vom Herausgeber, sondern von einer anderen Einheit verwaltet wird, die die \u00fcber Cookies erhaltenen Daten verarbeitet. <\/p>\n\n<p><strong>3.2. Nach dem Zweck<\/strong><\/p>\n\n<p>Es gibt viele Zwecke f\u00fcr die Verwendung von Cookies. Je nach Zweck, f\u00fcr den die durch Cookies erhaltenen Daten verarbeitet werden, k\u00f6nnen einige der Zwecke sein: <\/p>\n\n<p>a) Technische Cookies: Diese erm\u00f6glichen es dem Benutzer, durch eine Webseite, Plattform oder Anwendung zu navigieren und die verschiedenen Optionen oder Dienste zu nutzen, die dort vorhanden sind. Dies schlie\u00dft solche ein, die der Herausgeber verwendet, um die Verwaltung und den Betrieb der Website zu erm\u00f6glichen, ihre Funktionen und Dienste zu aktivieren, den Verkehr und die Kommunikation von Daten zu \u00fcberwachen, die Sitzung zu identifizieren, auf Teile mit eingeschr\u00e4nktem Zugang zuzugreifen, die Elemente zu erinnern, die eine Bestellung ausmachen, den Bestellvorgang durchzuf\u00fchren, die Zahlung zu verwalten, Betrug im Zusammenhang mit der Sicherheit des Dienstes zu \u00fcberwachen, die Anmeldung oder Teilnahme an einer Veranstaltung zu beantragen, Besuche f\u00fcr die Abrechnung von Softwarelizenzen zu z\u00e4hlen, Elemente der Sicherheit w\u00e4hrend der Navigation zu verwenden, Inhalte f\u00fcr die Verbreitung von Videos oder Ton zu speichern, dynamische Inhalte zu aktivieren (z. B. Ladeanimationen von Text oder Bild) oder Inhalte \u00fcber soziale Netzwerke zu teilen. Technische Cookies sind von der Erf\u00fcllung der in Artikel 22.2 der LSSI festgelegten Verpflichtungen ausgenommen, wenn sie die vom Benutzer angeforderte Dienstleistung erm\u00f6glichen, wie im vorherigen Abschnitt aufgef\u00fchrt. Wenn jedoch diese Cookies auch f\u00fcr nicht ausgenommene Zwecke verwendet werden (z. B. f\u00fcr Verhaltenswerbung), unterliegen sie diesen Verpflichtungen.  <\/p>\n\n<p>b) Pr\u00e4ferenz- oder Personalisierungs-Cookies: Diese erm\u00f6glichen es, sich an Informationen zu erinnern, damit der Benutzer auf den Dienst mit bestimmten Merkmalen zugreifen kann, die seine Erfahrung von der anderer Benutzer unterscheiden k\u00f6nnen, wie z. B. Sprache, Anzahl der anzuzeigenden Ergebnisse bei einer Suche, das Aussehen oder der Inhalt des Dienstes abh\u00e4ngig von der Art des Browsers, \u00fcber den der Benutzer auf den Dienst zugreift, oder der Region, aus der der Benutzer auf den Dienst zugreift, usw. Wenn der Benutzer selbst diese Merkmale ausw\u00e4hlt (z. B. wenn er die Sprache einer Website durch Klicken auf die Flagge des entsprechenden Landes ausw\u00e4hlt), sind die Cookies von den Verpflichtungen des Artikel 22.2 der LSSI ausgenommen, da sie als ausdr\u00fccklich vom Benutzer angeforderte Dienstleistungen gelten, vorausgesetzt, dass die Cookies ausschlie\u00dflich dem ausgew\u00e4hlten Zweck dienen. <\/p>\n\n<p>c) Analyse- oder Mess-Cookies: Diese erm\u00f6glichen dem Verantwortlichen das Tracking und die Analyse des Verhaltens der Benutzer der mit ihnen verkn\u00fcpften Websites, einschlie\u00dflich der Quantifizierung der Auswirkungen von Anzeigen. Die durch diese Art von Cookies gesammelten Informationen werden zur Messung der Aktivit\u00e4t von Websites, Anwendungen oder Plattformen verwendet, um Verbesserungen basierend auf der Analyse der Nutzungsdaten vorzunehmen. <\/p>\n\n<p>d) Cookies f\u00fcr Verhaltenswerbung: Diese speichern Informationen \u00fcber das Verhalten der Benutzer, das durch kontinuierliche Beobachtung ihrer Navigationsgewohnheiten erhalten wird, und erm\u00f6glichen die Erstellung eines spezifischen Profils, um Anzeigen entsprechend anzuzeigen.<\/p>\n\n<p><strong>3.3.\nAccording to the duration of their activation <\/strong><\/p>\n\n<p>a) Sitzungscookies: Diese sind so konzipiert, Daten zu sammeln und zu speichern, w\u00e4hrend der Benutzer auf eine Website zugreift. Sie werden in der Regel verwendet, um Informationen zu speichern, die nur f\u00fcr die Bereitstellung des vom Benutzer einmal angeforderten Dienstes relevant sind (z. B. eine Liste gekaufter Produkte) und verschwinden nach dem Ende der Sitzung. <\/p>\n\n<p>b) Dauerhafte Cookies: Diese sind solche, bei denen die Daten auf dem Endger\u00e4t gespeichert bleiben k\u00f6nnen und w\u00e4hrend eines vom Cookie-Verantwortlichen definierten Zeitraums abgerufen und verarbeitet werden k\u00f6nnen, der von wenigen Minuten bis zu mehreren Jahren reichen kann.<\/p>\n\n<p><strong>4. LISTE DER COOKIES, DIE VON DIESER WEBSITE VERWENDET WERDEN<\/strong><\/p>\n\n<p>Die Verwendung von Cookies bietet Vorteile bei der Bereitstellung von Diensten innerhalb dessen, was als die Informationsgesellschaft bekannt ist, da sie die Navigation des Benutzers und den Zugriff auf die verschiedenen von dieser Website angebotenen Dienste erleichtert; sie verhindert, dass der Benutzer jedes Mal, wenn er auf die Website zugreift, die vordefinierten allgemeinen Merkmale konfigurieren muss; sie f\u00f6rdert die Verbesserung des Betriebs und der \u00fcber diese Website bereitgestellten Dienste nach der entsprechenden Analyse der \u00fcber die installierten Cookies erhaltenen Informationen.<\/p>\n\n<p>Speziell verwendet diese Website die folgenden Cookies:<\/p>\n\n<figure class=\"wp-block-table\"><table><thead><tr><td><strong>Name<\/strong><\/td><td><strong>Entit\u00e4t<\/strong><\/td><td><strong>Expiration<\/strong><\/td><td><strong>Zweck<\/strong><\/td><\/tr><\/thead><tbody><tr><td>_ga<\/td><td>Drittanbieter (Google Analytics)<\/td><td>2 Jahre<\/td><td>Statistiken. Wird verwendet, um Seitenaufrufe zu speichern und zu z\u00e4hlen. <\/td><\/tr><tr><td>_gat<\/td><td>Drittanbieter (Google Analytics)<\/td><td>30 Minuten<\/td><td>Statistiken. Wird verwendet, um Robot-Anfragen zu lesen und zu filtern. <\/td><\/tr><tr><td>_gid<\/td><td>Drittanbieter (Google Analytics)<\/td><td>Sitzungsende<\/td><td>Statistiken. Konfiguriert zum Speichern und Z\u00e4hlen von Seitenaufrufen. <\/td><\/tr><tr><td>wp-wpml_current_language<\/td><td><\/td><td>1 Tag<\/td><td>Funktional. Zum Speichern von Spracheinstellungen. <\/td><\/tr><tr><td>cmplz_consented_services<\/td><td><\/td><td>1 Jahr<\/td><td>Funktional. Zum Speichern von Cookie-Zustimmungspr\u00e4ferenzen. <\/td><\/tr><tr><td>cmplz_functional<\/td><td><\/td><td>1 Jahr<\/td><td>Funktional. Zum Speichern von Cookie-Zustimmungspr\u00e4ferenzen. <\/td><\/tr><tr><td>cmplz_marketing<\/td><td><\/td><td>1 Jahr<\/td><td>Funktional. Zum Speichern von Cookie-Zustimmungspr\u00e4ferenzen. <\/td><\/tr><tr><td>cmplz_policy_id<\/td><td><\/td><td>1 Jahr<\/td><td>Funktional. Zur Speicherung der akzeptierten Cookie-Richtlinien-ID. <\/td><\/tr><tr><td>cmplz_preferences<\/td><td><\/td><td>1 Jahr<\/td><td>Funktional. Zum Speichern von Cookie-Zustimmungspr\u00e4ferenzen. <\/td><\/tr><tr><td>cmplz_statistics<\/td><td><\/td><td>1 Jahr<\/td><td>Funktional. Zum Speichern von Cookie-Zustimmungspr\u00e4ferenzen. <\/td><\/tr><\/tbody><\/table><\/figure>\n\n<p><strong>5. WIDERRUF UND L\u00d6SCHUNG VON COOKIES<\/strong><\/p>\n\n<p>Sie k\u00f6nnen jederzeit auf die Konfiguration Ihres Browsers zugreifen und alle Cookies akzeptieren oder ablehnen oder ausw\u00e4hlen, welche Installationen Sie zulassen und welche nicht, indem Sie den eigenen Verfahren des von Ihnen verwendeten Browsers folgen.<\/p>\n\n<p><strong>6. DRITTE DIENSTLEISTER<\/strong><\/p>\n\n<p>Die Drittanbieter von Diensten, mit denen wir einen Dienst vereinbart haben, der die Verwendung von Cookies erfordert, sind unten aufgef\u00fchrt:<\/p>\n\n<figure class=\"wp-block-table\"><table><thead><tr><td><strong>Anbieter<\/strong><\/td><td><strong>Zweck des Dienstes und des Cookies<\/strong><\/td><td><strong>Anbieterinformationen<\/strong><\/td><\/tr><\/thead><tbody><tr><td>GOOGLE Inc.<\/td><td>Statistische Analyse der Website in Bezug auf Besucherz\u00e4hlung, besuchte Seiten, verwendete Schl\u00fcsselw\u00f6rter und \u00e4hnliches.<\/td><td>http:\/\/www.google.de\/intl\/de\/policies\/privacy\/<\/td><\/tr><\/tbody><\/table><\/figure>\n","protected":false},"excerpt":{"rendered":"<p>COOKIE-RICHTLINIE 1. HINTERGRUND Gem\u00e4\u00df der spanischen Gesetzgebung, die die Verwendung von Cookies im Zusammenhang mit der Erbringung von Dienstleistungen f\u00fcr elektronische Kommunikation regelt, wie im Artikel 22.2 des Gesetzes 34\/2002 vom 11. Juli \u00fcber Dienste der Informationsgesellschaft und des elektronischen [&hellip;]<\/p>\n","protected":false},"author":1,"featured_media":0,"parent":0,"menu_order":0,"comment_status":"closed","ping_status":"closed","template":"","meta":[],"yoast_head":"<!-- This site is optimized with the Yoast SEO plugin v21.8.1 - https:\/\/yoast.com\/wordpress\/plugins\/seo\/ -->\n<title>Cookie-Richtlinie - Boreal World<\/title>\n<meta name=\"robots\" content=\"index, follow, max-snippet:-1, max-image-preview:large, max-video-preview:-1\" \/>\n<link rel=\"canonical\" href=\"https:\/\/world.borealoutdoor.com\/de\/cookie-richtlinie\/\" \/>\n<meta property=\"og:locale\" content=\"de_DE\" \/>\n<meta property=\"og:type\" content=\"article\" \/>\n<meta property=\"og:title\" content=\"Cookie-Richtlinie - Boreal World\" \/>\n<meta property=\"og:description\" content=\"COOKIE-RICHTLINIE 1. HINTERGRUND Gem\u00e4\u00df der spanischen Gesetzgebung, die die Verwendung von Cookies im Zusammenhang mit der Erbringung von Dienstleistungen f\u00fcr elektronische Kommunikation regelt, wie im Artikel 22.2 des Gesetzes 34\/2002 vom 11. Juli \u00fcber Dienste der Informationsgesellschaft und des elektronischen [&hellip;]\" \/>\n<meta property=\"og:url\" content=\"https:\/\/world.borealoutdoor.com\/de\/cookie-richtlinie\/\" \/>\n<meta property=\"og:site_name\" content=\"Boreal World\" \/>\n<meta property=\"article:publisher\" content=\"https:\/\/www.facebook.com\/Boreal.official\/\" \/>\n<meta property=\"article:modified_time\" content=\"2024-04-10T11:30:22+00:00\" \/>\n<meta name=\"twitter:card\" content=\"summary_large_image\" \/>\n<meta name=\"twitter:site\" content=\"@borealoutdoor\" \/>\n<meta name=\"twitter:label1\" content=\"Gesch\u00e4tzte Lesezeit\" \/>\n\t<meta name=\"twitter:data1\" content=\"6 Minuten\" \/>\n<script type=\"application\/ld+json\" class=\"yoast-schema-graph\">{\"@context\":\"https:\/\/schema.org\",\"@graph\":[{\"@type\":\"WebPage\",\"@id\":\"https:\/\/world.borealoutdoor.com\/de\/cookie-richtlinie\/\",\"url\":\"https:\/\/world.borealoutdoor.com\/de\/cookie-richtlinie\/\",\"name\":\"Cookie-Richtlinie - Boreal World\",\"isPartOf\":{\"@id\":\"https:\/\/world.borealoutdoor.com\/de\/#website\"},\"datePublished\":\"2023-01-16T08:51:59+00:00\",\"dateModified\":\"2024-04-10T11:30:22+00:00\",\"breadcrumb\":{\"@id\":\"https:\/\/world.borealoutdoor.com\/de\/cookie-richtlinie\/#breadcrumb\"},\"inLanguage\":\"de-DE\",\"potentialAction\":[{\"@type\":\"ReadAction\",\"target\":[\"https:\/\/world.borealoutdoor.com\/de\/cookie-richtlinie\/\"]}]},{\"@type\":\"BreadcrumbList\",\"@id\":\"https:\/\/world.borealoutdoor.com\/de\/cookie-richtlinie\/#breadcrumb\",\"itemListElement\":[{\"@type\":\"ListItem\",\"position\":1,\"name\":\"Portada\",\"item\":\"https:\/\/world.borealoutdoor.com\/de\/\"},{\"@type\":\"ListItem\",\"position\":2,\"name\":\"Cookie-Richtlinie\"}]},{\"@type\":\"WebSite\",\"@id\":\"https:\/\/world.borealoutdoor.com\/de\/#website\",\"url\":\"https:\/\/world.borealoutdoor.com\/de\/\",\"name\":\"Boreal\",\"description\":\"\",\"publisher\":{\"@id\":\"https:\/\/world.borealoutdoor.com\/de\/#organization\"},\"potentialAction\":[{\"@type\":\"SearchAction\",\"target\":{\"@type\":\"EntryPoint\",\"urlTemplate\":\"https:\/\/world.borealoutdoor.com\/de\/?s={search_term_string}\"},\"query-input\":\"required name=search_term_string\"}],\"inLanguage\":\"de-DE\"},{\"@type\":\"Organization\",\"@id\":\"https:\/\/world.borealoutdoor.com\/de\/#organization\",\"name\":\"Boreal\",\"url\":\"https:\/\/world.borealoutdoor.com\/de\/\",\"logo\":{\"@type\":\"ImageObject\",\"inLanguage\":\"de-DE\",\"@id\":\"https:\/\/world.borealoutdoor.com\/de\/#\/schema\/logo\/image\/\",\"url\":\"https:\/\/world.borealoutdoor.com\/wp-content\/uploads\/sites\/7\/2023\/11\/logo-vertical2.png\",\"contentUrl\":\"https:\/\/world.borealoutdoor.com\/wp-content\/uploads\/sites\/7\/2023\/11\/logo-vertical2.png\",\"width\":257,\"height\":168,\"caption\":\"Boreal\"},\"image\":{\"@id\":\"https:\/\/world.borealoutdoor.com\/de\/#\/schema\/logo\/image\/\"},\"sameAs\":[\"https:\/\/www.facebook.com\/Boreal.official\/\",\"https:\/\/twitter.com\/borealoutdoor\",\"https:\/\/www.youtube.com\/user\/BorealVideos\",\"https:\/\/www.instagram.com\/borealoutdoor\/\"]}]}<\/script>\n<!-- \/ Yoast SEO plugin. -->","yoast_head_json":{"title":"Cookie-Richtlinie - Boreal World","robots":{"index":"index","follow":"follow","max-snippet":"max-snippet:-1","max-image-preview":"max-image-preview:large","max-video-preview":"max-video-preview:-1"},"canonical":"https:\/\/world.borealoutdoor.com\/de\/cookie-richtlinie\/","og_locale":"de_DE","og_type":"article","og_title":"Cookie-Richtlinie - Boreal World","og_description":"COOKIE-RICHTLINIE 1. HINTERGRUND Gem\u00e4\u00df der spanischen Gesetzgebung, die die Verwendung von Cookies im Zusammenhang mit der Erbringung von Dienstleistungen f\u00fcr elektronische Kommunikation regelt, wie im Artikel 22.2 des Gesetzes 34\/2002 vom 11. Juli \u00fcber Dienste der Informationsgesellschaft und des elektronischen [&hellip;]","og_url":"https:\/\/world.borealoutdoor.com\/de\/cookie-richtlinie\/","og_site_name":"Boreal World","article_publisher":"https:\/\/www.facebook.com\/Boreal.official\/","article_modified_time":"2024-04-10T11:30:22+00:00","twitter_card":"summary_large_image","twitter_site":"@borealoutdoor","twitter_misc":{"Gesch\u00e4tzte Lesezeit":"6 Minuten"},"schema":{"@context":"https:\/\/schema.org","@graph":[{"@type":"WebPage","@id":"https:\/\/world.borealoutdoor.com\/de\/cookie-richtlinie\/","url":"https:\/\/world.borealoutdoor.com\/de\/cookie-richtlinie\/","name":"Cookie-Richtlinie - Boreal World","isPartOf":{"@id":"https:\/\/world.borealoutdoor.com\/de\/#website"},"datePublished":"2023-01-16T08:51:59+00:00","dateModified":"2024-04-10T11:30:22+00:00","breadcrumb":{"@id":"https:\/\/world.borealoutdoor.com\/de\/cookie-richtlinie\/#breadcrumb"},"inLanguage":"de-DE","potentialAction":[{"@type":"ReadAction","target":["https:\/\/world.borealoutdoor.com\/de\/cookie-richtlinie\/"]}]},{"@type":"BreadcrumbList","@id":"https:\/\/world.borealoutdoor.com\/de\/cookie-richtlinie\/#breadcrumb","itemListElement":[{"@type":"ListItem","position":1,"name":"Portada","item":"https:\/\/world.borealoutdoor.com\/de\/"},{"@type":"ListItem","position":2,"name":"Cookie-Richtlinie"}]},{"@type":"WebSite","@id":"https:\/\/world.borealoutdoor.com\/de\/#website","url":"https:\/\/world.borealoutdoor.com\/de\/","name":"Boreal","description":"","publisher":{"@id":"https:\/\/world.borealoutdoor.com\/de\/#organization"},"potentialAction":[{"@type":"SearchAction","target":{"@type":"EntryPoint","urlTemplate":"https:\/\/world.borealoutdoor.com\/de\/?s={search_term_string}"},"query-input":"required name=search_term_string"}],"inLanguage":"de-DE"},{"@type":"Organization","@id":"https:\/\/world.borealoutdoor.com\/de\/#organization","name":"Boreal","url":"https:\/\/world.borealoutdoor.com\/de\/","logo":{"@type":"ImageObject","inLanguage":"de-DE","@id":"https:\/\/world.borealoutdoor.com\/de\/#\/schema\/logo\/image\/","url":"https:\/\/world.borealoutdoor.com\/wp-content\/uploads\/sites\/7\/2023\/11\/logo-vertical2.png","contentUrl":"https:\/\/world.borealoutdoor.com\/wp-content\/uploads\/sites\/7\/2023\/11\/logo-vertical2.png","width":257,"height":168,"caption":"Boreal"},"image":{"@id":"https:\/\/world.borealoutdoor.com\/de\/#\/schema\/logo\/image\/"},"sameAs":["https:\/\/www.facebook.com\/Boreal.official\/","https:\/\/twitter.com\/borealoutdoor","https:\/\/www.youtube.com\/user\/BorealVideos","https:\/\/www.instagram.com\/borealoutdoor\/"]}]}},"_links":{"self":[{"href":"https:\/\/world.borealoutdoor.com\/de\/wp-json\/wp\/v2\/pages\/65804"}],"collection":[{"href":"https:\/\/world.borealoutdoor.com\/de\/wp-json\/wp\/v2\/pages"}],"about":[{"href":"https:\/\/world.borealoutdoor.com\/de\/wp-json\/wp\/v2\/types\/page"}],"author":[{"embeddable":true,"href":"https:\/\/world.borealoutdoor.com\/de\/wp-json\/wp\/v2\/users\/1"}],"replies":[{"embeddable":true,"href":"https:\/\/world.borealoutdoor.com\/de\/wp-json\/wp\/v2\/comments?post=65804"}],"version-history":[{"count":2,"href":"https:\/\/world.borealoutdoor.com\/de\/wp-json\/wp\/v2\/pages\/65804\/revisions"}],"predecessor-version":[{"id":65812,"href":"https:\/\/world.borealoutdoor.com\/de\/wp-json\/wp\/v2\/pages\/65804\/revisions\/65812"}],"wp:attachment":[{"href":"https:\/\/world.borealoutdoor.com\/de\/wp-json\/wp\/v2\/media?parent=65804"}],"curies":[{"name":"wp","href":"https:\/\/api.w.org\/{rel}","templated":true}]}}