{"id":41165,"date":"2023-01-16T09:51:17","date_gmt":"2023-01-16T08:51:17","guid":{"rendered":"https:\/\/world.borealoutdoor.com\/datenschutzrichtlinie\/"},"modified":"2024-04-03T16:52:58","modified_gmt":"2024-04-03T14:52:58","slug":"datenschutzrichtlinie","status":"publish","type":"page","link":"https:\/\/world.borealoutdoor.com\/de\/datenschutzrichtlinie\/","title":{"rendered":"Datenschutzrichtlinie"},"content":{"rendered":"\n<p><strong>DATENSCHUTZRICHTLINIE DER WEBSITE www.borealoutdoor.com<\/strong><\/p>\n\n<p>Diese Datenschutzrichtlinie beschreibt, wie wir Informationen sammeln, wof\u00fcr wir sie verwenden und wie wir sie verwalten. Ihre Privatsph\u00e4re ist uns wichtig, und wir legen gro\u00dfen Wert darauf. Deshalb m\u00f6chten wir unser uneingeschr\u00e4nktes Engagement f\u00fcr den Schutz der personenbezogenen Daten unserer Benutzer zum Ausdruck bringen. Wir haben die notwendigen technischen und organisatorischen Ma\u00dfnahmen implementiert, um die Vertraulichkeit Ihrer Daten gem\u00e4\u00df der Datenschutz-Grundverordnung der Europ\u00e4ischen Union (DSGVO) und dem Organischen Gesetz 3\/2018 vom 5. Dezember (LOPDGDD) zu gew\u00e4hrleisten.  <\/p>\n\n<p><strong>WER IST F\u00dcR DIE DATENVERARBEITUNG VERANTWORTLICH?<\/strong><\/p>\n\n<p>Firmenname: CALZADOS BOREAL, S.L. (im Folgenden das &#8222;Unternehmen&#8220; oder der &#8222;Verantwortliche&#8220;).<br\/>CIF: B03091527<br\/>Adresse: ALTOS DE LA CONDOMINA, 15- 03400 &#8211; VILLENA- ALICANTE<br\/>Telefon: +34 965800589<br\/>E-Mail f\u00fcr Datenschutzkommunikation: inf&#111;&#64;&#98;&#x6f;&#x72;&#x65;&#x61;&#x6c;&#x6f;utd&#111;&#111;&#114;&#46;&#x63;&#x6f;&#x6d;<\/p>\n\n<p><strong>WAS SIND DIE ZIELE DER DATENVERARBEITUNG? WELCHE RECHTSGRUNDLAGE GIBT ES F\u00dcR DIE VERARBEITUNG?<\/strong><\/p>\n\n<p>Die personenbezogenen Daten der Betroffenen werden von CALZADOS BOREAL, S.L. gem\u00e4\u00df den folgenden Zwecken verarbeitet, je nach Zeitpunkt der Bereitstellung dieser Informationen:<\/p>\n\n<p>1. Um Ihre Anfragen zu beantworten oder Ihnen Informationen im Zusammenhang mit Ihrer Anfrage zu senden, kann es erforderlich sein, dass wir Informationen von Ihnen erhalten. In diesem Fall werden wir Sie ausdr\u00fccklich darum bitten, uns diese freiwillig zur Verf\u00fcgung zu stellen. Sie sollten uns nur Daten zusenden, von denen Sie Eigent\u00fcmer sind, oder von Dritten, wenn Sie deren gesetzlicher Vertreter sind oder deren eindeutige Zustimmung erhalten haben. Die rechtliche Grundlage f\u00fcr die Verarbeitung entspricht Art. 6.1 a) DSGVO (Einwilligung der betroffenen Person).   <\/p>\n\n<p>2. Zur Abwicklung von Neukundenregistrierungen, Aktualisierung von Daten und Verwaltung der gesch\u00e4ftlichen Beziehung. Die Daten werden zun\u00e4chst \u00fcber das entsprechende Anmeldeformular erfasst und sp\u00e4ter \u00fcber kommerzielle Transaktionen. Insbesondere umfasst dies folgende Ma\u00dfnahmen:  <\/p>\n\n<p> \u2022 Erstellung eines Kundenkontos \u00fcber die Website mithilfe der von CALZADOS BOREAL, S.L. bereitgestellten Links. Hierbei wird die rechtliche Grundlage gem\u00e4\u00df Art. 6.1 a) RPGD (Einwilligung der betroffenen Person) ber\u00fccksichtigt.<\/p>\n\n<p> \u2022 Verwaltung und Pflege der bestehenden Vertragsbeziehung zum Kunden gem\u00e4\u00df Art. 6.1 b) DSGVO.<\/p>\n\n<p> \u2022 Analyse der Kunden, um Marktforschungsstudien und Meinungsumfragen durchzuf\u00fchren, gerechtfertigt durch das legitime Interesse gem\u00e4\u00df Artikel 6.1 f) DSGVO.<\/p>\n\n<p> \u2022 Erf\u00fcllung unserer vertraglichen Verpflichtungen, falls Sie sich entschieden haben, eines unserer Produkte und\/oder Dienstleistungen zu erwerben, sowie Durchf\u00fchrung der administrativen, steuerlichen und buchhalterischen Verwaltung, die sich aus den erbrachten Arbeiten ergibt. Diese Zielsetzung basiert auf Artikel 6.1 c) der DSGVO: Erf\u00fcllung einer anwendbaren gesetzlichen Verpflichtung des Unternehmens. <\/p>\n\n<p>3. Verwaltung von Abonnements zum Erhalt von kommerziellen Informationen \u00fcber CALZADOS BOREAL, S.L., wof\u00fcr die Einwilligung der betroffenen Person \u00fcber unseren Newsletter eingeholt wird, \u00fcber die daf\u00fcr vorgesehenen Mechanismen auf der Website. Die Verarbeitung basiert auf Art. 6.1 a) DSGVO (Einwilligung der betroffenen Person), die jederzeit ohne Beeintr\u00e4chtigung der Rechtm\u00e4\u00dfigkeit der vor der Widerrufung durchgef\u00fchrten Verarbeitung widerrufen werden kann. <\/p>\n\n<p>4. F\u00fcr analytische und\/oder statistische Zwecke, sofern Sie den auf der Website f\u00fcr diese Zwecke verwendeten Cookies zustimmen. Die Verarbeitung basiert auf der vom Benutzer erteilten Einwilligung gem\u00e4\u00df Artikel 6.1 a) DSGVO und Artikel 22 LSSI. Weitere Informationen finden Sie in unserer Cookie-Richtlinie.  <\/p>\n\n<p>5. Teilnahme an m\u00f6glichen Personal-Auswahlverfahren, falls Sie uns Ihren Lebenslauf zusenden. Die rechtliche Grundlage f\u00fcr die Verarbeitung liegt in der Einwilligung der betroffenen Person gem\u00e4\u00df Art. 6.1 a) DSGVO. <\/p>\n\n<p><strong>WAS SIND DIE SPEICHERKRITERIEN F\u00dcR DIE DATEN?<\/strong><\/p>\n\n<p>Wir werden die Daten w\u00e4hrend der Verj\u00e4hrungsfrist gesetzlicher Verpflichtungen aufbewahren und solange Interesse an der Aufrechterhaltung der Beziehungen beider Parteien besteht. Die Daten werden gel\u00f6scht, wenn es nicht mehr erforderlich ist, die Ziele zu erreichen, die die Verarbeitung gerechtfertigt haben. Wenn die Einwilligung die Grundlage f\u00fcr die Legitimierung war, werden die Daten so lange verarbeitet, bis Sie Ihre Einwilligung widerrufen. Um dies zu tun, siehe den Abschnitt WO K\u00d6NNEN SIE IHRE RECHTE AUS\u00dcBEN?   <\/p>\n\n<p>Nachfolgend werden die Daten w\u00e4hrend der Verj\u00e4hrungsfrist der aus der Verarbeitung und\/oder Ziel resultierenden Verantwortlichkeiten gesperrt.<\/p>\n\n<p><strong>WIE AKTUALISIERE ICH MEINE PERS\u00d6NLICHEN DATEN?<\/strong><\/p>\n\n<p>Der Benutzer garantiert, dass die personenbezogenen Daten, die er uns \u00fcber diese Website zur Verf\u00fcgung gestellt hat, wahr, korrekt, aktuell und vollst\u00e4ndig sind. Der Benutzer muss uns etwaige \u00c4nderungen oder Aktualisierungen dieser Daten mitteilen, indem er eine Mitteilung an die im Abschnitt WO K\u00d6NNEN SIE IHRE RECHTE AUS\u00dcBEN? angegebenen Post- oder E-Mail-Adressen sendet. <\/p>\n\n<p><strong>WER SIND DIE EMPF\u00c4NGER DER INFORMATIONEN?<\/strong><\/p>\n\n<p>Wir werden keine Informationen an Dritte weitergeben, es sei denn, dies ist gesetzlich vorgeschrieben oder erforderlich, um die Dienstleistungen zu erbringen, oder wenn Sie Ihre ausdr\u00fcckliche und eindeutige<\/p>\n\n<p><strong>BESTEHEN INTERNATIONALE DATEN\u00dcBERTRAGUNGEN?<\/strong><\/p>\n\n<p>CALZADOS BOREAL, S.L. hat nicht die Absicht, internationale Daten\u00fcbertragungen durchzuf\u00fchren. Allerdings k\u00f6nnen wir Dienstleister und Datenverarbeiter einsetzen, die im Namen von CALZADOS BOREAL, S.L. arbeiten. Die Dienstleistungen k\u00f6nnen Hosting von Systemen, Wartungsdienste, Analyse-Services, E-Mail-Messaging-Services usw. umfassen. Diese Drittunternehmen sind verpflichtet sicherzustellen, dass die Informationen gem\u00e4\u00df den geltenden Vorschriften verarbeitet werden. Wir werden stets unser Bestes tun, um sicherzustellen, dass alle Dritten, mit denen wir zusammenarbeiten, die Sicherheit Ihrer pers\u00f6nlichen Daten gew\u00e4hrleisten.   <\/p>\n\n<p><strong>WELCHE RECHTE HABEN BETROFFENE PERSONEN?<\/strong><\/p>\n\n<p>Jede Person hat das Recht zu erfahren, ob wir personenbezogene Daten von ihnen verarbeiten oder nicht. Betroffene Personen haben das Recht, auf ihre personenbezogenen Daten zuzugreifen, sowie die Berichtigung unrichtiger Daten zu verlangen oder, falls erforderlich, die L\u00f6schung zu beantragen, wenn die Daten unter anderem nicht mehr f\u00fcr die Zwecke, f\u00fcr die sie erhoben wurden, ben\u00f6tigt werden. Unter bestimmten Umst\u00e4nden k\u00f6nnen betroffene Personen die Einschr\u00e4nkung der Verarbeitung ihrer Daten beantragen, in welchem Fall wir die Daten nur f\u00fcr die Aus\u00fcbung oder Verteidigung von Anspr\u00fcchen aufbewahren werden. <\/p>\n\n<p>In bestimmten Situationen und aus Gr\u00fcnden, die sich aus ihrer besonderen Situation ergeben, k\u00f6nnen betroffene Personen der Verarbeitung ihrer Daten widersprechen. In diesem Fall werden wir die Daten nicht mehr verarbeiten, es sei denn, es liegen zwingende berechtigte Gr\u00fcnde vor oder es dient der Aus\u00fcbung oder Verteidigung von m\u00f6glichen Anspr\u00fcchen. Sie haben auch das Recht, Ihre Einwilligung zur Datenverarbeitung jederzeit zu widerrufen, wenn die rechtliche Grundlage die Einholung Ihrer Einwilligung ist.   <\/p>\n\n<p>Sie k\u00f6nnen eine Beschwerde bei der zust\u00e4ndigen Datenschutzbeh\u00f6rde, wie der spanischen Datenschutzbeh\u00f6rde (Agencia Espa\u00f1ola de Protecci\u00f3n de Datos), einreichen, insbesondere wenn Sie mit der Aus\u00fcbung Ihrer Rechte nicht zufrieden sind oder der Meinung sind, dass die Datenverarbeitung nicht im Einklang mit den geltenden Gesetzen steht.<\/p>\n\n<p><strong>WO K\u00d6NNEN DIE RECHTE AUSGE\u00dcBT WERDEN?<\/strong><em><\/em><\/p>\n\n<p><em>Durch schriftliche Mitteilung an CALZADOS BOREAL, S.L., ALTOS DE LA CONDOMINA, 15, VILLENA, 03400 (ALICANTE) oder per E-Mail an &#x69;&#x6e;&#x66;&#x6f;&#x40;&#x62;&#x6f;&#x72;&#101;&#97;&#108;&#111;&#117;&#116;&#100;oor&#46;&#x63;&#x6f;&#x6d;, unter Angabe und Spezifizierung Ihrer Anfrage.<\/em><\/p>\n\n<p><em>In kommerziellen Mitteilungen, einschlie\u00dflich Newslettern, k\u00f6nnen Sie Ihre erteilte Einwilligung widerrufen, indem Sie eine E-Mail an &#x69;&#110;f&#x6f;&#64;b&#x6f;&#x72;&#101;&#x61;&#x6c;&#111;u&#x74;&#100;o&#x6f;&#x72;&#46;&#x63;&#x6f;&#109; senden und im Betreff &#8222;Abmeldung des Kommunikationsdienstes&#8220; angeben oder auf den Abmelde-Link klicken, wenn dies in der E-Mail angegeben ist.<\/em><\/p>\n\n<p><strong>SICHERHEITSMASSNAHMEN<\/strong><\/p>\n\n<p>Gem\u00e4\u00df den geltenden Datenschutzbestimmungen erf\u00fcllt der VERANTWORTLICHE alle Bestimmungen der Datenschutz-Grundverordnung (DSGVO) f\u00fcr die Verarbeitung der personenbezogenen Daten in seiner Verantwortung und ausdr\u00fccklich die Grunds\u00e4tze des Artikels 5, wonach sie rechtm\u00e4\u00dfig, fair und transparent im Hinblick auf die betroffene Person sowie angemessen, zweckm\u00e4\u00dfig und auf das f\u00fcr die Zwecke der Verarbeitung notwendige Ma\u00df beschr\u00e4nkt werden. Der VERANTWORTLICHE garantiert, dass er angemessene technische und organisatorische Richtlinien umgesetzt hat, um die im Rahmen der DSGVO vorgesehenen Sicherheitsma\u00dfnahmen zu gew\u00e4hrleisten und die Rechte und Freiheiten der Benutzer zu sch\u00fctzen. Die Benutzer wurden angemessen informiert, um ihre Rechte aus\u00fcben zu k\u00f6nnen. <\/p>\n\n<p><strong>AKZEPTANZ UND EINWILLIGUNG<\/strong><\/p>\n\n<p>Der Nutzer erkl\u00e4rt, dass er \u00fcber unsere Datenschutzrichtlinie informiert wurde und der Verarbeitung seiner Daten zu den zuvor genannten Zwecken zustimmt. Es wird darauf hingewiesen, dass einige Dienstleistungen auf der Website besondere Bedingungen haben k\u00f6nnen, in diesem Fall werden die Benutzer entsprechend informiert. <\/p>\n","protected":false},"excerpt":{"rendered":"<p>DATENSCHUTZRICHTLINIE DER WEBSITE www.borealoutdoor.com Diese Datenschutzrichtlinie beschreibt, wie wir Informationen sammeln, wof\u00fcr wir sie verwenden und wie wir sie verwalten. Ihre Privatsph\u00e4re ist uns wichtig, und wir legen gro\u00dfen Wert darauf. Deshalb m\u00f6chten wir unser uneingeschr\u00e4nktes Engagement f\u00fcr den Schutz [&hellip;]<\/p>\n","protected":false},"author":1,"featured_media":0,"parent":0,"menu_order":0,"comment_status":"closed","ping_status":"closed","template":"","meta":[],"yoast_head":"<!-- This site is optimized with the Yoast SEO plugin v21.8.1 - https:\/\/yoast.com\/wordpress\/plugins\/seo\/ -->\n<title>Datenschutzrichtlinie - Boreal World<\/title>\n<meta name=\"robots\" content=\"index, follow, max-snippet:-1, max-image-preview:large, max-video-preview:-1\" \/>\n<link rel=\"canonical\" href=\"https:\/\/world.borealoutdoor.com\/de\/datenschutzrichtlinie\/\" \/>\n<meta property=\"og:locale\" content=\"de_DE\" \/>\n<meta property=\"og:type\" content=\"article\" \/>\n<meta property=\"og:title\" content=\"Datenschutzrichtlinie - Boreal World\" \/>\n<meta property=\"og:description\" content=\"DATENSCHUTZRICHTLINIE DER WEBSITE www.borealoutdoor.com Diese Datenschutzrichtlinie beschreibt, wie wir Informationen sammeln, wof\u00fcr wir sie verwenden und wie wir sie verwalten. Ihre Privatsph\u00e4re ist uns wichtig, und wir legen gro\u00dfen Wert darauf. Deshalb m\u00f6chten wir unser uneingeschr\u00e4nktes Engagement f\u00fcr den Schutz [&hellip;]\" \/>\n<meta property=\"og:url\" content=\"https:\/\/world.borealoutdoor.com\/de\/datenschutzrichtlinie\/\" \/>\n<meta property=\"og:site_name\" content=\"Boreal World\" \/>\n<meta property=\"article:publisher\" content=\"https:\/\/www.facebook.com\/Boreal.official\/\" \/>\n<meta property=\"article:modified_time\" content=\"2024-04-03T14:52:58+00:00\" \/>\n<meta name=\"twitter:card\" content=\"summary_large_image\" \/>\n<meta name=\"twitter:site\" content=\"@borealoutdoor\" \/>\n<meta name=\"twitter:label1\" content=\"Gesch\u00e4tzte Lesezeit\" \/>\n\t<meta name=\"twitter:data1\" content=\"6 Minuten\" \/>\n<script type=\"application\/ld+json\" class=\"yoast-schema-graph\">{\"@context\":\"https:\/\/schema.org\",\"@graph\":[{\"@type\":\"WebPage\",\"@id\":\"https:\/\/world.borealoutdoor.com\/de\/datenschutzrichtlinie\/\",\"url\":\"https:\/\/world.borealoutdoor.com\/de\/datenschutzrichtlinie\/\",\"name\":\"Datenschutzrichtlinie - Boreal World\",\"isPartOf\":{\"@id\":\"https:\/\/world.borealoutdoor.com\/de\/#website\"},\"datePublished\":\"2023-01-16T08:51:17+00:00\",\"dateModified\":\"2024-04-03T14:52:58+00:00\",\"breadcrumb\":{\"@id\":\"https:\/\/world.borealoutdoor.com\/de\/datenschutzrichtlinie\/#breadcrumb\"},\"inLanguage\":\"de-DE\",\"potentialAction\":[{\"@type\":\"ReadAction\",\"target\":[\"https:\/\/world.borealoutdoor.com\/de\/datenschutzrichtlinie\/\"]}]},{\"@type\":\"BreadcrumbList\",\"@id\":\"https:\/\/world.borealoutdoor.com\/de\/datenschutzrichtlinie\/#breadcrumb\",\"itemListElement\":[{\"@type\":\"ListItem\",\"position\":1,\"name\":\"Portada\",\"item\":\"https:\/\/world.borealoutdoor.com\/de\/\"},{\"@type\":\"ListItem\",\"position\":2,\"name\":\"Datenschutzrichtlinie\"}]},{\"@type\":\"WebSite\",\"@id\":\"https:\/\/world.borealoutdoor.com\/de\/#website\",\"url\":\"https:\/\/world.borealoutdoor.com\/de\/\",\"name\":\"Boreal\",\"description\":\"\",\"publisher\":{\"@id\":\"https:\/\/world.borealoutdoor.com\/de\/#organization\"},\"potentialAction\":[{\"@type\":\"SearchAction\",\"target\":{\"@type\":\"EntryPoint\",\"urlTemplate\":\"https:\/\/world.borealoutdoor.com\/de\/?s={search_term_string}\"},\"query-input\":\"required name=search_term_string\"}],\"inLanguage\":\"de-DE\"},{\"@type\":\"Organization\",\"@id\":\"https:\/\/world.borealoutdoor.com\/de\/#organization\",\"name\":\"Boreal\",\"url\":\"https:\/\/world.borealoutdoor.com\/de\/\",\"logo\":{\"@type\":\"ImageObject\",\"inLanguage\":\"de-DE\",\"@id\":\"https:\/\/world.borealoutdoor.com\/de\/#\/schema\/logo\/image\/\",\"url\":\"https:\/\/world.borealoutdoor.com\/wp-content\/uploads\/sites\/7\/2023\/11\/logo-vertical2.png\",\"contentUrl\":\"https:\/\/world.borealoutdoor.com\/wp-content\/uploads\/sites\/7\/2023\/11\/logo-vertical2.png\",\"width\":257,\"height\":168,\"caption\":\"Boreal\"},\"image\":{\"@id\":\"https:\/\/world.borealoutdoor.com\/de\/#\/schema\/logo\/image\/\"},\"sameAs\":[\"https:\/\/www.facebook.com\/Boreal.official\/\",\"https:\/\/twitter.com\/borealoutdoor\",\"https:\/\/www.youtube.com\/user\/BorealVideos\",\"https:\/\/www.instagram.com\/borealoutdoor\/\"]}]}<\/script>\n<!-- \/ Yoast SEO plugin. -->","yoast_head_json":{"title":"Datenschutzrichtlinie - Boreal World","robots":{"index":"index","follow":"follow","max-snippet":"max-snippet:-1","max-image-preview":"max-image-preview:large","max-video-preview":"max-video-preview:-1"},"canonical":"https:\/\/world.borealoutdoor.com\/de\/datenschutzrichtlinie\/","og_locale":"de_DE","og_type":"article","og_title":"Datenschutzrichtlinie - Boreal World","og_description":"DATENSCHUTZRICHTLINIE DER WEBSITE www.borealoutdoor.com Diese Datenschutzrichtlinie beschreibt, wie wir Informationen sammeln, wof\u00fcr wir sie verwenden und wie wir sie verwalten. Ihre Privatsph\u00e4re ist uns wichtig, und wir legen gro\u00dfen Wert darauf. Deshalb m\u00f6chten wir unser uneingeschr\u00e4nktes Engagement f\u00fcr den Schutz [&hellip;]","og_url":"https:\/\/world.borealoutdoor.com\/de\/datenschutzrichtlinie\/","og_site_name":"Boreal World","article_publisher":"https:\/\/www.facebook.com\/Boreal.official\/","article_modified_time":"2024-04-03T14:52:58+00:00","twitter_card":"summary_large_image","twitter_site":"@borealoutdoor","twitter_misc":{"Gesch\u00e4tzte Lesezeit":"6 Minuten"},"schema":{"@context":"https:\/\/schema.org","@graph":[{"@type":"WebPage","@id":"https:\/\/world.borealoutdoor.com\/de\/datenschutzrichtlinie\/","url":"https:\/\/world.borealoutdoor.com\/de\/datenschutzrichtlinie\/","name":"Datenschutzrichtlinie - Boreal World","isPartOf":{"@id":"https:\/\/world.borealoutdoor.com\/de\/#website"},"datePublished":"2023-01-16T08:51:17+00:00","dateModified":"2024-04-03T14:52:58+00:00","breadcrumb":{"@id":"https:\/\/world.borealoutdoor.com\/de\/datenschutzrichtlinie\/#breadcrumb"},"inLanguage":"de-DE","potentialAction":[{"@type":"ReadAction","target":["https:\/\/world.borealoutdoor.com\/de\/datenschutzrichtlinie\/"]}]},{"@type":"BreadcrumbList","@id":"https:\/\/world.borealoutdoor.com\/de\/datenschutzrichtlinie\/#breadcrumb","itemListElement":[{"@type":"ListItem","position":1,"name":"Portada","item":"https:\/\/world.borealoutdoor.com\/de\/"},{"@type":"ListItem","position":2,"name":"Datenschutzrichtlinie"}]},{"@type":"WebSite","@id":"https:\/\/world.borealoutdoor.com\/de\/#website","url":"https:\/\/world.borealoutdoor.com\/de\/","name":"Boreal","description":"","publisher":{"@id":"https:\/\/world.borealoutdoor.com\/de\/#organization"},"potentialAction":[{"@type":"SearchAction","target":{"@type":"EntryPoint","urlTemplate":"https:\/\/world.borealoutdoor.com\/de\/?s={search_term_string}"},"query-input":"required name=search_term_string"}],"inLanguage":"de-DE"},{"@type":"Organization","@id":"https:\/\/world.borealoutdoor.com\/de\/#organization","name":"Boreal","url":"https:\/\/world.borealoutdoor.com\/de\/","logo":{"@type":"ImageObject","inLanguage":"de-DE","@id":"https:\/\/world.borealoutdoor.com\/de\/#\/schema\/logo\/image\/","url":"https:\/\/world.borealoutdoor.com\/wp-content\/uploads\/sites\/7\/2023\/11\/logo-vertical2.png","contentUrl":"https:\/\/world.borealoutdoor.com\/wp-content\/uploads\/sites\/7\/2023\/11\/logo-vertical2.png","width":257,"height":168,"caption":"Boreal"},"image":{"@id":"https:\/\/world.borealoutdoor.com\/de\/#\/schema\/logo\/image\/"},"sameAs":["https:\/\/www.facebook.com\/Boreal.official\/","https:\/\/twitter.com\/borealoutdoor","https:\/\/www.youtube.com\/user\/BorealVideos","https:\/\/www.instagram.com\/borealoutdoor\/"]}]}},"_links":{"self":[{"href":"https:\/\/world.borealoutdoor.com\/de\/wp-json\/wp\/v2\/pages\/41165"}],"collection":[{"href":"https:\/\/world.borealoutdoor.com\/de\/wp-json\/wp\/v2\/pages"}],"about":[{"href":"https:\/\/world.borealoutdoor.com\/de\/wp-json\/wp\/v2\/types\/page"}],"author":[{"embeddable":true,"href":"https:\/\/world.borealoutdoor.com\/de\/wp-json\/wp\/v2\/users\/1"}],"replies":[{"embeddable":true,"href":"https:\/\/world.borealoutdoor.com\/de\/wp-json\/wp\/v2\/comments?post=41165"}],"version-history":[{"count":3,"href":"https:\/\/world.borealoutdoor.com\/de\/wp-json\/wp\/v2\/pages\/41165\/revisions"}],"predecessor-version":[{"id":41178,"href":"https:\/\/world.borealoutdoor.com\/de\/wp-json\/wp\/v2\/pages\/41165\/revisions\/41178"}],"wp:attachment":[{"href":"https:\/\/world.borealoutdoor.com\/de\/wp-json\/wp\/v2\/media?parent=41165"}],"curies":[{"name":"wp","href":"https:\/\/api.w.org\/{rel}","templated":true}]}}