{"id":41156,"date":"2023-01-16T09:52:20","date_gmt":"2023-01-16T08:52:20","guid":{"rendered":"https:\/\/world.borealoutdoor.com\/impressum\/"},"modified":"2024-01-24T12:15:36","modified_gmt":"2024-01-24T11:15:36","slug":"impressum","status":"publish","type":"page","link":"https:\/\/world.borealoutdoor.com\/de\/impressum\/","title":{"rendered":"Impressum"},"content":{"rendered":"\n<p>Mit dem Ziel, den Bestimmungen des Artikels 10 des Gesetzes 34\/2002 \u00fcber die Dienste der Informationsgesellschaft und des elektronischen Gesch\u00e4ftsverkehrs nachzukommen, informieren wir den Benutzer \u00fcber unsere Daten:<\/p>\n\n<p>Firmenname: CALZADOS BOREAL, S.L.<br\/>Gesch\u00e4ftssitz: ALTOS DE LA CONDOMINA, 15 &#8211; 03400 &#8211; VILLENA &#8211; ALICANTE<br\/>Steuernummer (NIF): B03091527<br\/>Telefon: +34 965800589<br\/>E-Mail: &#105;n&#x66;o&#x40;&#98;&#x6f;&#114;&#x65;&#97;l&#x6f;u&#x74;&#100;&#x6f;&#111;&#x72;&#46;&#x63;&#111;m<\/p>\n\n<p>Handelsregistereintrag: Eingetragen im Handelsregister von ALICANTE, Band 548, Buch 199, Blatt 4742, Eintragung 1 am 7. Oktober 1981<\/p>\n\n<p>Website: www.borealoutdoor.com<\/p>\n\n<p><strong>Zweck<\/strong><\/p>\n\n<p>Der Anbieter, der f\u00fcr die Website verantwortlich ist, stellt den Benutzern dieses Dokuments zur Verf\u00fcgung, um die Verpflichtungen gem\u00e4\u00df dem Gesetz 34\/2002 \u00fcber die Dienste der Informationsgesellschaft und des elektronischen Gesch\u00e4ftsverkehrs (LSSI-CE) zu erf\u00fcllen und alle Benutzer der Website \u00fcber die Nutzungsbedingungen der Website zu informieren. Jede Person, die auf diese Website zugreift, \u00fcbernimmt die Rolle des Benutzers und verpflichtet sich zur strikten Einhaltung der hier festgelegten Bestimmungen sowie aller anderen anwendbaren gesetzlichen Bestimmungen. Der Anbieter beh\u00e4lt sich das Recht vor, alle Informationen auf der Website zu \u00e4ndern, ohne die Benutzer dar\u00fcber informieren zu m\u00fcssen. Es gilt als ausreichend, dies auf der Website des Anbieters zu ver\u00f6ffentlichen.  <\/p>\n\n<p><strong>Verantwortlichkeit<\/strong><\/p>\n\n<p>Der Anbieter \u00fcbernimmt keine Verantwortung f\u00fcr Informationen, die auf seiner Website ver\u00f6ffentlicht werden, sofern diese Informationen von Dritten au\u00dferhalb des Anbieters manipuliert oder eingef\u00fchrt wurden. Die Website des Anbieters kann Cookies verwenden (kleine Informationsdateien, die der Server an das Ger\u00e4t sendet, das auf die Seite zugreift). Weitere Informationen finden Sie in unserer Cookie-Richtlinie.  <\/p>\n\n<p>Vom Kunden aus der Website heraus kann auf Inhalte von Dritt-Websites verlinkt werden. Da der Anbieter die von Dritten auf ihren Websites eingef\u00fchrten Inhalte nicht immer kontrollieren kann, \u00fcbernimmt er keine Verantwortung f\u00fcr solche Inhalte. In jedem Fall erkl\u00e4rt der Anbieter, dass er sich sofort zur\u00fcckziehen wird, wenn Inhalte gegen nationales oder internationales Recht, Moral oder \u00f6ffentliche Ordnung versto\u00dfen, und dass er die Beh\u00f6rden unverz\u00fcglich \u00fcber den betreffenden Inhalt informieren wird. <\/p>\n\n<p>Der Anbieter ist nicht verantwortlich f\u00fcr Informationen und Inhalte, die in Foren, Chats, Blog-Generatoren, Kommentaren, sozialen Netzwerken oder jedem anderen Medium gespeichert sind, das es Dritten erm\u00f6glicht, unabh\u00e4ngig Inhalte auf der Website des Anbieters zu ver\u00f6ffentlichen. Ungeachtet dessen und in \u00dcbereinstimmung mit den Bestimmungen von Art. 11 und 16 des LSSI-CE stellt der Anbieter allen Benutzern, Beh\u00f6rden und Sicherheitskr\u00e4ften seine Zusammenarbeit zur Verf\u00fcgung und arbeitet aktiv an der Entfernung oder gegebenenfalls am Blockieren von Inhalten mit, die gegen nationales oder internationales Recht versto\u00dfen k\u00f6nnten, die Rechte Dritter oder die Moral und die \u00f6ffentliche Ordnung beeintr\u00e4chtigen k\u00f6nnten. Wenn ein Benutzer der Meinung ist, dass auf der Website Inhalte vorhanden sind, die dieser Klassifikation entsprechen k\u00f6nnten, wird darum gebeten, dies dem Administrator der Website umgehend mitzuteilen.  <\/p>\n\n<p>Diese Website wurde \u00fcberpr\u00fcft und getestet, um sicherzustellen, dass sie ordnungsgem\u00e4\u00df funktioniert. Im Prinzip kann der ordnungsgem\u00e4\u00dfe Betrieb an 365 Tagen im Jahr, 24 Stunden am Tag gew\u00e4hrleistet werden. Der Anbieter schlie\u00dft jedoch nicht aus, dass Programmierfehler oder h\u00f6here Gewalt, Naturkatastrophen, Streiks oder \u00e4hnliche Umst\u00e4nde auftreten k\u00f6nnen, die den Zugriff auf die Website unm\u00f6glich machen.  <\/p>\n\n<p><strong>Geistiges und gewerbliches Eigentum<\/strong><\/p>\n\n<p>Die Website, einschlie\u00dflich ihrer Programmierung, Bearbeitung, Kompilierung und anderer f\u00fcr ihren Betrieb erforderlicher Elemente, sowie Designs, Logos, Texte und\/oder Grafiken, ist Eigentum des Anbieters oder verf\u00fcgt im Falle von Lizenz oder ausdr\u00fccklicher Genehmigung der Autoren \u00fcber eine Lizenz. Alle Inhalte der Website sind ordnungsgem\u00e4\u00df durch Gesetze zum geistigen und gewerblichen Eigentum gesch\u00fctzt und in den entsprechenden \u00f6ffentlichen Registern eingetragen. <\/p>\n\n<p>Unabh\u00e4ngig von dem Zweck, f\u00fcr den sie bestimmt sind, erfordert die vollst\u00e4ndige oder teilweise Vervielf\u00e4ltigung, Nutzung, Nutzung, Verbreitung und Vermarktung in jedem Fall die vorherige schriftliche Genehmigung des Anbieters. Jede nicht zuvor vom Anbieter genehmigte Nutzung wird als schwerwiegender Versto\u00df gegen die geistigen oder gewerblichen Eigentumsrechte des Autors betrachtet. <\/p>\n\n<p>Die Designs, Logos, Texte und\/oder Grafiken, die nicht dem Anbieter geh\u00f6ren und auf der Website erscheinen k\u00f6nnen, geh\u00f6ren ihren jeweiligen Eigent\u00fcmern, die selbst f\u00fcr etwaige Kontroversen in Bezug auf sie verantwortlich sind. In jedem Fall hat der Anbieter die ausdr\u00fcckliche und vorherige Genehmigung von ihnen. <\/p>\n\n<p>Der Anbieter gestattet ausdr\u00fccklich nicht, dass Dritte direkt auf bestimmte Inhalte der Website verlinken, sondern sie m\u00fcssen in jedem Fall auf die Hauptwebsite des Anbieters verweisen.<\/p>\n\n<p>Der Anbieter erkennt den Inhabern die entsprechenden Rechte an geistigem und gewerblichem Eigentum zu, wobei die alleinige Erw\u00e4hnung oder Anzeige auf der Website nicht die Existenz von Rechten oder Verantwortlichkeiten des Anbieters in Bezug auf sie impliziert, noch eine Unterst\u00fctzung, F\u00f6rderung oder Empfehlung durch den Anbieter darstellt.  Um etwaige Verst\u00f6\u00dfe gegen geistige oder gewerbliche Schutzrechte oder andere Inhalte der Website zu melden, kann dies per E-Mail an folgende Adresse erfolgen: in&#102;&#111;&#x40;&#x62;&#x6f;&#x72;ea&#108;&#111;&#x75;&#x74;&#x64;&#x6f;or&#46;&#99;&#111;&#x6d;.<\/p>\n\n<p><strong>Wahrheitsgem\u00e4\u00dfkeit der Informationen und Minderj\u00e4hrige<\/strong><\/p>\n\n<p>Die vom Benutzer bereitgestellten Informationen m\u00fcssen wahrheitsgem\u00e4\u00df sein. Zu diesem Zweck garantiert der Benutzer die Authentizit\u00e4t der \u00fcber die Formulare zur Anmeldung der Dienste \u00fcbermittelten Daten. Der Benutzer ist daf\u00fcr verantwortlich, alle dem Unternehmen CALZADOS BOREAL, S.L. zur Verf\u00fcgung gestellten Informationen st\u00e4ndig auf dem neuesten Stand zu halten, so dass sie jederzeit seiner realen Situation entsprechen. In jedem Fall ist der Benutzer allein verantwortlich f\u00fcr falsche oder ungenaue Angaben sowie f\u00fcr Sch\u00e4den, die dem Anbieter oder Dritten dadurch entstehen. In Bezug auf die Nutzung der Dienste dieser Website m\u00fcssen Minderj\u00e4hrige immer die vorherige Zustimmung ihrer Eltern, Erziehungsberechtigten oder rechtlichen Vertreter einholen, die letzten Endes f\u00fcr alle Handlungen verantwortlich sind, die von den Minderj\u00e4hrigen unter ihrer Obhut durchgef\u00fchrt werden. Die Verantwortung f\u00fcr die Auswahl konkreter Inhalte, auf die Minderj\u00e4hrige zugreifen, liegt bei diesen. Daher sollten sie auf ihren Computern Mechanismen, insbesondere Softwareprogramme, Filter und Sperren, einrichten, um den Zugriff auf verf\u00fcgbare Inhalte zu begrenzen. Obwohl sie nicht fehlerfrei sind, sind sie besonders n\u00fctzlich, um den Zugriff von Minderj\u00e4hrigen auf Materialien zu \u00fcberwachen und zu beschr\u00e4nken.       <\/p>\n\n<p><strong>Verpflichtung zur ordnungsgem\u00e4\u00dfen Nutzung des Internets<\/strong><\/p>\n\n<p>Der Benutzer verpflichtet sich, die Website gem\u00e4\u00df dem Gesetz und diesem rechtlichen Hinweis sowie nach Moral und guten Sitten zu nutzen. Zu diesem Zweck wird der Benutzer auf die Verwendung der Seite f\u00fcr rechtswidrige oder verbotene Zwecke, die die Rechte und Interessen Dritter beeintr\u00e4chtigen k\u00f6nnten, oder die auf irgendeine Weise die normale Nutzung von Informatikger\u00e4ten oder Dokumenten, Dateien und jeglichem Inhalt, der auf einem Informatikger\u00e4t des Anbieters gespeichert ist, sch\u00e4digen, deaktivieren, \u00fcberlasten, verschlechtern oder verhindern k\u00f6nnte, verzichten. Insbesondere und beispielhaft verpflichtet sich der Benutzer, keine Informationen, Daten, Inhalte, Nachrichten, Grafiken, Zeichnungen, Ton- oder Bilddateien, Fotos, Aufnahmen, Software und im Allgemeinen kein Material an Dritte zu \u00fcbertragen, zu verbreiten oder zur Verf\u00fcgung zu stellen, das:  <\/p>\n\n<p>(a) den Grundrechten und Freiheiten, die verfassungsrechtlich, in internationalen Vertr\u00e4gen und anderen geltenden Vorschriften anerkannt sind, entgegensteht, diese verachtet oder beeintr\u00e4chtigt;<\/p>\n\n<p>(b) zu deliktischen, beleidigenden, diffamierenden, gewaltt\u00e4tigen oder im Allgemeinen gesetzwidrigen Handlungen anstiftet, anregt oder f\u00f6rdert;<\/p>\n\n<p>(c) zu diskriminierenden Handlungen, Haltungen oder Gedanken aufgrund von Geschlecht, Rasse, Religion, Glauben, Alter oder Zustand anstiftet, anregt oder f\u00f6rdert;<\/p>\n\n<p>(d) dem Recht auf Ehre, pers\u00f6nliche oder famili\u00e4re Intimit\u00e4t oder dem eigenen Bild der Menschen entgegensteht;<\/p>\n\n<p>(e) in irgendeiner Weise die Glaubw\u00fcrdigkeit des Anbieters oder Dritter beeintr\u00e4chtigt; und<\/p>\n\n<p>(f) rechtswidrige, irref\u00fchrende oder unlautere Werbung darstellt.<\/p>\n\n<p><strong>Geltendes Recht und Gerichtsstand<\/strong><\/p>\n\n<p>Zur L\u00f6sung aller Streitigkeiten oder Fragen im Zusammenhang mit dieser Website oder den darin durchgef\u00fchrten Aktivit\u00e4ten gilt spanisches Recht, dem sich die Parteien ausdr\u00fccklich unterwerfen. Zust\u00e4ndig f\u00fcr die L\u00f6sung aller Konflikte, die sich aus oder im Zusammenhang mit ihrer Nutzung ergeben, sind die Gerichte und Tribunale von VILLENA.<\/p>\n","protected":false},"excerpt":{"rendered":"<p>Mit dem Ziel, den Bestimmungen des Artikels 10 des Gesetzes 34\/2002 \u00fcber die Dienste der Informationsgesellschaft und des elektronischen Gesch\u00e4ftsverkehrs nachzukommen, informieren wir den Benutzer \u00fcber unsere Daten: Firmenname: CALZADOS BOREAL, S.L.Gesch\u00e4ftssitz: ALTOS DE LA CONDOMINA, 15 &#8211; 03400 &#8211; [&hellip;]<\/p>\n","protected":false},"author":1,"featured_media":0,"parent":0,"menu_order":0,"comment_status":"closed","ping_status":"closed","template":"","meta":[],"yoast_head":"<!-- This site is optimized with the Yoast SEO plugin v21.8.1 - https:\/\/yoast.com\/wordpress\/plugins\/seo\/ -->\n<title>Impressum - Boreal World<\/title>\n<meta name=\"robots\" content=\"index, follow, max-snippet:-1, max-image-preview:large, max-video-preview:-1\" \/>\n<link rel=\"canonical\" href=\"https:\/\/world.borealoutdoor.com\/de\/impressum\/\" \/>\n<meta property=\"og:locale\" content=\"de_DE\" \/>\n<meta property=\"og:type\" content=\"article\" \/>\n<meta property=\"og:title\" content=\"Impressum - Boreal World\" \/>\n<meta property=\"og:description\" content=\"Mit dem Ziel, den Bestimmungen des Artikels 10 des Gesetzes 34\/2002 \u00fcber die Dienste der Informationsgesellschaft und des elektronischen Gesch\u00e4ftsverkehrs nachzukommen, informieren wir den Benutzer \u00fcber unsere Daten: Firmenname: CALZADOS BOREAL, S.L.Gesch\u00e4ftssitz: ALTOS DE LA CONDOMINA, 15 &#8211; 03400 &#8211; [&hellip;]\" \/>\n<meta property=\"og:url\" content=\"https:\/\/world.borealoutdoor.com\/de\/impressum\/\" \/>\n<meta property=\"og:site_name\" content=\"Boreal World\" \/>\n<meta property=\"article:publisher\" content=\"https:\/\/www.facebook.com\/Boreal.official\/\" \/>\n<meta property=\"article:modified_time\" content=\"2024-01-24T11:15:36+00:00\" \/>\n<meta name=\"twitter:card\" content=\"summary_large_image\" \/>\n<meta name=\"twitter:site\" content=\"@borealoutdoor\" \/>\n<meta name=\"twitter:label1\" content=\"Gesch\u00e4tzte Lesezeit\" \/>\n\t<meta name=\"twitter:data1\" content=\"6 Minuten\" \/>\n<script type=\"application\/ld+json\" class=\"yoast-schema-graph\">{\"@context\":\"https:\/\/schema.org\",\"@graph\":[{\"@type\":\"WebPage\",\"@id\":\"https:\/\/world.borealoutdoor.com\/de\/impressum\/\",\"url\":\"https:\/\/world.borealoutdoor.com\/de\/impressum\/\",\"name\":\"Impressum - Boreal World\",\"isPartOf\":{\"@id\":\"https:\/\/world.borealoutdoor.com\/de\/#website\"},\"datePublished\":\"2023-01-16T08:52:20+00:00\",\"dateModified\":\"2024-01-24T11:15:36+00:00\",\"breadcrumb\":{\"@id\":\"https:\/\/world.borealoutdoor.com\/de\/impressum\/#breadcrumb\"},\"inLanguage\":\"de-DE\",\"potentialAction\":[{\"@type\":\"ReadAction\",\"target\":[\"https:\/\/world.borealoutdoor.com\/de\/impressum\/\"]}]},{\"@type\":\"BreadcrumbList\",\"@id\":\"https:\/\/world.borealoutdoor.com\/de\/impressum\/#breadcrumb\",\"itemListElement\":[{\"@type\":\"ListItem\",\"position\":1,\"name\":\"Portada\",\"item\":\"https:\/\/world.borealoutdoor.com\/de\/\"},{\"@type\":\"ListItem\",\"position\":2,\"name\":\"Impressum\"}]},{\"@type\":\"WebSite\",\"@id\":\"https:\/\/world.borealoutdoor.com\/de\/#website\",\"url\":\"https:\/\/world.borealoutdoor.com\/de\/\",\"name\":\"Boreal\",\"description\":\"\",\"publisher\":{\"@id\":\"https:\/\/world.borealoutdoor.com\/de\/#organization\"},\"potentialAction\":[{\"@type\":\"SearchAction\",\"target\":{\"@type\":\"EntryPoint\",\"urlTemplate\":\"https:\/\/world.borealoutdoor.com\/de\/?s={search_term_string}\"},\"query-input\":\"required name=search_term_string\"}],\"inLanguage\":\"de-DE\"},{\"@type\":\"Organization\",\"@id\":\"https:\/\/world.borealoutdoor.com\/de\/#organization\",\"name\":\"Boreal\",\"url\":\"https:\/\/world.borealoutdoor.com\/de\/\",\"logo\":{\"@type\":\"ImageObject\",\"inLanguage\":\"de-DE\",\"@id\":\"https:\/\/world.borealoutdoor.com\/de\/#\/schema\/logo\/image\/\",\"url\":\"https:\/\/world.borealoutdoor.com\/wp-content\/uploads\/sites\/7\/2023\/11\/logo-vertical2.png\",\"contentUrl\":\"https:\/\/world.borealoutdoor.com\/wp-content\/uploads\/sites\/7\/2023\/11\/logo-vertical2.png\",\"width\":257,\"height\":168,\"caption\":\"Boreal\"},\"image\":{\"@id\":\"https:\/\/world.borealoutdoor.com\/de\/#\/schema\/logo\/image\/\"},\"sameAs\":[\"https:\/\/www.facebook.com\/Boreal.official\/\",\"https:\/\/twitter.com\/borealoutdoor\",\"https:\/\/www.youtube.com\/user\/BorealVideos\",\"https:\/\/www.instagram.com\/borealoutdoor\/\"]}]}<\/script>\n<!-- \/ Yoast SEO plugin. -->","yoast_head_json":{"title":"Impressum - Boreal World","robots":{"index":"index","follow":"follow","max-snippet":"max-snippet:-1","max-image-preview":"max-image-preview:large","max-video-preview":"max-video-preview:-1"},"canonical":"https:\/\/world.borealoutdoor.com\/de\/impressum\/","og_locale":"de_DE","og_type":"article","og_title":"Impressum - Boreal World","og_description":"Mit dem Ziel, den Bestimmungen des Artikels 10 des Gesetzes 34\/2002 \u00fcber die Dienste der Informationsgesellschaft und des elektronischen Gesch\u00e4ftsverkehrs nachzukommen, informieren wir den Benutzer \u00fcber unsere Daten: Firmenname: CALZADOS BOREAL, S.L.Gesch\u00e4ftssitz: ALTOS DE LA CONDOMINA, 15 &#8211; 03400 &#8211; [&hellip;]","og_url":"https:\/\/world.borealoutdoor.com\/de\/impressum\/","og_site_name":"Boreal World","article_publisher":"https:\/\/www.facebook.com\/Boreal.official\/","article_modified_time":"2024-01-24T11:15:36+00:00","twitter_card":"summary_large_image","twitter_site":"@borealoutdoor","twitter_misc":{"Gesch\u00e4tzte Lesezeit":"6 Minuten"},"schema":{"@context":"https:\/\/schema.org","@graph":[{"@type":"WebPage","@id":"https:\/\/world.borealoutdoor.com\/de\/impressum\/","url":"https:\/\/world.borealoutdoor.com\/de\/impressum\/","name":"Impressum - Boreal World","isPartOf":{"@id":"https:\/\/world.borealoutdoor.com\/de\/#website"},"datePublished":"2023-01-16T08:52:20+00:00","dateModified":"2024-01-24T11:15:36+00:00","breadcrumb":{"@id":"https:\/\/world.borealoutdoor.com\/de\/impressum\/#breadcrumb"},"inLanguage":"de-DE","potentialAction":[{"@type":"ReadAction","target":["https:\/\/world.borealoutdoor.com\/de\/impressum\/"]}]},{"@type":"BreadcrumbList","@id":"https:\/\/world.borealoutdoor.com\/de\/impressum\/#breadcrumb","itemListElement":[{"@type":"ListItem","position":1,"name":"Portada","item":"https:\/\/world.borealoutdoor.com\/de\/"},{"@type":"ListItem","position":2,"name":"Impressum"}]},{"@type":"WebSite","@id":"https:\/\/world.borealoutdoor.com\/de\/#website","url":"https:\/\/world.borealoutdoor.com\/de\/","name":"Boreal","description":"","publisher":{"@id":"https:\/\/world.borealoutdoor.com\/de\/#organization"},"potentialAction":[{"@type":"SearchAction","target":{"@type":"EntryPoint","urlTemplate":"https:\/\/world.borealoutdoor.com\/de\/?s={search_term_string}"},"query-input":"required name=search_term_string"}],"inLanguage":"de-DE"},{"@type":"Organization","@id":"https:\/\/world.borealoutdoor.com\/de\/#organization","name":"Boreal","url":"https:\/\/world.borealoutdoor.com\/de\/","logo":{"@type":"ImageObject","inLanguage":"de-DE","@id":"https:\/\/world.borealoutdoor.com\/de\/#\/schema\/logo\/image\/","url":"https:\/\/world.borealoutdoor.com\/wp-content\/uploads\/sites\/7\/2023\/11\/logo-vertical2.png","contentUrl":"https:\/\/world.borealoutdoor.com\/wp-content\/uploads\/sites\/7\/2023\/11\/logo-vertical2.png","width":257,"height":168,"caption":"Boreal"},"image":{"@id":"https:\/\/world.borealoutdoor.com\/de\/#\/schema\/logo\/image\/"},"sameAs":["https:\/\/www.facebook.com\/Boreal.official\/","https:\/\/twitter.com\/borealoutdoor","https:\/\/www.youtube.com\/user\/BorealVideos","https:\/\/www.instagram.com\/borealoutdoor\/"]}]}},"_links":{"self":[{"href":"https:\/\/world.borealoutdoor.com\/de\/wp-json\/wp\/v2\/pages\/41156"}],"collection":[{"href":"https:\/\/world.borealoutdoor.com\/de\/wp-json\/wp\/v2\/pages"}],"about":[{"href":"https:\/\/world.borealoutdoor.com\/de\/wp-json\/wp\/v2\/types\/page"}],"author":[{"embeddable":true,"href":"https:\/\/world.borealoutdoor.com\/de\/wp-json\/wp\/v2\/users\/1"}],"replies":[{"embeddable":true,"href":"https:\/\/world.borealoutdoor.com\/de\/wp-json\/wp\/v2\/comments?post=41156"}],"version-history":[{"count":1,"href":"https:\/\/world.borealoutdoor.com\/de\/wp-json\/wp\/v2\/pages\/41156\/revisions"}],"predecessor-version":[{"id":41157,"href":"https:\/\/world.borealoutdoor.com\/de\/wp-json\/wp\/v2\/pages\/41156\/revisions\/41157"}],"wp:attachment":[{"href":"https:\/\/world.borealoutdoor.com\/de\/wp-json\/wp\/v2\/media?parent=41156"}],"curies":[{"name":"wp","href":"https:\/\/api.w.org\/{rel}","templated":true}]}}